{"id":961,"date":"2021-04-16T10:22:04","date_gmt":"2021-04-16T08:22:04","guid":{"rendered":"https:\/\/dryamd.eu\/?page_id=2"},"modified":"2026-04-14T09:27:17","modified_gmt":"2026-04-14T09:27:17","slug":"home","status":"publish","type":"page","link":"https:\/\/dryamd.info\/pt\/","title":{"rendered":"P\u00e1gina inicial"},"content":{"rendered":"<figure class=\"wp-block-video video-fullsize\"><video loop muted poster=\"http:\/\/dryamd.info\/wp-content\/uploads\/2021\/05\/home_header_placeholder-1.jpg\" src=\"http:\/\/dryamd.info\/wp-content\/uploads\/2021\/05\/home_header_placeholder-1.jpg\" playsinline><\/video><\/figure>\n\n\n\n<h1 class=\"wp-block-heading h1-inside-video bgcolor-seperate\"><strong>Um olhar mais atento \u00e0 atrofia geogr\u00e1fica (AG), uma forma avan\u00e7ada de degenera\u00e7\u00e3o macular relacionada \u00e0 idade (DMRI)<\/strong><\/h1>\n\n\n\n<p><strong>A atrofia geogr\u00e1fica (AG) refere-se a uma forma avan\u00e7ada da degenera\u00e7\u00e3o macular relacionada \u00e0 idade (DMRI), que \u00e9 uma das principais causas de perda de vis\u00e3o em todo o mundo.<sup>1,2<\/sup> Se voc\u00ea ou algu\u00e9m de quem voc\u00ea cuida tiver sido afetado pela DMRI, em especial pela AG, este site foi desenvolvido para fornecer mais informa\u00e7\u00f5es e apoio.<\/strong><\/p>\n\n\n\n<div style=\"height:32px\" aria-hidden=\"true\" class=\"wp-block-spacer\"><\/div>\n\n\n\n<p>Este site destina-se apenas a fins informativos; n\u00e3o deve ser usado para diagnosticar ou tratar um problema de sa\u00fade ou doen\u00e7a. Consulte seu m\u00e9dico para obter mais orienta\u00e7\u00f5es.<\/p>\n\n\n\n<p><br>Continuaremos a adicionar novos conte\u00fados a este site ao longo do tempo. Lembre-se de nos visitar regularmente para acessar novas informa\u00e7\u00f5es e recursos.<\/p>\n\n\n\n<div style=\"height:64px\" aria-hidden=\"true\" class=\"wp-block-spacer\"><\/div>\n\n\n\n<div class=\"wp-block-columns row mb-5 homepage-link is-layout-flex wp-container-core-columns-is-layout-9d6595d7 wp-block-columns-is-layout-flex\">\n<div class=\"wp-block-column col-12 col-lg-6 is-layout-flow wp-block-column-is-layout-flow\">\n<h2 class=\"wp-block-heading\"><strong>Sobre as doen\u00e7as maculares relacionadas \u00e0 idade<\/strong><\/h2>\n\n\n\n<p>A DMRI afeta a m\u00e1cula, que \u00e9 a parte do olho respons\u00e1vel pela vis\u00e3o central. Existem dois tipos principais de DMRI: DMRI \u00famida e seca.<sup>3<\/sup><\/p>\n\n\n\n<div class=\"wp-block-buttons is-layout-flex wp-block-buttons-is-layout-flex\">\n<div class=\"wp-block-button\"><a class=\"wp-block-button__link wp-element-button\" href=\"https:\/\/dryamd.info\/pt\/about-amd\/\"><strong>Saiba mais sobre a DMRI<\/strong><\/a><\/div>\n<\/div>\n<\/div>\n\n\n\n<div class=\"wp-block-column col-12 col-lg-6 is-layout-flow wp-block-column-is-layout-flow\">\n<figure class=\"wp-block-image size-large\"><noscript><img decoding=\"async\" src=\"http:\/\/dryamd.info\/wp-content\/uploads\/2021\/05\/desk_home_image3_@2x-1.jpg\" alt=\"Retina com DMRI seca avan\u00e7ada\"><\/noscript><img decoding=\"async\" src=\"data:image\/gif;base64,R0lGODlhAQABAIAAAAAAAP\/\/\/yH5BAEAAAAALAAAAAABAAEAAAIBRAA7\" alt=\"Retina com DMRI seca avan\u00e7ada\" data-src=\"http:\/\/dryamd.info\/wp-content\/uploads\/2021\/05\/desk_home_image3_@2x-1.jpg\" class=\" lazyload\"><\/figure>\n<\/div>\n<\/div>\n\n\n\n<div class=\"wp-block-columns row mb-5 homepage-link is-layout-flex wp-container-core-columns-is-layout-9d6595d7 wp-block-columns-is-layout-flex\">\n<div class=\"wp-block-column col-12 col-lg-6 is-layout-flow wp-block-column-is-layout-flow\">\n<h2 class=\"wp-block-heading\"><strong>Entendendo a atrofia geogr\u00e1fica<\/strong><\/h2>\n\n\n\n<p>AG refere-se a uma forma avan\u00e7ada de degenera\u00e7\u00e3o macular relacionada \u00e0 idade que \u00e9 caracterizada por perda de vis\u00e3o progressiva e irrevers\u00edvel.<sup>2,4<\/sup><\/p>\n\n\n\n<div class=\"wp-block-buttons is-layout-flex wp-block-buttons-is-layout-flex\">\n<div class=\"wp-block-button\"><a class=\"wp-block-button__link wp-element-button\" href=\"https:\/\/dryamd.info\/pt\/about-amd\/\"><strong>Saiba mais sobre a AG<\/strong><\/a><\/div>\n<\/div>\n<\/div>\n\n\n\n<div class=\"wp-block-column col-12 col-lg-6 is-layout-flow wp-block-column-is-layout-flow\">\n<figure class=\"wp-block-image size-large\"><noscript><img decoding=\"async\" src=\"http:\/\/dryamd.info\/wp-content\/uploads\/2023\/07\/webpc-passthru-5-1-1024x707.png\" alt class=\"wp-image-1679\"><\/noscript><img decoding=\"async\" src=\"data:image\/gif;base64,R0lGODlhAQABAIAAAAAAAP\/\/\/yH5BAEAAAAALAAAAAABAAEAAAIBRAA7\" alt class=\"wp-image-1679 lazyload\" data-src=\"http:\/\/dryamd.info\/wp-content\/uploads\/2023\/07\/webpc-passthru-5-1-1024x707.png\"><\/figure>\n<\/div>\n<\/div>\n\n\n\n<div class=\"wp-block-columns row mb-5 homepage-link is-layout-flex wp-container-core-columns-is-layout-9d6595d7 wp-block-columns-is-layout-flex\">\n<div class=\"wp-block-column col-12 col-lg-6 is-layout-flow wp-block-column-is-layout-flow\">\n<h2 class=\"wp-block-heading\"><strong>Vivendo com atrofia geogr\u00e1fica<\/strong><\/h2>\n\n\n\n<p>A AG pode levar a altera\u00e7\u00f5es da vis\u00e3o, que podem impactar o dia a dia.<sup>1,4<\/sup> Felizmente, existem diversas estrat\u00e9gias para ajudar a controlar a doen\u00e7a.<\/p>\n\n\n\n<div class=\"wp-block-buttons is-layout-flex wp-block-buttons-is-layout-flex\">\n<div class=\"wp-block-button\"><a class=\"wp-block-button__link wp-element-button\" href=\"http:\/\/dryamd.eu\/living-with-ga\/\"><strong>Leia os conselhos sobre como viver com AG<\/strong><\/a><\/div>\n<\/div>\n<\/div>\n\n\n\n<div class=\"wp-block-column col-12 col-lg-6 is-layout-flow wp-block-column-is-layout-flow\">\n<figure class=\"wp-block-image size-large\"><noscript><img decoding=\"async\" src=\"http:\/\/dryamd.info\/wp-content\/uploads\/2023\/07\/webpc-passthru-5-copy-2-1-1024x706.png\" alt class=\"wp-image-1702\"><\/noscript><img decoding=\"async\" src=\"data:image\/gif;base64,R0lGODlhAQABAIAAAAAAAP\/\/\/yH5BAEAAAAALAAAAAABAAEAAAIBRAA7\" alt class=\"wp-image-1702 lazyload\" data-src=\"http:\/\/dryamd.info\/wp-content\/uploads\/2023\/07\/webpc-passthru-5-copy-2-1-1024x706.png\"><\/figure>\n<\/div>\n<\/div>\n\n\n\n<div class=\"wp-block-columns row homepage-link is-layout-flex wp-container-core-columns-is-layout-9d6595d7 wp-block-columns-is-layout-flex\">\n<div class=\"wp-block-column col-12 col-lg-6 is-layout-flow wp-block-column-is-layout-flow\">\n<h2 class=\"wp-block-heading\"><strong>Diagn\u00f3stico e monitoramento de doen\u00e7a macular<\/strong><\/h2>\n\n\n\n<p>Existe uma s\u00e9rie de testes e exames que seu oftalmologista pode usar para diagnosticar e monitorar sua doen\u00e7a.<\/p>\n\n\n\n<div class=\"wp-block-buttons is-layout-flex wp-block-buttons-is-layout-flex\">\n<div class=\"wp-block-button\"><a class=\"wp-block-button__link wp-element-button\" href=\"http:\/\/dryamd.eu\/diagnosis-and-monitoring\/\"><strong>Saiba mais<\/strong><\/a><\/div>\n<\/div>\n<\/div>\n\n\n\n<div class=\"wp-block-column col-12 col-lg-6 is-layout-flow wp-block-column-is-layout-flow\">\n<figure class=\"wp-block-image size-large\"><noscript><img decoding=\"async\" src=\"http:\/\/dryamd.info\/wp-content\/uploads\/2023\/07\/webpc-passthru-5-2-1-1024x707.png\" alt class=\"wp-image-1678\"><\/noscript><img decoding=\"async\" src=\"data:image\/gif;base64,R0lGODlhAQABAIAAAAAAAP\/\/\/yH5BAEAAAAALAAAAAABAAEAAAIBRAA7\" alt class=\"wp-image-1678 lazyload\" data-src=\"http:\/\/dryamd.info\/wp-content\/uploads\/2023\/07\/webpc-passthru-5-2-1-1024x707.png\"><\/figure>\n<\/div>\n<\/div>\n\n\n\n<div style=\"height:40px\" aria-hidden=\"true\" class=\"wp-block-spacer\"><\/div>\n\n\n\n<h2 class=\"wp-block-heading\"><strong>Organiza\u00e7\u00f5es de pacientes que apoiam dryamd.info\/pt\/<\/strong><\/h2>\n\n\n\n<p>Esta plataforma foi desenvolvida em colabora\u00e7\u00e3o com as seguintes organiza\u00e7\u00f5es de pacientes para garantir que realmente atenda \u00e0s necessidades das pessoas com DMRI, bem como das pessoas que cuidam delas. Gostar\u00edamos de agradec\u00ea-los por suas contribui\u00e7\u00f5es inestim\u00e1veis e apoio cont\u00ednuo. Clique nos links abaixo para acessar os sites da organiza\u00e7\u00e3o de pacientes.<\/p>\n\n\n\n<div style=\"height:32px\" aria-hidden=\"true\" class=\"wp-block-spacer\"><\/div>\n\n\n\n<div class=\"wp-block-columns row mb-5 flex-lg-nowrap is-layout-flex wp-container-core-columns-is-layout-9d6595d7 wp-block-columns-is-layout-flex\">\n<div class=\"wp-block-column is-layout-flow wp-block-column-is-layout-flow\" style=\"flex-basis:214px\">\n<figure class=\"wp-block-image size-full is-resized\"><noscript><img decoding=\"async\" src=\"http:\/\/dryamd.info\/wp-content\/uploads\/2023\/07\/webpc-passthru-7.png\" alt class=\"wp-image-1682\" style=\"width:190px;height:125px\"><\/noscript><img decoding=\"async\" src=\"data:image\/gif;base64,R0lGODlhAQABAIAAAAAAAP\/\/\/yH5BAEAAAAALAAAAAABAAEAAAIBRAA7\" alt class=\"wp-image-1682 lazyload\" style=\"width:190px;height:125px\" data-src=\"http:\/\/dryamd.info\/wp-content\/uploads\/2023\/07\/webpc-passthru-7.png\"><\/figure>\n<\/div>\n\n\n\n<div class=\"wp-block-column flex-shrink-1 is-layout-flow wp-block-column-is-layout-flow\">\n<p><strong>A Associa\u00e7\u00e3o Sueca de Retinite Pigmentosa<\/strong> \u00e9 uma associa\u00e7\u00e3o n\u00e3o governamental, baseada em recursos volunt\u00e1rios, formada por e para pessoas com retinite pigmentosa (RP) e outras doen\u00e7as heredit\u00e1rias degenerativas da retina.<\/p>\n\n\n\n<p><a href=\"https:\/\/retinanytt.se\/\" target=\"_blank\" rel=\"noreferrer noopener\" title=\"Site da Associa\u00e7\u00e3o Sueca de Retinite Pigmentosa\">Site da Associa\u00e7\u00e3o Sueca de Retinite Pigmentosa<\/a><\/p>\n<\/div>\n<\/div>\n\n\n\n<div class=\"wp-block-columns row mb-5 flex-lg-nowrap homepage-ext-link is-layout-flex wp-container-core-columns-is-layout-9d6595d7 wp-block-columns-is-layout-flex\">\n<div class=\"wp-block-column is-layout-flow wp-block-column-is-layout-flow\" style=\"flex-basis:214px\">\n<figure class=\"wp-block-image size-full is-resized\"><noscript><img decoding=\"async\" src=\"http:\/\/dryamd.info\/wp-content\/uploads\/2023\/07\/webpc-passthru-7-copy-2.png\" alt class=\"wp-image-1680\" style=\"width:190px;height:126px\"><\/noscript><img decoding=\"async\" src=\"data:image\/gif;base64,R0lGODlhAQABAIAAAAAAAP\/\/\/yH5BAEAAAAALAAAAAABAAEAAAIBRAA7\" alt class=\"wp-image-1680 lazyload\" style=\"width:190px;height:126px\" data-src=\"http:\/\/dryamd.info\/wp-content\/uploads\/2023\/07\/webpc-passthru-7-copy-2.png\"><\/figure>\n<\/div>\n\n\n\n<div class=\"wp-block-column flex-shrink-1 is-layout-flow wp-block-column-is-layout-flow\">\n<p>A vis\u00e3o da <strong>Macular Society<\/strong> \u00e9 combater a doen\u00e7a macular. Para isso, trabalha para encontrar uma cura por meio de pesquisas de n\u00edvel mundial, ao oferecer as melhores orienta\u00e7\u00f5es e apoio \u00e0s pessoas afetadas por doen\u00e7as maculares e ao promover a conscientiza\u00e7\u00e3o sobre a import\u00e2ncia da sa\u00fade ocular.<\/p>\n\n\n\n<p><a href=\"https:\/\/www.macularsociety.org\/\" target=\"_blank\" rel=\"noreferrer noopener\" title=\"Site da Macular Society\">Site da Macular Society<\/a><\/p>\n<\/div>\n<\/div>\n\n\n\n<div class=\"wp-block-columns row mb-5 flex-lg-nowrap homepage-ext-link is-layout-flex wp-container-core-columns-is-layout-9d6595d7 wp-block-columns-is-layout-flex\">\n<div class=\"wp-block-column is-layout-flow wp-block-column-is-layout-flow\" style=\"flex-basis:214px\">\n<figure class=\"wp-block-image size-full is-resized\"><noscript><img decoding=\"async\" src=\"http:\/\/dryamd.info\/wp-content\/uploads\/2023\/07\/webpc-passthru-7-copy.png\" alt class=\"wp-image-1681\" style=\"width:190px;height:126px\"><\/noscript><img decoding=\"async\" src=\"data:image\/gif;base64,R0lGODlhAQABAIAAAAAAAP\/\/\/yH5BAEAAAAALAAAAAABAAEAAAIBRAA7\" alt class=\"wp-image-1681 lazyload\" style=\"width:190px;height:126px\" data-src=\"http:\/\/dryamd.info\/wp-content\/uploads\/2023\/07\/webpc-passthru-7-copy.png\"><\/figure>\n<\/div>\n\n\n\n<div class=\"wp-block-column flex-shrink-1 is-layout-flow wp-block-column-is-layout-flow\">\n<p>A <strong>PRO RETINA<\/strong> \u00e9 uma organiza\u00e7\u00e3o de pacientes de abrang\u00eancia nacional na Alemanha, formada por e para pessoas com doen\u00e7as heredit\u00e1rias da retina e DMRI. Fundada em 1977, hoje conta com mais de 6 mil membros que recebem apoio e orienta\u00e7\u00f5es sobre como viver com a perda de vis\u00e3o \u2013 para viver uma vida com autonomia. A PRO RETINA apoia a pesquisa, promove a conscientiza\u00e7\u00e3o p\u00fablica e exerce influ\u00eancia pol\u00edtica.<\/p>\n\n\n\n<p><a href=\"https:\/\/www.pro-retina.de\/\" target=\"_blank\" rel=\"noreferrer noopener\" title=\"Site da PRO RETINA Deutschland\">Site da PRO RETINA Deutschland<\/a><\/p>\n<\/div>\n<\/div>\n\n\n\n<div class=\"wp-block-group\"><div class=\"wp-block-group__inner-container is-layout-flow wp-block-group-is-layout-flow\">\n<div class=\"wp-block-columns resource-preview-item is-layout-flex wp-container-core-columns-is-layout-9d6595d7 wp-block-columns-is-layout-flex\">\n<div class=\"wp-block-column is-layout-flow wp-block-column-is-layout-flow\">\n<figure class=\"wp-block-image size-large\"><noscript><img decoding=\"async\" width=\"1024\" height=\"497\" src=\"http:\/\/dryamd.info\/pt\/wp-content\/uploads\/sites\/8\/2026\/02\/vivendo_com_atrofia-1024x497.jpg\" alt class=\"wp-image-1719\" srcset=\"https:\/\/dryamd.info\/pt\/wp-content\/uploads\/sites\/8\/2026\/02\/vivendo_com_atrofia-1024x497.jpg 1024w, https:\/\/dryamd.info\/pt\/wp-content\/uploads\/sites\/8\/2026\/02\/vivendo_com_atrofia-300x145.jpg 300w, https:\/\/dryamd.info\/pt\/wp-content\/uploads\/sites\/8\/2026\/02\/vivendo_com_atrofia-768x372.jpg 768w, https:\/\/dryamd.info\/pt\/wp-content\/uploads\/sites\/8\/2026\/02\/vivendo_com_atrofia.jpg 1192w\" sizes=\"(max-width: 1024px) 100vw, 1024px\"><\/noscript><img decoding=\"async\" width=\"1024\" height=\"497\" src=\"data:image\/svg+xml,%3Csvg%20xmlns%3D%22http%3A%2F%2Fwww.w3.org%2F2000%2Fsvg%22%20viewBox%3D%220%200%201024%20497%22%3E%3C%2Fsvg%3E\" alt class=\"wp-image-1719 lazyload\" srcset=\"data:image\/svg+xml,%3Csvg%20xmlns%3D%22http%3A%2F%2Fwww.w3.org%2F2000%2Fsvg%22%20viewBox%3D%220%200%201024%20497%22%3E%3C%2Fsvg%3E 1024w\" sizes=\"(max-width: 1024px) 100vw, 1024px\" data-srcset=\"https:\/\/dryamd.info\/pt\/wp-content\/uploads\/sites\/8\/2026\/02\/vivendo_com_atrofia-1024x497.jpg 1024w, https:\/\/dryamd.info\/pt\/wp-content\/uploads\/sites\/8\/2026\/02\/vivendo_com_atrofia-300x145.jpg 300w, https:\/\/dryamd.info\/pt\/wp-content\/uploads\/sites\/8\/2026\/02\/vivendo_com_atrofia-768x372.jpg 768w, https:\/\/dryamd.info\/pt\/wp-content\/uploads\/sites\/8\/2026\/02\/vivendo_com_atrofia.jpg 1192w\" data-src=\"http:\/\/dryamd.info\/pt\/wp-content\/uploads\/sites\/8\/2026\/02\/vivendo_com_atrofia-1024x497.jpg\"><\/figure>\n<\/div>\n\n\n\n<div class=\"wp-block-column is-layout-flow wp-block-column-is-layout-flow\">\n<h2 class=\"wp-block-heading\"><strong><strong>Voc\u00ea vive com atrofia geogr\u00e1fica?<\/strong><\/strong><\/h2>\n\n\n\n<p>D\u00ea uma olhada em nosso folheto para o paciente para mais informa\u00e7\u00f5es sobre atrofia geogr\u00e1fica, incluindo como monitorar, controlar e viver bem com a doen\u00e7a.<\/p>\n\n\n\n<div class=\"wp-block-buttons is-layout-flex wp-block-buttons-is-layout-flex\">\n<div class=\"wp-block-button full-w-btn m-0\"><a class=\"wp-block-button__link wp-element-button\" href=\"http:\/\/dryamd.eu\/wp-content\/uploads\/2024\/02\/Geographic-atrophy-booklet.pdf\">ACESSAR O FOLHETO<\/a><\/div>\n<\/div>\n<\/div>\n<\/div>\n<\/div><\/div>\n\n\n\n<div style=\"height:50px\" aria-hidden=\"true\" class=\"wp-block-spacer\"><\/div>\n\n\n\n<div class=\"wp-block-group explore-resources\"><div class=\"wp-block-group__inner-container is-layout-flow wp-block-group-is-layout-flow\">\n<h2 class=\"wp-block-heading\"><strong>Explore nossos recursos<\/strong><\/h2>\n\n\n\n<p>Acesse a se\u00e7\u00e3o Recursos para encontrar materiais \u00fateis, como a grade de Amsler para monitoramento da vis\u00e3o em casa e um guia de discuss\u00e3o com o m\u00e9dico, que auxilia na prepara\u00e7\u00e3o para consultas com o oftalmologista ou optometrista.<\/p>\n\n\n\n<div class=\"wp-block-buttons is-layout-flex wp-block-buttons-is-layout-flex\">\n<div class=\"wp-block-button full-w-btn\"><a class=\"wp-block-button__link wp-element-button\" href=\"http:\/\/dryamd.eu\/support-tools\/\">Acesse os recursos<\/a><\/div>\n<\/div>\n<\/div><\/div>\n\n\n\n<div style=\"height:80px\" aria-hidden=\"true\" class=\"wp-block-spacer\"><\/div>\n\n\n\n<div class=\"wp-block-group references\"><div class=\"wp-block-group__inner-container is-layout-flow wp-block-group-is-layout-flow\">\n<p>Refer\u00eancias:<\/p>\n\n\n\n<ol class=\"wp-block-list\">\n<li>Gehrs KM, <em>et al. Ann Med<\/em>. 2006;38(7):450\u2013471.<\/li>\n\n\n\n<li>Fleckenstein M, <em>et al. Ophthalmology.<\/em> 2018;125(3):369\u2013390.<\/li>\n\n\n\n<li>BrightFocus Foundation. Age-related macular degeneration: facts &amp; figures. 2022. Dispon\u00edvel em: https:\/\/www.brightfocus.org\/macular\/article\/age-related-macular-facts-figures (acessado em maio de 2023).<\/li>\n\n\n\n<li>Sivaprasad S, <em>et al. Ophthalmol Ther.<\/em> 2019;8(1):115\u2013124.<\/li>\n<\/ol>\n<\/div><\/div>\n\n\n\n<p>BR-GA-2600001 I Mar\u00e7o 2026<\/p>\n","protected":false},"excerpt":{"rendered":"<p>Um olhar mais atento \u00e0 atrofia geogr\u00e1fica (AG), uma forma avan\u00e7ada de degenera\u00e7\u00e3o macular relacionada \u00e0 idade (DMRI) A atrofia geogr\u00e1fica (AG) refere-se a uma forma avan\u00e7ada da degenera\u00e7\u00e3o macular relacionada \u00e0 idade (DMRI), que \u00e9 uma das principais causas de perda de vis\u00e3o em todo o mundo.1,2 Se voc\u00ea ou algu\u00e9m de quem voc\u00ea [&hellip;]<\/p>\n","protected":false},"author":12,"featured_media":0,"parent":0,"menu_order":0,"comment_status":"closed","ping_status":"closed","template":"","meta":{"footnotes":""},"class_list":["post-961","page","type-page","status-publish","hentry"],"aioseo_notices":[],"_links":{"self":[{"href":"https:\/\/dryamd.info\/pt\/wp-json\/wp\/v2\/pages\/961","targetHints":{"allow":["GET"]}}],"collection":[{"href":"https:\/\/dryamd.info\/pt\/wp-json\/wp\/v2\/pages"}],"about":[{"href":"https:\/\/dryamd.info\/pt\/wp-json\/wp\/v2\/types\/page"}],"author":[{"embeddable":true,"href":"https:\/\/dryamd.info\/pt\/wp-json\/wp\/v2\/users\/12"}],"replies":[{"embeddable":true,"href":"https:\/\/dryamd.info\/pt\/wp-json\/wp\/v2\/comments?post=961"}],"version-history":[{"count":0,"href":"https:\/\/dryamd.info\/pt\/wp-json\/wp\/v2\/pages\/961\/revisions"}],"wp:attachment":[{"href":"https:\/\/dryamd.info\/pt\/wp-json\/wp\/v2\/media?parent=961"}],"curies":[{"name":"wp","href":"https:\/\/api.w.org\/{rel}","templated":true}]}}