{"id":384,"date":"2021-05-03T06:45:54","date_gmt":"2021-05-03T04:45:54","guid":{"rendered":"https:\/\/dryamd.eu\/?page_id=384"},"modified":"2026-03-12T17:10:29","modified_gmt":"2026-03-12T17:10:29","slug":"imprint","status":"publish","type":"page","link":"https:\/\/dryamd.info\/pt\/imprint\/","title":{"rendered":"Impress\u00e3o"},"content":{"rendered":"\n<h1 class=\"wp-block-heading bgcolor-seperate mt-5\"><strong>Impress\u00e3o<\/strong><\/h1>\n\n\n\n<p>Publicado por:<br>Apellis International GmbH<br>Z\u00e4hlerweg 10<br>CH-6300 Zug<br>Su\u00ed\u00e7a<\/p>\n\n\n\n<p>N\u00famero da empresa: CHE-200.662.403<br>E-mail: Perguntas podem ser enviadas para:&nbsp;<a href=\"mailto:info@apellis.com\">info@apellis.com<\/a><\/p>\n\n\n\n<p><\/p>\n\n\n\n<p>BR-GA-2600001 I Mar\u00e7o 2026<\/p>\n","protected":false},"excerpt":{"rendered":"<p>Impress\u00e3o Publicado por:Apellis International GmbHZ\u00e4hlerweg 10CH-6300 ZugSu\u00ed\u00e7a N\u00famero da empresa: CHE-200.662.403E-mail: Perguntas podem ser enviadas para:&nbsp;info@apellis.com BR-GA-2600001 I Mar\u00e7o 2026<\/p>\n","protected":false},"author":12,"featured_media":0,"parent":0,"menu_order":0,"comment_status":"closed","ping_status":"closed","template":"","meta":{"footnotes":""},"class_list":["post-384","page","type-page","status-publish","hentry"],"aioseo_notices":[],"_links":{"self":[{"href":"https:\/\/dryamd.info\/pt\/wp-json\/wp\/v2\/pages\/384","targetHints":{"allow":["GET"]}}],"collection":[{"href":"https:\/\/dryamd.info\/pt\/wp-json\/wp\/v2\/pages"}],"about":[{"href":"https:\/\/dryamd.info\/pt\/wp-json\/wp\/v2\/types\/page"}],"author":[{"embeddable":true,"href":"https:\/\/dryamd.info\/pt\/wp-json\/wp\/v2\/users\/12"}],"replies":[{"embeddable":true,"href":"https:\/\/dryamd.info\/pt\/wp-json\/wp\/v2\/comments?post=384"}],"version-history":[{"count":0,"href":"https:\/\/dryamd.info\/pt\/wp-json\/wp\/v2\/pages\/384\/revisions"}],"wp:attachment":[{"href":"https:\/\/dryamd.info\/pt\/wp-json\/wp\/v2\/media?parent=384"}],"curies":[{"name":"wp","href":"https:\/\/api.w.org\/{rel}","templated":true}]}}