{"id":209,"date":"2021-04-29T13:50:51","date_gmt":"2021-04-29T11:50:51","guid":{"rendered":"https:\/\/dryamd.eu\/?page_id=209"},"modified":"2026-03-12T17:10:08","modified_gmt":"2026-03-12T17:10:08","slug":"glossary","status":"publish","type":"page","link":"https:\/\/dryamd.info\/pt\/glossary\/","title":{"rendered":"Gloss\u00e1rio"},"content":{"rendered":"\n<h1 class=\"wp-block-heading bgcolor-seperate mt-5\"><strong>Gloss\u00e1rio<\/strong><\/h1>\n\n\n\n<div class=\"wp-block-group glossary-terms\"><div class=\"wp-block-group__inner-container is-layout-flow wp-block-group-is-layout-flow\">\n<p><strong>Sistema imune adaptativo<\/strong><\/p>\n\n\n\n<p>A resposta imune adaptativa \u00e9 a segunda linha de defesa ap\u00f3s o sistema imune inato, destruindo corpos estranhos invasores (como bact\u00e9rias e v\u00edrus). A resposta imune adaptativa leva de v\u00e1rios dias a semanas para se desenvolver.<\/p>\n\n\n\n<p><strong><strong>Degenera\u00e7\u00e3o macular relacionada \u00e0 idade (DMRI)<\/strong><\/strong><\/p>\n\n\n\n<p>A DMRI \u00e9 uma doen\u00e7a degenerativa que afeta a m\u00e1cula, a regi\u00e3o central da retina, causando perda progressiva e irrevers\u00edvel da vis\u00e3o.<\/p>\n\n\n\n<p><strong>Grade de Amsler<\/strong><\/p>\n\n\n\n<p>A grade de Amsler \u00e9 um m\u00e9todo usado para triar a DMRI e monitorar altera\u00e7\u00f5es na vis\u00e3o. Os pacientes fixam um olho de cada vez no pequeno ponto no centro da grade para determinar se h\u00e1 algum comprometimento em seu campo visual.<\/p>\n\n\n\n<p><strong>Atrofia<\/strong><\/p>\n\n\n\n<p>Refere-se a quando o tecido ou \u00f3rg\u00e3os do corpo tornam-se danificados, especialmente como resultado da morte celular.<\/p>\n\n\n\n<p><strong>Melhor acuidade visual corrigida (BCVA, best corrected visual acuity)<\/strong><\/p>\n\n\n\n<p>BCVA \u00e9 uma medida da melhor vis\u00e3o poss\u00edvel que um olho pode alcan\u00e7ar usando \u00f3culos ou lentes de contato.<\/p>\n\n\n\n<p><strong>Coroide<\/strong><\/p>\n\n\n\n<p>A coroide fornece oxig\u00eanio e nutrientes para as camadas externas da retina e \u00e9 a principal via pela qual os res\u00edduos s\u00e3o eliminados da retina.<\/p>\n\n\n\n<p><strong>Neovasculariza\u00e7\u00e3o de coroide<\/strong><\/p>\n\n\n\n<p>Este termo descreve o crescimento de novos vasos sangu\u00edneos anormais que come\u00e7am na coroide e crescem para dentro da retina. Nesse local, ocorre o extravasamento de l\u00edquido e sangue para a retina, o que danifica as c\u00e9lulas retinianas e provoca distor\u00e7\u00e3o visual.<\/p>\n\n\n\n<p><strong>Sistema Complemento<\/strong><\/p>\n\n\n\n<p>O sistema complemento (ou cascata do complemento) \u00e9 uma parte do sistema imune natural do corpo. \u00c9 uma das primeiras linhas de defesa contra pat\u00f3genos invasores, como bact\u00e9rias e v\u00edrus. Em uma das formas avan\u00e7adas de DMRI, a atrofia geogr\u00e1fica, o sistema complemento pode se tornar excessivamente ativo e acabar danificando as c\u00e9lulas na retina, o que contribui para a perda da vis\u00e3o.<\/p>\n\n\n\n<p><strong>C\u00f3rnea<\/strong><\/p>\n\n\n\n<p>A c\u00f3rnea \u00e9 a superf\u00edcie externa transparente do olho que cobre a \u00edris e a pupila e permite que a luz entre no olho.<\/p>\n\n\n\n<p><strong>Drusas<\/strong><\/p>\n\n\n\n<p>Drusas s\u00e3o pequenos dep\u00f3sitos amarelos de prote\u00ednas lip\u00eddicas (lip\u00eddios) que se acumulam sob a retina. S\u00e3o um m\u00e9todo-chave para avaliar e classificar o est\u00e1gio e a gravidade da DMRI.<\/p>\n\n\n\n<p><strong>F\u00f3vea<\/strong><\/p>\n\n\n\n<p>A f\u00f3vea \u00e9 a parte no centro da m\u00e1cula. Esta \u00e9 a \u00e1rea com a mais alta acuidade visual no olho.<\/p>\n\n\n\n<p><strong>Fundo de olho<\/strong><\/p>\n\n\n\n<p>O fundo de olho \u00e9 a superf\u00edcie interna e posterior do olho. \u00c9 composta da retina, m\u00e1cula, disco \u00f3ptico, f\u00f3vea e vasos sangu\u00edneos.<\/p>\n\n\n\n<p><strong>Exame de fundo de olho<\/strong><\/p>\n\n\n\n<p>Os exames de fundo de olho s\u00e3o realizados rotineiramente como parte de um exame oftalmol\u00f3gico para avaliar a sa\u00fade geral da retina, pois muitas caracter\u00edsticas da DMRI s\u00e3o vis\u00edveis pelo exame do fundo de olho.<\/p>\n\n\n\n<p><strong>Atrofia geogr\u00e1fica (AG)<\/strong><\/p>\n\n\n\n<p>A atrofia geogr\u00e1fica \u00e9 um termo usado para descrever a forma avan\u00e7ada de DMRI. \u00c9 chamada de atrofia geogr\u00e1fica porque as \u00e1reas de danos na m\u00e1cula se parecem com um mapa para o oftalmologista.<\/p>\n\n\n\n<p><strong>Sistema imune<\/strong><\/p>\n\n\n\n<p>O sistema imune \u00e9 uma rede complexa de \u00f3rg\u00e3os, c\u00e9lulas e prote\u00ednas que trabalham em conjunto para proteger o corpo.<\/p>\n\n\n\n<p><strong>Sistema imune inato<\/strong><\/p>\n\n\n\n<p>O sistema imune inato \u00e9 a primeira linha de defesa do corpo contra pat\u00f3genos que entram no corpo.<\/p>\n\n\n\n<p><strong>\u00cdris e pupila<\/strong><\/p>\n\n\n\n<p>A \u00edris regula a quantidade de luz permitida a entrar no olho ao contrair ou dilatar a pupila.<\/p>\n\n\n\n<p><strong>Cristalino<\/strong><\/p>\n\n\n\n<p>O cristalino \u00e9 uma estrutura transparente que fica atr\u00e1s da \u00edris e da pupila. Juntamente com a c\u00f3rnea, o cristalino ajuda a refratar a luz em dire\u00e7\u00e3o \u00e0 retina.<\/p>\n\n\n\n<p><strong>M\u00e1cula<\/strong><\/p>\n\n\n\n<p>A m\u00e1cula \u00e9 uma pequena \u00e1rea pigmentada no centro da retina que \u00e9 respons\u00e1vel pela vis\u00e3o central e percep\u00e7\u00e3o de cor.<\/p>\n\n\n\n<p><strong>Oftalmoscopia<\/strong><\/p>\n\n\n\n<p>A oftalmoscopia, ou fundoscopia, \u00e9 usada para examinar o fundo de olho e \u00e9 frequentemente realizada como parte de um exame oftalmol\u00f3gico de rotina.<\/p>\n\n\n\n<p><strong>Nervo \u00f3ptico<\/strong><\/p>\n\n\n\n<p>O nervo \u00f3ptico consiste em um feixe de fibras nervosas que \u00e9 respons\u00e1vel por transmitir informa\u00e7\u00f5es visuais da retina para o c\u00e9rebro.<\/p>\n\n\n\n<p><strong>Tomografia de coer\u00eancia \u00f3ptica (OCT)<\/strong><\/p>\n\n\n\n<p>A OCT \u00e9 um teste que coleta imagens transversais da retina e estruturas circundantes.<\/p>\n\n\n\n<p><strong>Fotorreceptores<\/strong><\/p>\n\n\n\n<p>Os fotorreceptores s\u00e3o c\u00e9lulas especiais sens\u00edveis \u00e0 luz que convertem a luz em sinais el\u00e9tricos que podem se deslocar para o c\u00e9rebro.<\/p>\n\n\n\n<p><strong>Retina<\/strong><\/p>\n\n\n\n<p>A retina \u00e9 uma fina camada de tecido na parte de tr\u00e1s do olho. A retina converte a luz em sinais el\u00e9tricos enviados ao c\u00e9rebro e processados para gerar a vis\u00e3o.<\/p>\n\n\n\n<p><strong>Epit\u00e9lio pigmentar da retina (EPR)<\/strong><\/p>\n\n\n\n<p>O EPR \u00e9 uma camada \u00fanica de c\u00e9lulas na camada externa da retina. Desempenha um papel importante no processo visual.<\/p>\n\n\n\n<p><strong>Esclera<\/strong><\/p>\n\n\n\n<p>A esclera \u00e9 a camada branca do olho que cobre a maior parte do exterior do globo ocular. \u00c9 feita de col\u00e1geno e fibra de elastina e protege contra a entrada de elementos no olho e contra infec\u00e7\u00f5es, al\u00e9m de fornecer estrutura para o olho.<\/p>\n\n\n\n<p><strong>Humor v\u00edtreo<\/strong><\/p>\n\n\n\n<p>O humor v\u00edtreo \u00e9 uma subst\u00e2ncia transparente, incolor e semelhante a gel que preenche o espa\u00e7o entre o cristalino e a retina. Isso ajuda a manter o formato redondo do olho.<\/p>\n<\/div><\/div>\n\n\n\n<div style=\"height:58px\" aria-hidden=\"true\" class=\"wp-block-spacer\"><\/div>\n\n\n\n<p>BR-GA-2600001 I Mar\u00e7o 2026<\/p>\n","protected":false},"excerpt":{"rendered":"<p>Gloss\u00e1rio Sistema imune adaptativo A resposta imune adaptativa \u00e9 a segunda linha de defesa ap\u00f3s o sistema imune inato, destruindo corpos estranhos invasores (como bact\u00e9rias e v\u00edrus). A resposta imune adaptativa leva de v\u00e1rios dias a semanas para se desenvolver. Degenera\u00e7\u00e3o macular relacionada \u00e0 idade (DMRI) A DMRI \u00e9 uma doen\u00e7a degenerativa que afeta a [&hellip;]<\/p>\n","protected":false},"author":12,"featured_media":0,"parent":0,"menu_order":0,"comment_status":"closed","ping_status":"closed","template":"","meta":{"footnotes":""},"class_list":["post-209","page","type-page","status-publish","hentry"],"aioseo_notices":[],"_links":{"self":[{"href":"https:\/\/dryamd.info\/pt\/wp-json\/wp\/v2\/pages\/209","targetHints":{"allow":["GET"]}}],"collection":[{"href":"https:\/\/dryamd.info\/pt\/wp-json\/wp\/v2\/pages"}],"about":[{"href":"https:\/\/dryamd.info\/pt\/wp-json\/wp\/v2\/types\/page"}],"author":[{"embeddable":true,"href":"https:\/\/dryamd.info\/pt\/wp-json\/wp\/v2\/users\/12"}],"replies":[{"embeddable":true,"href":"https:\/\/dryamd.info\/pt\/wp-json\/wp\/v2\/comments?post=209"}],"version-history":[{"count":0,"href":"https:\/\/dryamd.info\/pt\/wp-json\/wp\/v2\/pages\/209\/revisions"}],"wp:attachment":[{"href":"https:\/\/dryamd.info\/pt\/wp-json\/wp\/v2\/media?parent=209"}],"curies":[{"name":"wp","href":"https:\/\/api.w.org\/{rel}","templated":true}]}}