{"id":1684,"date":"2023-07-19T12:31:54","date_gmt":"2023-07-19T10:31:54","guid":{"rendered":"https:\/\/dryamd.eu\/?page_id=1684"},"modified":"2026-03-12T17:13:21","modified_gmt":"2026-03-12T17:13:21","slug":"treating-ga","status":"publish","type":"page","link":"https:\/\/dryamd.info\/pt\/treating-ga\/","title":{"rendered":"Tratamento da AG"},"content":{"rendered":"<h1 class=\"wp-block-heading bgcolor-seperate mt-5\"><strong>Tratamento da atrofia geogr\u00e1fica (AG), uma forma avan\u00e7ada de degenera\u00e7\u00e3o macular relacionada \u00e0 idade (DMRI)<\/strong><\/h1>\n\n\n\n<p><strong>As op\u00e7\u00f5es de tratamento para pacientes com atrofia geogr\u00e1fica (AG) est\u00e3o em desenvolvimento, e os estudos cl\u00ednicos est\u00e3o em andamento no momento. Nesta se\u00e7\u00e3o, analisaremos mais de perto as diversas abordagens de tratamento sob investiga\u00e7\u00e3o para o tratamento de AG. Tamb\u00e9m nos aprofundaremos no processo de desenvolvimento e aprova\u00e7\u00e3o de medicamentos para uso.<\/strong><\/p>\n\n\n\n<div style=\"height:24px\" aria-hidden=\"true\" class=\"wp-block-spacer\"><\/div>\n\n\n\n<h2 class=\"wp-block-heading\"><strong>Novas op\u00e7\u00f5es de tratamento para atrofia geogr\u00e1fica&nbsp;<\/strong><\/h2>\n\n\n\n<p>Embora ainda n\u00e3o existam medicamentos aprovados para retardar ou reverter o desenvolvimento de AG, existem v\u00e1rios potenciais medicamentos atualmente em desenvolvimento.<\/p>\n\n\n\n<p>Os tipos de novos medicamentos e abordagens investigadas geralmente se enquadram em tr\u00eas categorias:<sup>1,2<\/sup><\/p>\n\n\n\n<div style=\"height:32px\" aria-hidden=\"true\" class=\"wp-block-spacer\"><\/div>\n\n\n\n<div class=\"wp-block-group\"><div class=\"wp-block-group__inner-container is-layout-flow wp-block-group-is-layout-flow\">\n<figure class=\"wp-block-image size-full is-resized hide-dark\"><noscript><img decoding=\"async\" src=\"http:\/\/dryamd.eu\/wp-content\/uploads\/2023\/07\/Cell-tissue.png\" alt class=\"wp-image-1686\" style=\"width:124px;height:124px\"><\/noscript><img decoding=\"async\" src=\"data:image\/gif;base64,R0lGODlhAQABAIAAAAAAAP\/\/\/yH5BAEAAAAALAAAAAABAAEAAAIBRAA7\" alt class=\"wp-image-1686 lazyload\" style=\"width:124px;height:124px\" data-src=\"http:\/\/dryamd.eu\/wp-content\/uploads\/2023\/07\/Cell-tissue.png\"><\/figure>\n\n\n\n<figure class=\"wp-block-image size-full is-resized show-dark\"><noscript><img decoding=\"async\" src=\"http:\/\/dryamd.eu\/wp-content\/uploads\/2023\/07\/Icon_Cell-tissue.png\" alt class=\"wp-image-1800\" style=\"width:124px\"><\/noscript><img decoding=\"async\" src=\"data:image\/gif;base64,R0lGODlhAQABAIAAAAAAAP\/\/\/yH5BAEAAAAALAAAAAABAAEAAAIBRAA7\" alt class=\"wp-image-1800 lazyload\" style=\"width:124px\" data-src=\"http:\/\/dryamd.eu\/wp-content\/uploads\/2023\/07\/Icon_Cell-tissue.png\"><\/figure>\n\n\n\n<div style=\"height:24px\" aria-hidden=\"true\" class=\"wp-block-spacer\"><\/div>\n\n\n\n<p><strong>Restaura\u00e7\u00e3o do tecido celular no olho,<\/strong> seja pela introdu\u00e7\u00e3o de c\u00e9lulas saud\u00e1veis (terapias baseadas em c\u00e9lulas) ou pelo reparo de tecido danificado (terapias gen\u00e9ticas)<sup>3,4&nbsp;<\/sup><\/p>\n\n\n\n<p><strong>Terapia celular:<\/strong> Usa c\u00e9lulas-tronco, que t\u00eam a capacidade de se tornar v\u00e1rios tipos diferentes de c\u00e9lulas. Nesse caso, as c\u00e9lulas-tronco podem ser guiadas para se tornar c\u00e9lulas da retina e, em seguida, transplantadas no olho para reparar o dano causado pela AG.<\/p>\n\n\n\n<p><strong>Terapia gen\u00e9tica:<\/strong> Consiste na substitui\u00e7\u00e3o de um gene que n\u00e3o est\u00e1 funcionando corretamente ou a introdu\u00e7\u00e3o de um novo gene saud\u00e1vel na tentativa de curar uma doen\u00e7a. No caso da AG, terapias gen\u00e9ticas podem ser usadas para reparar tecido danificado na retina, revertendo assim o curso da doen\u00e7a.<\/p>\n<\/div><\/div>\n\n\n\n<div style=\"height:64px\" aria-hidden=\"true\" class=\"wp-block-spacer\"><\/div>\n\n\n\n<div class=\"wp-block-group\"><div class=\"wp-block-group__inner-container is-layout-flow wp-block-group-is-layout-flow\">\n<figure class=\"wp-block-image size-full is-resized hide-dark\"><noscript><img decoding=\"async\" src=\"http:\/\/dryamd.eu\/wp-content\/uploads\/2023\/07\/Restoration.png\" alt class=\"wp-image-1687\" style=\"width:124px;height:124px\"><\/noscript><img decoding=\"async\" src=\"data:image\/gif;base64,R0lGODlhAQABAIAAAAAAAP\/\/\/yH5BAEAAAAALAAAAAABAAEAAAIBRAA7\" alt class=\"wp-image-1687 lazyload\" style=\"width:124px;height:124px\" data-src=\"http:\/\/dryamd.eu\/wp-content\/uploads\/2023\/07\/Restoration.png\"><\/figure>\n\n\n\n<figure class=\"wp-block-image size-full is-resized show-dark\"><noscript><img decoding=\"async\" src=\"http:\/\/dryamd.eu\/wp-content\/uploads\/2023\/07\/Icon_Restoration.png\" alt class=\"wp-image-1807\" style=\"width:124px\"><\/noscript><img decoding=\"async\" src=\"data:image\/gif;base64,R0lGODlhAQABAIAAAAAAAP\/\/\/yH5BAEAAAAALAAAAAABAAEAAAIBRAA7\" alt class=\"wp-image-1807 lazyload\" style=\"width:124px\" data-src=\"http:\/\/dryamd.eu\/wp-content\/uploads\/2023\/07\/Icon_Restoration.png\"><\/figure>\n\n\n\n<div style=\"height:24px\" aria-hidden=\"true\" class=\"wp-block-spacer\"><\/div>\n\n\n\n<p><strong>Tratamento da superativa\u00e7\u00e3o do sistema complemento<\/strong> no olho<sup>5,6<\/sup><\/p>\n\n\n\n<p>O sistema complemento \u00e9 uma parte importante do sistema imune, pois ajuda a defender o corpo contra les\u00f5es e pat\u00f3genos, como bact\u00e9rias e v\u00edrus. A superativa\u00e7\u00e3o do sistema complemento desempenha um papel em diversas doen\u00e7as, incluindo a AG. Quando o sistema complemento \u00e9 superativado, isso pode causar efeitos nocivos, como inflama\u00e7\u00e3o e morte de c\u00e9lulas saud\u00e1veis. Focar no tratamento da superativa\u00e7\u00e3o do sistema complemento pode reduzir esses efeitos nocivos.&nbsp;<\/p>\n<\/div><\/div>\n\n\n\n<div style=\"height:64px\" aria-hidden=\"true\" class=\"wp-block-spacer\"><\/div>\n\n\n\n<div class=\"wp-block-group\"><div class=\"wp-block-group__inner-container is-layout-flow wp-block-group-is-layout-flow\">\n<figure class=\"wp-block-image size-full is-resized hide-dark\"><noscript><img decoding=\"async\" src=\"http:\/\/dryamd.eu\/wp-content\/uploads\/2023\/07\/Drugs.png\" alt class=\"wp-image-1688\" style=\"width:124px;height:124px\"><\/noscript><img decoding=\"async\" src=\"data:image\/gif;base64,R0lGODlhAQABAIAAAAAAAP\/\/\/yH5BAEAAAAALAAAAAABAAEAAAIBRAA7\" alt class=\"wp-image-1688 lazyload\" style=\"width:124px;height:124px\" data-src=\"http:\/\/dryamd.eu\/wp-content\/uploads\/2023\/07\/Drugs.png\"><\/figure>\n\n\n\n<figure class=\"wp-block-image size-full is-resized show-dark\"><noscript><img decoding=\"async\" src=\"http:\/\/dryamd.eu\/wp-content\/uploads\/2023\/07\/Icon_Drugs.png\" alt class=\"wp-image-1803\" style=\"width:124px\"><\/noscript><img decoding=\"async\" src=\"data:image\/gif;base64,R0lGODlhAQABAIAAAAAAAP\/\/\/yH5BAEAAAAALAAAAAABAAEAAAIBRAA7\" alt class=\"wp-image-1803 lazyload\" style=\"width:124px\" data-src=\"http:\/\/dryamd.eu\/wp-content\/uploads\/2023\/07\/Icon_Drugs.png\"><\/figure>\n\n\n\n<div style=\"height:24px\" aria-hidden=\"true\" class=\"wp-block-spacer\"><\/div>\n\n\n\n<p><strong>Outros tipos de tratamento,<\/strong> por exemplo, agentes antioxidativos e anti-inflamat\u00f3rios, neuroprotetores<sup>7,8<\/sup><\/p>\n\n\n\n<p>Todos esses tipos de tratamento funcionam para reduzir os danos causados pela AG ou proteger as c\u00e9lulas de danos cont\u00ednuos adicionais.<\/p>\n\n\n\n<p><strong>Antioxidantes<\/strong> s\u00e3o mol\u00e9culas que combatem radicais livres \u2013 compostos que podem causar danos se em n\u00edveis muito altos no seu corpo.<\/p>\n\n\n\n<p><strong>Os medicamentos anti-inflamat\u00f3rios<\/strong> t\u00eam como objetivo reduzir a inflama\u00e7\u00e3o na retina, reduzindo o dano \u00e0s c\u00e9lulas.<\/p>\n\n\n\n<p><strong>Neuroprotetores<\/strong> podem ser usados para proteger as c\u00e9lulas da retina e impedir que a AG avance.<\/p>\n<\/div><\/div>\n\n\n\n<div style=\"height:64px\" aria-hidden=\"true\" class=\"wp-block-spacer\"><\/div>\n\n\n\n<div class=\"wp-block-group\"><div class=\"wp-block-group__inner-container is-layout-flow wp-block-group-is-layout-flow\">\n<h2 class=\"wp-block-heading\"><strong>Quais s\u00e3o os passos necess\u00e1rios para que novos medicamentos sejam aprovados?&nbsp;&nbsp;<\/strong><\/h2>\n\n\n\n<p>O desenvolvimento cl\u00ednico, ou desenvolvimento de medicamentos, refere-se a todo o processo de chegada de um novo tratamento no mercado. O caminho at\u00e9 a aprova\u00e7\u00e3o normalmente \u00e9 uma longa jornada \u2013 em torno de 10 a 15 anos e geralmente custa centenas de milh\u00f5es de d\u00f3lares.<sup>9<\/sup><\/p>\n\n\n\n<p><strong>Est\u00e1gios e cronograma de desenvolvimento de medicamentos<sup>9<\/sup><\/strong><\/p>\n\n\n\n<figure class=\"wp-block-image size-large d-none d-lg-block\"><noscript><img decoding=\"async\" src=\"http:\/\/dryamd.eu\/wp-content\/uploads\/2023\/07\/drug-development-stages-desktop-1024x423.png\" alt class=\"wp-image-1691\"><\/noscript><img decoding=\"async\" src=\"data:image\/gif;base64,R0lGODlhAQABAIAAAAAAAP\/\/\/yH5BAEAAAAALAAAAAABAAEAAAIBRAA7\" alt class=\"wp-image-1691 lazyload\" data-src=\"http:\/\/dryamd.eu\/wp-content\/uploads\/2023\/07\/drug-development-stages-desktop-1024x423.png\"><figcaption class=\"wp-element-caption\">Imagem baseada em informa\u00e7\u00f5es de Corr e Williams, 2009.<sup>9<\/sup><\/figcaption><\/figure>\n\n\n\n<figure class=\"wp-block-image size-large d-lg-none w-100 img-full\"><noscript><img decoding=\"async\" src=\"http:\/\/dryamd.eu\/wp-content\/uploads\/2023\/07\/drug-development-stages-mobile-249x1024.png\" alt class=\"wp-image-1692\"><\/noscript><img decoding=\"async\" src=\"data:image\/gif;base64,R0lGODlhAQABAIAAAAAAAP\/\/\/yH5BAEAAAAALAAAAAABAAEAAAIBRAA7\" alt class=\"wp-image-1692 lazyload\" data-src=\"http:\/\/dryamd.eu\/wp-content\/uploads\/2023\/07\/drug-development-stages-mobile-249x1024.png\"><figcaption class=\"wp-element-caption\">Imagem baseada em informa\u00e7\u00f5es de Corr e Williams, 2009.<sup>9<\/sup><\/figcaption><\/figure>\n\n\n\n<div style=\"height:32px\" aria-hidden=\"true\" class=\"wp-block-spacer\"><\/div>\n\n\n\n<p>Poss\u00edveis tratamentos em desenvolvimento precisam ser cuidadosamente testados e aprovados por ag\u00eancias governamentais antes de serem disponibilizados aos pacientes. Isso \u00e9 feito atrav\u00e9s da realiza\u00e7\u00e3o de estudos cl\u00ednicos: pesquisas que investigam a efic\u00e1cia e a seguran\u00e7a de um tratamento em humanos.<sup>10<\/sup><\/p>\n<\/div><\/div>\n\n\n\n<div style=\"height:64px\" aria-hidden=\"true\" class=\"wp-block-spacer\"><\/div>\n\n\n\n<div class=\"wp-block-group\"><div class=\"wp-block-group__inner-container is-layout-flow wp-block-group-is-layout-flow\">\n<h2 class=\"wp-block-heading m-0 mb-4\"><strong>Vis\u00e3o geral do estudo cl\u00ednico oftalmol\u00f3gico<sup>10<\/sup><\/strong><\/h2>\n\n\n\n<p>Durante um estudo cl\u00ednico, os pesquisadores dividem os participantes em diferentes grupos. Alguns podem receber o novo tratamento, enquanto outros (grupo controle) recebem o tratamento padr\u00e3o que os m\u00e9dicos j\u00e1 usam ou um placebo\/simula\u00e7\u00e3o (um tratamento falso que n\u00e3o tem efeito terap\u00eautico).<\/p>\n\n\n\n<p>Quando poss\u00edvel, os estudos cl\u00ednicos s\u00e3o conduzidos em car\u00e1ter duplo-cego, o que significa que nem os participantes nem os pesquisadores que examinam e monitoram os participantes sabem em qual grupo cada um est\u00e1. Isso ajuda a evitar que algum vi\u00e9s ou expectativas influenciem os resultados do estudo cl\u00ednico.<\/p>\n\n\n\n<p>Dependendo do estudo, os participantes podem precisar fazer coisas diferentes, como tomar p\u00edlulas, receber inje\u00e7\u00f5es ou fazer exames oftalmol\u00f3gicos. Os participantes geralmente precisam voltar para visitas de acompanhamento ao longo de v\u00e1rios meses ou anos, para que os pesquisadores possam ver se o tratamento funciona por um longo per\u00edodo de tempo.<\/p>\n<\/div><\/div>\n\n\n\n<div style=\"height:64px\" aria-hidden=\"true\" class=\"wp-block-spacer\"><\/div>\n\n\n\n<div class=\"wp-block-group\"><div class=\"wp-block-group__inner-container is-layout-flow wp-block-group-is-layout-flow\">\n<h2 class=\"wp-block-heading m-0 mb-4\"><strong>Fases do estudo cl\u00ednico<\/strong><\/h2>\n\n\n\n<p>Os estudos cl\u00ednicos em oftalmologia s\u00e3o conduzidos em quatro fases. Novos tratamentos devem passar com sucesso por cada fase do estudo cl\u00ednico para serem aprovados.<sup>9,10<\/sup><\/p>\n\n\n\n<p><strong>Fase 1:<\/strong> Testa a seguran\u00e7a do novo tratamento em um pequeno grupo de volunt\u00e1rios saud\u00e1veis e determina se ele \u00e9 eficaz e em qual dose.<\/p>\n\n\n\n<p><strong>Fase 2:<\/strong> Investiga o tratamento em um grupo maior de pessoas com a doen\u00e7a alvo para determinar melhor se ele \u00e9 uma maneira eficaz de tratar ou prevenir a doen\u00e7a e avaliar a seguran\u00e7a.<\/p>\n\n\n\n<p><strong>Fase 3:<\/strong> Compara o novo tratamento ao placebo e\/ou a um tratamento atual ou \u201cpadr\u00e3o de tratamento\u201d, para estabelecer a efic\u00e1cia do medicamento em um n\u00famero maior de pacientes.<\/p>\n\n\n\n<p><strong>Fase 4:<\/strong> Ocorre ap\u00f3s o medicamento ter recebido aprova\u00e7\u00e3o regulat\u00f3ria e ter sido liberado no mercado (\u201cp\u00f3s-aprova\u00e7\u00e3o\u201d ou \u201cp\u00f3s-comercializa\u00e7\u00e3o\u201d).<\/p>\n\n\n\n<p>Monitoramento p\u00f3s-comercializa\u00e7\u00e3o: As ag\u00eancias regulat\u00f3rias analisam todo e qualquer efeito adverso relatado por profissionais de sa\u00fade e pacientes. Se forem relatados mais problemas do que o esperado, ou se os problemas forem mais graves do que o esperado, as ag\u00eancias regulat\u00f3rias podem decidir retirar o medicamento do mercado.<\/p>\n<\/div><\/div>\n\n\n\n<div style=\"height:64px\" aria-hidden=\"true\" class=\"wp-block-spacer\"><\/div>\n\n\n\n<div class=\"wp-block-group\"><div class=\"wp-block-group__inner-container is-layout-flow wp-block-group-is-layout-flow\">\n<h2 class=\"wp-block-heading m-0 mb-4\"><strong>Participando de um estudo cl\u00ednico<\/strong><\/h2>\n\n\n\n<p>Ao participar de um estudo cl\u00ednico, voc\u00ea pode ser uma das primeiras pessoas a receber um novo tratamento na forma de um produto experimental. Voc\u00ea tamb\u00e9m estar\u00e1 ajudando a explorar tratamentos potenciais que poderiam proporcionar benef\u00edcios futuros para in\u00fameras outras pessoas que sofrem da doen\u00e7a.<\/p>\n\n\n\n<div class=\"wp-block-columns row flex-lg-nowrap is-layout-flex wp-container-core-columns-is-layout-9d6595d7 wp-block-columns-is-layout-flex\">\n<div class=\"wp-block-column flex-shrink-1 is-layout-flow wp-block-column-is-layout-flow\">\n<p>Antes de participar de um estudo cl\u00ednico, \u00e9 importante perguntar a seu oftalmologista ou optometrista se o estudo \u00e9 adequado para voc\u00ea. Fale com eles sobre:<\/p>\n\n\n\n<ul class=\"wp-block-list text-medium\">\n<li>Oportunidades de participar de estudos cl\u00ednicos que investiguem tratamentos para atrofia geogr\u00e1fica<\/li>\n\n\n\n<li>Informa\u00e7\u00f5es sobre estudos cl\u00ednicos atualmente em andamento em sua regi\u00e3o e como se inscrever<\/li>\n<\/ul>\n<\/div>\n\n\n\n<div class=\"wp-block-column flex-shrink-1 is-layout-flow wp-block-column-is-layout-flow\">\n<figure class=\"wp-block-image size-large is-resized\"><noscript><img decoding=\"async\" src=\"http:\/\/dryamd.eu\/wp-content\/uploads\/2023\/07\/clinical-trial-1024x706.png\" alt class=\"wp-image-1690\" style=\"width:512px;height:353px\"><\/noscript><img decoding=\"async\" src=\"data:image\/gif;base64,R0lGODlhAQABAIAAAAAAAP\/\/\/yH5BAEAAAAALAAAAAABAAEAAAIBRAA7\" alt class=\"wp-image-1690 lazyload\" style=\"width:512px;height:353px\" data-src=\"http:\/\/dryamd.eu\/wp-content\/uploads\/2023\/07\/clinical-trial-1024x706.png\"><\/figure>\n<\/div>\n<\/div>\n<\/div><\/div>\n\n\n\n<div style=\"height:64px\" aria-hidden=\"true\" class=\"wp-block-spacer\"><\/div>\n\n\n\n<div class=\"wp-block-group\"><div class=\"wp-block-group__inner-container is-layout-flow wp-block-group-is-layout-flow\">\n<h2 class=\"wp-block-heading m-0 mb-4\"><strong>Acessar recursos \u00fateis<\/strong><\/h2>\n\n\n\n<p>Consulte o gloss\u00e1rio para ver mais explica\u00e7\u00f5es sobre termos desconhecidos usados ao longo desta se\u00e7\u00e3o e em todo o site.<\/p>\n\n\n\n<div class=\"wp-block-buttons is-layout-flex wp-block-buttons-is-layout-flex\">\n<div class=\"wp-block-button full-w-btn mb-0\"><a class=\"wp-block-button__link wp-element-button\" href=\"https:\/\/dryamd.info\/pt\/glossary\/\">Visualizar gloss\u00e1rio<\/a><\/div>\n<\/div>\n<\/div><\/div>\n\n\n\n<div style=\"height:40px\" aria-hidden=\"true\" class=\"wp-block-spacer\"><\/div>\n\n\n\n<div class=\"wp-block-group references\"><div class=\"wp-block-group__inner-container is-layout-flow wp-block-group-is-layout-flow\">\n<p class=\"resources-title mt-0\">Refer\u00eancias:<\/p>\n\n\n\n<ol class=\"wp-block-list\">\n<li>Rubner R, <em>et al. Int J Ophthalmol.<\/em> 2022;15(1):157\u2013166.<\/li>\n\n\n\n<li>Cabral de Guiemeraes TA, <em>et al. Br J Ophthalmol.<\/em> 2022;106(3):297\u2013304.<\/li>\n\n\n\n<li>Singh MS, <em>et al. Prog Retin Eye Res.<\/em> 2020;75:100779.<\/li>\n\n\n\n<li>Khan H, <em>et al. Expert Rev Ophthalmol.<\/em> 2022;17(6):371\u2013374.<\/li>\n\n\n\n<li>Kim BJ, <em>et al. Prog Retin Eye Res.<\/em> 2021;83:100936.<\/li>\n\n\n\n<li>Boyer DS, <em>et al. Retina<\/em>. 2017;37(5):819\u2013835.<\/li>\n\n\n\n<li>Scholl HPN, <em>et al. Ophthalmic Res.<\/em> 2021;64(6):888\u2013902.<\/li>\n\n\n\n<li>Nebbioso M, <em>et al. Int J Mol Sci.<\/em> 2019;20(7):1693.<\/li>\n\n\n\n<li>Corr P, Williams D. The pathway from idea to regulatory approval: examples for drug development. Washington (DC): National Academies Press (US); 2009.<\/li>\n\n\n\n<li>National Eye Institute. 2021. Learn about clinical trials. Dispon\u00edvel em: https:\/\/www.nei.nih.gov\/research\/clinical-trials\/learn-about-clinical-trials (acessado em maio de 2023).<\/li>\n<\/ol>\n<\/div><\/div>\n\n\n\n<p>BR-GA-2600001 I Mar\u00e7o 2026<\/p>\n","protected":false},"excerpt":{"rendered":"<p>Tratamento da atrofia geogr\u00e1fica (AG), uma forma avan\u00e7ada de degenera\u00e7\u00e3o macular relacionada \u00e0 idade (DMRI) As op\u00e7\u00f5es de tratamento para pacientes com atrofia geogr\u00e1fica (AG) est\u00e3o em desenvolvimento, e os estudos cl\u00ednicos est\u00e3o em andamento no momento. Nesta se\u00e7\u00e3o, analisaremos mais de perto as diversas abordagens de tratamento sob investiga\u00e7\u00e3o para o tratamento de AG. [&hellip;]<\/p>\n","protected":false},"author":12,"featured_media":0,"parent":0,"menu_order":0,"comment_status":"closed","ping_status":"closed","template":"","meta":{"footnotes":""},"class_list":["post-1684","page","type-page","status-publish","hentry"],"aioseo_notices":[],"_links":{"self":[{"href":"https:\/\/dryamd.info\/pt\/wp-json\/wp\/v2\/pages\/1684","targetHints":{"allow":["GET"]}}],"collection":[{"href":"https:\/\/dryamd.info\/pt\/wp-json\/wp\/v2\/pages"}],"about":[{"href":"https:\/\/dryamd.info\/pt\/wp-json\/wp\/v2\/types\/page"}],"author":[{"embeddable":true,"href":"https:\/\/dryamd.info\/pt\/wp-json\/wp\/v2\/users\/12"}],"replies":[{"embeddable":true,"href":"https:\/\/dryamd.info\/pt\/wp-json\/wp\/v2\/comments?post=1684"}],"version-history":[{"count":0,"href":"https:\/\/dryamd.info\/pt\/wp-json\/wp\/v2\/pages\/1684\/revisions"}],"wp:attachment":[{"href":"https:\/\/dryamd.info\/pt\/wp-json\/wp\/v2\/media?parent=1684"}],"curies":[{"name":"wp","href":"https:\/\/api.w.org\/{rel}","templated":true}]}}