{"id":1622,"date":"2022-11-07T13:23:08","date_gmt":"2022-11-07T12:23:08","guid":{"rendered":"https:\/\/dryamd.eu\/?page_id=1622"},"modified":"2026-03-12T17:11:55","modified_gmt":"2026-03-12T17:11:55","slug":"cookie-statement","status":"publish","type":"page","link":"https:\/\/dryamd.info\/pt\/cookie-statement\/","title":{"rendered":"Pol\u00edtica de cookies"},"content":{"rendered":"\n<h1 class=\"wp-block-heading\">Pol\u00edtica de cookies<\/h1>\n\n\n\n<p>Cookies s\u00e3o fragmentos de dados que um site pode transferir para o navegador da web de um usu\u00e1rio. Os cookies podem permanecer no seu computador depois que voc\u00ea sair do site, mas a maioria dos navegadores permite que voc\u00ea os exclua manualmente. A maioria dos navegadores da web \u00e9 pr\u00e9-configurada para aceitar cookies. Alguns cookies armazenam dados apenas durante o tempo em que voc\u00ea est\u00e1 no site. Eles s\u00e3o chamados de cookies de sess\u00e3o, que n\u00e3o s\u00e3o armazenados no seu computador ap\u00f3s a sua sa\u00edda do site.<\/p>\n\n\n\n<p>Se preferir n\u00e3o receber cookies, voc\u00ea pode configurar seu navegador para recus\u00e1-los ou alert\u00e1-lo quando estiverem em uso. A maioria dos elementos deste site ainda funcionar\u00e1 se voc\u00ea desativar os cookies nas configura\u00e7\u00f5es do seu navegador da web.<\/p>\n\n\n\n<p>Ao visitar este site, se o seu navegador estiver usando as configura\u00e7\u00f5es padr\u00e3o e aceitando cookies, voc\u00ea estar\u00e1 dando consentimento para que os cookies deste site sejam armazenados no seu computador. Se voc\u00ea n\u00e3o quiser que isso aconte\u00e7a, voc\u00ea pode desativ\u00e1-los nas configura\u00e7\u00f5es do seu navegador.<\/p>\n\n\n\n<p>Os seguintes cookies s\u00e3o usados no site. Por padr\u00e3o, todos os cookies permitidos s\u00e3o armazenados por um ano.<\/p>\n\n\n\n<p><strong>Diferentes tipos de cookies<\/strong><\/p>\n\n\n\n<p><strong>Sess\u00e3o e cookies persistentes<\/strong><\/p>\n\n\n\n<p>Os cookies podem expirar no final de uma sess\u00e3o do navegador (desde o momento em que o usu\u00e1rio abre a janela do navegador at\u00e9 o momento em que sai do navegador) ou podem ser armazenados por per\u00edodos mais longos.<\/p>\n\n\n\n<p><strong>Cookies de sess\u00e3o<\/strong> \u2013 permitem que sites vinculem as a\u00e7\u00f5es de um usu\u00e1rio durante uma sess\u00e3o do navegador. Eles podem ser usados para uma variedade de prop\u00f3sitos, como lembrar o que um usu\u00e1rio colocou em sua cesta de compras enquanto navega pelo site. Esses cookies de sess\u00e3o expiram ap\u00f3s uma sess\u00e3o do navegador.<\/p>\n\n\n\n<p>O uso dos chamados cookies de sess\u00e3o (que, em todo o caso, n\u00e3o s\u00e3o armazenados de forma persistente no computador do usu\u00e1rio e s\u00e3o eliminados automaticamente assim que o navegador \u00e9 encerrado) limita-se estritamente \u00e0 finalidade de transmitir dados (compostos por n\u00fameros aleat\u00f3rios criados pelo servidor) que identificam a sess\u00e3o espec\u00edfica e s\u00e3o necess\u00e1rios para permitir uma navega\u00e7\u00e3o segura e eficiente no site. Os chamados cookies de sess\u00e3o usados neste site evitam quaisquer outros m\u00e9todos de computador que possam comprometer a privacidade da navega\u00e7\u00e3o dos usu\u00e1rios na web.<\/p>\n\n\n\n<p><strong>Cookies persistentes<\/strong>&nbsp;\u2013 s\u00e3o armazenados no dispositivo de um usu\u00e1rio entre as sess\u00f5es do navegador, o que permite que as prefer\u00eancias ou a\u00e7\u00f5es do usu\u00e1rio em um site (ou, em alguns casos, em sites diferentes) sejam lembradas. Cookies persistentes podem ser usados para uma variedade de prop\u00f3sitos, incluindo lembrar das prefer\u00eancias e escolhas dos usu\u00e1rios ao usar um site.<\/p>\n\n\n\n<p><strong>Cookies prim\u00e1rios e de terceiros<\/strong>&nbsp;\u2013 se um cookie \u00e9 \u201cprim\u00e1rio\u201d ou \u201cterceiro\u201d refere-se ao site ou dom\u00ednio que coloca o cookie. Cookies prim\u00e1rios, em termos b\u00e1sicos, s\u00e3o cookies definidos por um site visitado pelo usu\u00e1rio \u2013 o site exibido na janela da URL. Cookies de terceiros s\u00e3o cookies de um dom\u00ednio diferente do dom\u00ednio do site que voc\u00ea est\u00e1 visitando \u2013 para nossos esfor\u00e7os de publicidade e marketing. <\/p>\n\n\n\n<p><strong>Cookies que usamos<\/strong><\/p>\n\n\n\n<p>Quando voc\u00ea visita qualquer site, a Apellis usa cookies para melhorar a experi\u00eancia do usu\u00e1rio, proteger suas informa\u00e7\u00f5es e desenvolver estat\u00edsticas agregadas sobre os dados coletados por v\u00e1rios motivos. Mais especificamente, usamos cookies e outras tecnologias de rastreamento para os seguintes prop\u00f3sitos:<\/p>\n\n\n\n<p><strong>Cookies estritamente necess\u00e1rios<\/strong><\/p>\n\n\n\n<p>Esses cookies s\u00e3o necess\u00e1rios para que o site funcione e n\u00e3o podem ser desativados em nossos sistemas. Eles geralmente s\u00e3o definidos apenas em resposta a a\u00e7\u00f5es realizadas por voc\u00ea que equivalem a uma solicita\u00e7\u00e3o de servi\u00e7os, como definir suas prefer\u00eancias de privacidade ou preencher formul\u00e1rios. Voc\u00ea pode configurar seu navegador para bloquear ou alertar sobre esses cookies, mas se fizer isso, algumas partes do site n\u00e3o funcionar\u00e3o. Esses cookies n\u00e3o armazenam nenhuma informa\u00e7\u00e3o pessoal.<\/p>\n\n\n\n<figure class=\"wp-block-table\"><table class=\"has-fixed-layout\"><tbody><tr><td><strong>Nome do cookie<\/strong><\/td><td><strong>Fonte<\/strong><\/td><td><strong>Validade<\/strong><\/td><td><strong>Status padr\u00e3o<\/strong><\/td><\/tr><tr><td>Banner de cookies<\/td><td>Site<\/td><td>1 ano<\/td><td>Isso \u00e9 usado para armazenar a permiss\u00e3o para uso de cookies<\/td><\/tr><tr><td>-disable-{ID<\/td><td>Site<\/td><td>1 ano<\/td><td>Gerencia o Google Analytics<\/td><\/tr><\/tbody><\/table><\/figure>\n\n\n\n<p><strong>Cookies opcionais<\/strong><\/p>\n\n\n\n<p><strong>Cookies funcionais<\/strong><\/p>\n\n\n\n<label class=\"switch\" id=\"gaswitcher\">\n                \n                <span class=\"sliderSwitcher round\"><\/span>\n            <\/label>\n\n\n\n<p>Esses cookies permitem que o site forne\u00e7a funcionalidade e personaliza\u00e7\u00e3o aprimoradas. Eles podem ser definidos por n\u00f3s ou por prestadores terceirizados cujos servi\u00e7os adicionamos \u00e0s nossas p\u00e1ginas. Se voc\u00ea n\u00e3o permitir esses cookies, alguns ou todos esses servi\u00e7os poder\u00e3o n\u00e3o funcionar corretamente.<\/p>\n\n\n\n<figure class=\"wp-block-table\"><table class=\"has-fixed-layout\"><tbody><tr><td><strong>Nome do cookie<\/strong><\/td><td><strong>Fonte<\/strong><\/td><td><strong>Validade<\/strong><\/td><td><strong>Status padr\u00e3o<\/strong><\/td><\/tr><tr><td>PHPSESSID<\/td><td>WordPress<\/td><td>1 ano<\/td><td>Usado pelo WordPress<\/td><\/tr><tr><td>csrf_token<\/td><td>WordPress<\/td><td>24 horas<\/td><td>Usado pelo WordPress<\/td><\/tr><\/tbody><\/table><\/figure>\n\n\n\n<p><strong>Cookies de desempenho<\/strong><\/p>\n\n\n\n<label class=\"switch\" id=\"gaswitcher\">\n                \n                <span class=\"sliderSwitcher round\"><\/span>\n            <\/label>\n\n\n\n<p>Esses cookies nos permitem contar visitas e fontes de tr\u00e1fego para que possamos medir e melhorar o desempenho do nosso site. Eles nos ajudam a saber quais p\u00e1ginas s\u00e3o as mais e menos populares e a ver como os visitantes navegam pelo site. Todas as informa\u00e7\u00f5es coletadas por esses cookies s\u00e3o agregadas e, portanto, an\u00f4nimas. Se voc\u00ea n\u00e3o permitir esses cookies, n\u00e3o saberemos quando voc\u00ea visitou nosso site e n\u00e3o poderemos monitorar seu desempenho.<\/p>\n\n\n\n<figure class=\"wp-block-table\"><table class=\"has-fixed-layout\"><tbody><tr><td><strong>Nome do cookie<\/strong><\/td><td><strong>Fonte<\/strong><\/td><td><strong>Validade<\/strong><\/td><td><strong>Status padr\u00e3o<\/strong><\/td><\/tr><tr><td>_ga<\/td><td>Google Analytics<\/td><td>At\u00e9 2 anos<\/td><td>Usado pelo Google Analytics<\/td><\/tr><tr><td>_ga_ZJ8CRS7026<\/td><td>Google Analytics<\/td><td>1 m\u00eas<\/td><td>Usado pelo Google Analytics<\/td><\/tr><tr><td>_gid<\/td><td>Google Analytics<\/td><td>24 horas<\/td><td>Usado pelo Google Analytics<\/td><\/tr><\/tbody><\/table><\/figure>\n\n\n\n<p><strong><strong>Cookies de segmenta\u00e7\u00e3o<\/strong><\/strong><\/p>\n\n\n\n<label class=\"switch\" id=\"gaswitcher\">\n                \n                <span class=\"sliderSwitcher round\"><\/span>\n            <\/label>\n\n\n\n<p>Esses cookies podem ser configurados em nosso site por nossos parceiros de publicidade. Eles podem ser usados por essas empresas para criar um perfil de seus interesses e mostrar an\u00fancios relevantes em outros sites. Eles n\u00e3o armazenam informa\u00e7\u00f5es que sejam diretamente pessoais, mas s\u00e3o baseados na identifica\u00e7\u00e3o espec\u00edfica do seu navegador e seu dispositivo de internet. Se voc\u00ea n\u00e3o permitir esses cookies, voc\u00ea ver\u00e1 propagandas menos direcionadas.<\/p>\n\n\n\n<figure class=\"wp-block-table\"><table><tbody><tr><td><strong>Nome do cookie<\/strong><\/td><td><strong>Fonte<\/strong><\/td><td><strong>Validade<\/strong><\/td><td><strong>Status padr\u00e3o<\/strong><\/td><\/tr><tr><td>NID<\/td><td>Google Analytics<\/td><td>6 meses<\/td><td>Google Ads<\/td><\/tr><tr><td>CONSENTIMENTO<\/td><td>Google Analytics<\/td><td>At\u00e9 2 anos<\/td><td>Usado pelo Google Analytics<\/td><\/tr><tr><td>SOCS<\/td><td>Site<\/td><td>At\u00e9 13 meses<\/td><td>Prefer\u00eancias de cookies<\/td><\/tr><tr><td>AEC<\/td><td>Site<\/td><td>6 meses<\/td><td>Prote\u00e7\u00e3o contra spam<\/td><\/tr><tr><td>_gat_UA-195141074-1<\/td><td>Google Analytics<\/td><td>1 minuto<\/td><td>Usado pelo Google Analytics<\/td><\/tr><\/tbody><\/table><\/figure>\n\n\n\n<p><strong>Google Analytics<\/strong><\/p>\n\n\n\n<p>Usamos o Google Analytics, um servi\u00e7o de an\u00e1lise da web fornecido pela Google, Inc. (\u201cGoogle\u201d), para coletar informa\u00e7\u00f5es sobre como nossos visitantes usam e navegam em nosso site. O Google Analytics usa \u201ccookies\u201d, que s\u00e3o arquivos de texto colocados no seu computador, para ajudar o site a analisar como os usu\u00e1rios usam o site. Usamos essas informa\u00e7\u00f5es para relatar e analisar o uso do site para melhorar o uso da p\u00e1gina inicial pelos visitantes. As informa\u00e7\u00f5es geradas pelo cookie sobre seu uso do site (incluindo seu endere\u00e7o IP) ser\u00e3o transmitidas e armazenadas pelo Google em servidores nos Estados Unidos. O Google usar\u00e1 essas informa\u00e7\u00f5es para avaliar seu uso do site, compilar relat\u00f3rios sobre a atividade do site para operadores de sites e fornecer outros servi\u00e7os relacionados \u00e0 atividade do site e ao uso da internet. O Google tamb\u00e9m pode transferir essas informa\u00e7\u00f5es a terceiros quando exigido por lei ou quando esses terceiros processam as informa\u00e7\u00f5es em nome do Google. O Google n\u00e3o associar\u00e1 seu endere\u00e7o de IP a nenhum outro dado mantido pelo Google. Voc\u00ea pode recusar o uso de cookies selecionando as configura\u00e7\u00f5es apropriadas no seu navegador.<\/p>\n\n\n\n<p>No entanto, observe que se voc\u00ea fizer isso, talvez n\u00e3o consiga usar todas as funcionalidades deste site. Ao usar este site, voc\u00ea consente com o processamento de dados sobre voc\u00ea pelo Google da maneira e para os prop\u00f3sitos estabelecidos acima.<\/p>\n\n\n\n<p>Para obter mais detalhes sobre como o Google processa seus dados, visite a Pol\u00edtica de privacidade do Google.<\/p>\n\n\n\n<p>O Google Analytics coleta informa\u00e7\u00f5es anonimamente. No entanto, voc\u00ea pode optar por n\u00e3o ser rastreado pelo Google Analytics em todos os sites que voc\u00ea acessa, instalando o complemento para navegador do Google Analytics. Para optar por n\u00e3o ser rastreado pelo Google Analytics em todos os sites, acesse https:\/\/tools.google.com\/dlpage\/gaoptout (compat\u00edvel com Chrome, Internet Explorer 8-11, Safari, Firefox e Opera)<\/p>\n\n\n\n<p><strong>Como aceitar, controlar e excluir nossos cookies<\/strong><strong><\/strong><\/p>\n\n\n\n<p>Alguns cookies s\u00e3o estritamente necess\u00e1rios para o correto funcionamento deste site e n\u00e3o exigem o consentimento do usu\u00e1rio, como aqueles que garantem que o conte\u00fado de uma p\u00e1gina carregue de forma r\u00e1pida e eficaz, distribuindo a carga de trabalho por v\u00e1rios computadores ou ainda aqueles que fornecem seguran\u00e7a.<\/p>\n\n\n\n<p>Outros cookies ainda s\u00e3o razoavelmente necess\u00e1rios ou importantes, mas n\u00e3o s\u00e3o estritamente essenciais e, portanto, exigem o consentimento do usu\u00e1rio. Para esses cookies (ou seja, desempenho e funcionalidade), solicitamos seu consentimento (pelo bot\u00e3o \u201caceitar todos\u201d em nosso banner de cookies ou por meio das configura\u00e7\u00f5es de cookies do seu navegador) antes de coloc\u00e1-los em seu dispositivo.<\/p>\n\n\n\n<p>Se voc\u00ea n\u00e3o quiser dar consentimento ou desejar retirar seu consentimento para quaisquer cookies n\u00e3o essenciais a qualquer momento, ser\u00e1 necess\u00e1rio excluir, bloquear ou desabilitar os cookies nas configura\u00e7\u00f5es do seu navegador. Essas configura\u00e7\u00f5es geralmente s\u00e3o encontradas no menu \u201cop\u00e7\u00f5es\u201d ou \u201cprefer\u00eancias\u201d do seu navegador de internet. Caso contr\u00e1rio, voc\u00ea deve usar a op\u00e7\u00e3o \u2018ajuda\u2019 no seu navegador de internet para mais detalhes ou pode clicar em um dos links abaixo para ir diretamente ao manual do usu\u00e1rio do seu navegador:<\/p>\n\n\n\n<ul class=\"wp-block-list\">\n<li>Mozilla-Firefox<\/li>\n\n\n\n<li>Google Chrome<\/li>\n\n\n\n<li>Safari<\/li>\n\n\n\n<li>Opera<\/li>\n\n\n\n<li>Internet Explorer<\/li>\n<\/ul>\n\n\n\n<p>Para optar por desativar o Google Analytics, acesse <a href=\"https:\/\/tools.google.com\/dlpage\/gaoptout\">https:\/\/tools.google.com\/dlpage\/gaoptout<\/a><\/p>\n\n\n\n<p>Observe que desativar ou bloquear algumas ou todas as categorias de cookies afetar\u00e1 a funcionalidade do site e poder\u00e1 impactar seu acesso e experi\u00eancia com nosso site e os servi\u00e7os que podemos oferecer.<\/p>\n\n\n\n<p>Todas as suas prefer\u00eancias de cookies s\u00e3o limitadas somente a este site e n\u00e3o a outros sites de terceiros ou quaisquer outras p\u00e1ginas da web, que podem conter hiperlinks para este site. Para obter mais informa\u00e7\u00f5es sobre os cookies usados por esses sites, consulte o aviso de privacidade espec\u00edfico ou a pol\u00edtica de cookies desses sites.<\/p>\n\n\n\n<p><strong>Atualiza\u00e7\u00e3o da pol\u00edtica de cookies<\/strong><strong><\/strong><\/p>\n\n\n\n<p>A pol\u00edtica de cookies do nosso site pode ser atualizada periodicamente, por isso \u00e9 recomend\u00e1vel consultar este documento sempre que acessar o site, para estar devidamente informado sobre quaisquer atualiza\u00e7\u00f5es em nosso uso de cookies.<\/p>\n\n\n\n<p><strong>Mais informa\u00e7\u00f5es sobre cookies<\/strong><strong><\/strong><\/p>\n\n\n\n<p>Para obter mais informa\u00e7\u00f5es sobre os cookies instalados por meio deste site, voc\u00ea pode entrar em contato com nosso Escrit\u00f3rio de Privacidade em: <a href=\"mailto:privacy@apellis.com\">privacy@apellis.com<\/a><\/p>\n\n\n\n<p>Voc\u00ea tamb\u00e9m pode acessar <a href=\"http:\/\/www.aboutcookies.org\">www.aboutcookies.org<\/a>, <a href=\"http:\/\/www.allaboutcookies.org\">www.allaboutcookies.org<\/a> ou [adicione a p\u00e1gina da ag\u00eancia local de prote\u00e7\u00e3o de dados referente a cookies] que cont\u00eam informa\u00e7\u00f5es gerais sobre cookies e informa\u00e7\u00f5es abrangentes sobre como modificar as configura\u00e7\u00f5es de cookies em uma ampla variedade de navegadores e como excluir cookies do seu computador.<\/p>\n\n\n\n<p>BR-GA-2600001 I Mar\u00e7o 2026<\/p>\n\n\n\n<p><\/p>\n","protected":false},"excerpt":{"rendered":"<p>Pol\u00edtica de cookies Cookies s\u00e3o fragmentos de dados que um site pode transferir para o navegador da web de um usu\u00e1rio. Os cookies podem permanecer no seu computador depois que voc\u00ea sair do site, mas a maioria dos navegadores permite que voc\u00ea os exclua manualmente. A maioria dos navegadores da web \u00e9 pr\u00e9-configurada para aceitar [&hellip;]<\/p>\n","protected":false},"author":12,"featured_media":0,"parent":0,"menu_order":0,"comment_status":"closed","ping_status":"closed","template":"","meta":{"footnotes":""},"class_list":["post-1622","page","type-page","status-publish","hentry"],"aioseo_notices":[],"_links":{"self":[{"href":"https:\/\/dryamd.info\/pt\/wp-json\/wp\/v2\/pages\/1622","targetHints":{"allow":["GET"]}}],"collection":[{"href":"https:\/\/dryamd.info\/pt\/wp-json\/wp\/v2\/pages"}],"about":[{"href":"https:\/\/dryamd.info\/pt\/wp-json\/wp\/v2\/types\/page"}],"author":[{"embeddable":true,"href":"https:\/\/dryamd.info\/pt\/wp-json\/wp\/v2\/users\/12"}],"replies":[{"embeddable":true,"href":"https:\/\/dryamd.info\/pt\/wp-json\/wp\/v2\/comments?post=1622"}],"version-history":[{"count":0,"href":"https:\/\/dryamd.info\/pt\/wp-json\/wp\/v2\/pages\/1622\/revisions"}],"wp:attachment":[{"href":"https:\/\/dryamd.info\/pt\/wp-json\/wp\/v2\/media?parent=1622"}],"curies":[{"name":"wp","href":"https:\/\/api.w.org\/{rel}","templated":true}]}}