{"id":143,"date":"2021-04-22T08:53:43","date_gmt":"2021-04-22T06:53:43","guid":{"rendered":"https:\/\/dryamd.eu\/?page_id=143"},"modified":"2026-03-12T17:16:08","modified_gmt":"2026-03-12T17:16:08","slug":"privacy-statement","status":"publish","type":"page","link":"https:\/\/dryamd.info\/pt\/privacy-statement\/","title":{"rendered":"Declara\u00e7\u00e3o de privacidade"},"content":{"rendered":"\n<h1 class=\"wp-block-heading bgcolor-seperate mt-5\"><strong>Declara\u00e7\u00e3o de privacidade<\/strong><\/h1>\n\n\n\n<p><strong>Apellis International GmbH<\/strong>&nbsp;<\/p>\n\n\n\n<p>Datado de: 29 de setembro de 2022<\/p>\n\n\n\n<p>A Apellis International GmbH, com sede em Z\u00e4hlerweg 10, 6300 Zug, Su\u00ed\u00e7a (\u201cn\u00f3s\u201d, \u201ca gente\u201d e \u201cnosso\u201d) como o controlador dos dados respons\u00e1vel por este site, reconhece a import\u00e2ncia e est\u00e1 comprometida em respeitar e proteger sua privacidade. Esta Declara\u00e7\u00e3o de privacidade se aplica \u00e0 nossa coleta e uso de informa\u00e7\u00f5es pessoais pormeio do nosso site staging.dryamd.eu\/pt\/ (o \u201cSite\u201d) e por meio de nossas intera\u00e7\u00f5es comerciais offline com voc\u00ea.&nbsp;<\/p>\n\n\n\n<p><strong>Os<\/strong><strong> <\/strong><strong>prop\u00f3sitos<\/strong><strong> <\/strong><strong>para<\/strong><strong> <\/strong><strong>os quais<\/strong><strong> <\/strong><strong><\/strong><strong> <\/strong><strong>coletamos<\/strong><strong> <\/strong><strong>dados pessoais e nossa base legal <\/strong><strong><\/strong><\/p>\n\n\n\n<p>A tabela a seguir descreve, caso a caso, as categorias de seus dados pessoais que coletamos e processamos, a fonte da coleta, a base legal do processamento, o per\u00edodo de reten\u00e7\u00e3o de dados e os destinat\u00e1rios de seus dados pessoais.<\/p>\n\n\n\n<p><\/p>\n\n\n\n<p><strong>Para lhe fornecer as informa\u00e7\u00f5es que voc\u00ea solicitar atrav\u00e9s do formul\u00e1rio online<\/strong><\/p>\n\n\n\n<p>O Centro pode coletar informa\u00e7\u00f5es que podem ser potencialmente identific\u00e1veis pessoalmente sobre suas visitas sem que voc\u00ea envie ativamente tais informa\u00e7\u00f5es. Informa\u00e7\u00f5es n\u00e3o identificadas podem ser coletadas usando v\u00e1rias tecnologias, como cookies. Cookies s\u00e3o pequenos arquivos de texto que s\u00e3o armazenados nos discos r\u00edgidos dos computadores que voc\u00ea usa para visitar sites. Para saber mais sobre cookies, incluindo como ver quais cookies foram configurados e como gerenci\u00e1-los e exclu\u00ed-los, veja abaixo na pr\u00f3xima se\u00e7\u00e3o \u201cDeclara\u00e7\u00e3o de cookies\u201d.<\/p>\n\n\n\n<div class=\"wp-block-columns is-layout-flex wp-container-core-columns-is-layout-9d6595d7 wp-block-columns-is-layout-flex\">\n<div class=\"wp-block-column is-layout-flow wp-block-column-is-layout-flow\">\n<p><strong>Coletamos os seguintes dados pessoais sobre voc\u00ea:<\/strong><\/p>\n\n\n\n<p><br><ins>Ao utilizar nosso site, coletamos apenas os dados que o seu navegador transmite ao nosso servidor (os chamados \u201carquivos de registro do servidor\u201d). Quando voc\u00ea visita nosso site, coletamos os seguintes dados tecnicamente necess\u00e1rios para exibir o site:&nbsp; Nosso site visitado<\/ins><\/p>\n\n\n\n<ul class=\"wp-block-list\">\n<li><ins>Data e hora no momento do acesso<\/ins><\/li>\n\n\n\n<li><ins>Quantidade de dados enviados em bytes<\/ins><\/li>\n\n\n\n<li><ins>Fonte\/refer\u00eancia a partir da qual voc\u00ea chegou na p\u00e1gina<\/ins><\/li>\n\n\n\n<li><ins>Navegador usado<\/ins><\/li>\n\n\n\n<li><ins>Sistema operacional usado<\/ins><\/li>\n\n\n\n<li><ins>Endere\u00e7o IP usado<\/ins><\/li>\n<\/ul>\n<\/div>\n\n\n\n<div class=\"wp-block-column is-layout-flow wp-block-column-is-layout-flow\">\n<p><strong>Coletamos esses dados de:<\/strong><br><br>Voc\u00ea<\/p>\n<\/div>\n\n\n\n<div class=\"wp-block-column is-layout-flow wp-block-column-is-layout-flow\">\n<p><strong>Contamos com a seguinte base legal de acordo com o GDPR:<\/strong><br><\/p>\n\n\n\n<p><a>O tratamento de dados \u00e9 realizado de acordo com o art. 6\u00ba, \u00a71\u00ba, al\u00ednea f, do GDPR, com base em nosso interesse leg\u00edtimo em melhorar a estabilidade e a funcionalidade do nosso site. Os dados n\u00e3o ser\u00e3o transmitidos nem usados de nenhuma outra maneira. No entanto, nos reservamos o direito de verificar os arquivos de registro do servidor posteriormente, se houver indica\u00e7\u00f5es concretas de uso ilegal.<\/a><\/p>\n<\/div>\n\n\n\n<div class=\"wp-block-column is-layout-flow wp-block-column-is-layout-flow\">\n<p><strong>Mantemos seus dados pessoais por:<\/strong><br><br>Pela dura\u00e7\u00e3o da presta\u00e7\u00e3o do servi\u00e7o<\/p>\n<\/div>\n\n\n\n<div class=\"wp-block-column is-layout-flow wp-block-column-is-layout-flow\">\n<p><strong>Compartilhamos seus dados pessoais com:<\/strong><br><br>Processadores terceirizados, como empresas de servi\u00e7os de TI e hospedagem de sites, provedores de conectividade (internet)<\/p>\n<\/div>\n<\/div>\n\n\n\n<hr class=\"wp-block-separator has-css-opacity my-5\"\/>\n\n\n\n<p><\/p>\n\n\n\n<p><strong>Seus direitos<\/strong><strong><\/strong><\/p>\n\n\n\n<p>Voc\u00ea pode acessar todas as suas informa\u00e7\u00f5es de identifica\u00e7\u00e3o pessoal que coletamos online. Voc\u00ea tamb\u00e9m pode solicitar a exclus\u00e3o de seus dados pessoais, a menos que as leis e regulamentos aplic\u00e1veis nos obriguem a armazenar seus dados pessoais.<\/p>\n\n\n\n<p>Voc\u00ea pode solicitar que lhe sejam fornecidas informa\u00e7\u00f5es sobre os dados que armazenamos\/processamos sobre voc\u00ea. Al\u00e9m disso, voc\u00ea tem o direito de bloquear ou excluir quaisquer dados pessoais, de se opor ao processamento dos seus dados, de corrigir quaisquer dados incorretos e de transferir seus dados para terceiros.<\/p>\n\n\n\n<p>Voc\u00ea pode corrigir erros factuais em suas informa\u00e7\u00f5es de identifica\u00e7\u00e3o pessoal enviando-nos um e-mail que mostre o erro de forma confi\u00e1vel. Voc\u00ea tamb\u00e9m tem o direito de solicitar a corre\u00e7\u00e3o de dados pessoais incorretos.<\/p>\n\n\n\n<p>Para proteger sua privacidade e seguran\u00e7a, tamb\u00e9m tomaremos medidas razo\u00e1veis \u200b\u200bpara verificar sua identidade antes de fazer corre\u00e7\u00f5es. Caso voc\u00ea tenha outras d\u00favidas ou preocupa\u00e7\u00f5es sobre esta declara\u00e7\u00e3o de privacidade ou queira que seus dados sejam exclu\u00eddos do nosso banco de dados, envie um e-mail para privacy@apellis.com.<\/p>\n\n\n\n<p>Voc\u00ea tamb\u00e9m tem o direito de apresentar uma reclama\u00e7\u00e3o junto a uma autoridade supervisora, se aplic\u00e1vel. Uma lista das autoridades de supervis\u00e3o da Uni\u00e3o Europeia est\u00e1 dispon\u00edvel aqui: <a href=\"https:\/\/edpb.europa.eu\/about-edpb\/board\/members_en\">https:\/\/edpb.europa.eu\/about-edpb\/board\/members_en<\/a><\/p>\n\n\n\n<p>Podemos atualizar ou alterar esta declara\u00e7\u00e3o a qualquer momento, publicando a declara\u00e7\u00e3o alterada no Site.<\/p>\n\n\n\n<p><strong>Transfer\u00eancias de dados internacionais<\/strong>&nbsp;<\/p>\n\n\n\n<p>A Apellis usa servidores e outras instala\u00e7\u00f5es de armazenamento nos Estados Unidos e na UE. A Apellis pode transferir informa\u00e7\u00f5es pessoais para fora de seu pa\u00eds de origem para os prop\u00f3sitos e da maneira estabelecida nesta declara\u00e7\u00e3o de privacidade, incluindo para processamento e armazenamento por prestadores de servi\u00e7os e afiliadas em conex\u00e3o com tais prop\u00f3sitos. Em todas as situa\u00e7\u00f5es, a Apellis toma medidas razo\u00e1veis \u200b\u200bpara garantir que sua privacidade seja protegida. Essas etapas incluem, entre outras, implementa\u00e7\u00e3o de controles de privacidade, seguran\u00e7a e contratuais, bem como as etapas observadas nesta declara\u00e7\u00e3o de privacidade, conforme exigido pela lei aplic\u00e1vel.<\/p>\n\n\n\n<p>A Apellis busca garantir que seus prestadores de servi\u00e7os e afiliadas protejam as informa\u00e7\u00f5es pessoais conforme esta declara\u00e7\u00e3o de privacidade. Um exemplo de garantias apropriadas que podem ser fornecidas por prestadores de servi\u00e7os e afiliadas inclui uma obriga\u00e7\u00e3o contratual de que eles forne\u00e7am pelo menos o mesmo n\u00edvel de prote\u00e7\u00e3o exigido pelos princ\u00edpios de privacidade da Apellis estabelecidos nesta declara\u00e7\u00e3o de privacidade. Quando a Apellis tiver conhecimento de que um prestador de servi\u00e7os ou afiliada est\u00e1 usando ou divulgando informa\u00e7\u00f5es pessoais de maneira contr\u00e1ria a esta declara\u00e7\u00e3o de privacidade, a Apellis tomar\u00e1 as medidas adequadas para impedir ou parar o uso ou a divulga\u00e7\u00e3o.<\/p>\n\n\n\n<p><strong>Seguran\u00e7a de suas informa\u00e7\u00f5es pessoais<\/strong>&nbsp;<\/p>\n\n\n\n<p>A seguran\u00e7a de suas informa\u00e7\u00f5es pessoais \u00e9 importante para n\u00f3s. Tomamos medidas razo\u00e1veis, incluindo salvaguardas t\u00e9cnicas, administrativas e f\u00edsicas, projetadas para proteger as informa\u00e7\u00f5es pessoais enviadas a n\u00f3s contra perda, uso indevido e acesso, divulga\u00e7\u00e3o, altera\u00e7\u00e3o e destrui\u00e7\u00e3o n\u00e3o autorizados. Tais medidas podem incluir, entre outras: criptografia de comunica\u00e7\u00f5es via SSL, criptografia de informa\u00e7\u00f5es enquanto est\u00e3o armazenadas, firewalls, controles de acesso, separa\u00e7\u00e3o de tarefas e protocolos de seguran\u00e7a semelhantes. No entanto, nenhum m\u00e9todo de seguran\u00e7a ou m\u00e9todo de transmiss\u00e3o pela internet \u00e9 totalmente seguro. Voc\u00ea deve sempre ter cuidado ao transmitir informa\u00e7\u00f5es pessoais pela Internet.<\/p>\n\n\n\n<p><strong><strong>Entre em contato conosco<\/strong><\/strong><\/p>\n\n\n\n<p>Antes de enviar um e-mail, esteja ciente do seguinte:<\/p>\n\n\n\n<p>Se voc\u00ea tiver alguma d\u00favida sobre esta Declara\u00e7\u00e3o de Privacidade ou preocupa\u00e7\u00f5es sobre a maneira como a Apellis processa suas informa\u00e7\u00f5es pessoais, ou precisar de assist\u00eancia para gerenciar suas escolhas de privacidade, entre em contato conosco em:<\/p>\n\n\n\n<p><strong>Apellis International GmbH<\/strong>&nbsp;<\/p>\n\n\n\n<p>Z\u00e4hlerweg 10, 6300 Zug&nbsp;<br>Su\u00ed\u00e7a CH-6302&nbsp;&nbsp;<br>E-mail:&nbsp;<a href=\"mailto:info@apellis.com\">info@apellis.com<\/a>&nbsp;<\/p>\n\n\n\n<p>Nosso encarregado da prote\u00e7\u00e3o de dados pode ser contatado da seguinte forma:&nbsp;&nbsp;<br>E-mail:&nbsp;<a href=\"mailto:privacy@apellis.com\">privacy@apellis.com<\/a>&nbsp;<\/p>\n\n\n\n<p>Nosso representante de privacidade de dados da UE pode ser contatado da seguinte forma:&nbsp;<br>ALG&nbsp;Manousakis&nbsp;Law Firm,&nbsp;&nbsp;<br>16,&nbsp;Laodikias&nbsp;Str., Atenas,&nbsp;&nbsp;<br>P.O. 11528, Gr\u00e9cia&nbsp;<br>E-mail:&nbsp;<a href=\"mailto:dataprivacy@alg.gr\" target=\"_blank\" rel=\"noreferrer noopener\">dataprivacy@alg.gr<\/a><\/p>\n\n\n\n<p><\/p>\n\n\n\n<p>BR-GA-2600001 I Mar\u00e7o 2026<\/p>\n","protected":false},"excerpt":{"rendered":"<p>Declara\u00e7\u00e3o de privacidade Apellis International GmbH&nbsp; Datado de: 29 de setembro de 2022 A Apellis International GmbH, com sede em Z\u00e4hlerweg 10, 6300 Zug, Su\u00ed\u00e7a (\u201cn\u00f3s\u201d, \u201ca gente\u201d e \u201cnosso\u201d) como o controlador dos dados respons\u00e1vel por este site, reconhece a import\u00e2ncia e est\u00e1 comprometida em respeitar e proteger sua privacidade. Esta Declara\u00e7\u00e3o de privacidade [&hellip;]<\/p>\n","protected":false},"author":12,"featured_media":0,"parent":0,"menu_order":0,"comment_status":"closed","ping_status":"closed","template":"","meta":{"footnotes":""},"class_list":["post-143","page","type-page","status-publish","hentry"],"aioseo_notices":[],"_links":{"self":[{"href":"https:\/\/dryamd.info\/pt\/wp-json\/wp\/v2\/pages\/143","targetHints":{"allow":["GET"]}}],"collection":[{"href":"https:\/\/dryamd.info\/pt\/wp-json\/wp\/v2\/pages"}],"about":[{"href":"https:\/\/dryamd.info\/pt\/wp-json\/wp\/v2\/types\/page"}],"author":[{"embeddable":true,"href":"https:\/\/dryamd.info\/pt\/wp-json\/wp\/v2\/users\/12"}],"replies":[{"embeddable":true,"href":"https:\/\/dryamd.info\/pt\/wp-json\/wp\/v2\/comments?post=143"}],"version-history":[{"count":0,"href":"https:\/\/dryamd.info\/pt\/wp-json\/wp\/v2\/pages\/143\/revisions"}],"wp:attachment":[{"href":"https:\/\/dryamd.info\/pt\/wp-json\/wp\/v2\/media?parent=143"}],"curies":[{"name":"wp","href":"https:\/\/api.w.org\/{rel}","templated":true}]}}