{"id":141,"date":"2021-04-22T08:53:29","date_gmt":"2021-04-22T06:53:29","guid":{"rendered":"https:\/\/dryamd.eu\/?page_id=141"},"modified":"2026-03-12T17:08:18","modified_gmt":"2026-03-12T17:08:18","slug":"legal-statement","status":"publish","type":"page","link":"https:\/\/dryamd.info\/pt\/legal-statement\/","title":{"rendered":"Declara\u00e7\u00e3o legal"},"content":{"rendered":"\n<h1 class=\"wp-block-heading bgcolor-seperate mt-5\"><strong>Declara\u00e7\u00e3o legal<\/strong><\/h1>\n\n\n\n<p><strong>Apellis International GmbH<\/strong>&nbsp;<\/p>\n\n\n\n<p>Bem-vindo ao site staging.dryamd.eu\/pt\/ (\u201cstaging.dryamd.eu\/pt\/\u201d). Este site \u00e9 de propriedade e operado pela Apellis (\u201cApellis\u201d) International GmbH, localizada em Z\u00e4hlerweg 10, 6300 Zug, Su\u00ed\u00e7a. Voc\u00ea pode usar este site, desde que cumpra estes termos e condi\u00e7\u00f5es.&nbsp;<\/p>\n\n\n\n<p>A Apellis respeita a privacidade dos usu\u00e1rios deste site. Portanto, leia tamb\u00e9m e esteja ciente das disposi\u00e7\u00f5es da nossa Declara\u00e7\u00e3o de privacidade, que divulga as pr\u00e1ticas da Apellis em rela\u00e7\u00e3o \u00e0 coleta e uso de suas informa\u00e7\u00f5es pessoais, e outras pol\u00edticas que regem outras partes deste site.<\/p>\n\n\n\n<p><strong>Natureza das informa\u00e7\u00f5es<\/strong>&nbsp;<\/p>\n\n\n\n<p>A Apellis criou e mant\u00e9m este site apenas para fins informativos e educacionais gerais. Este site n\u00e3o fornece aconselhamento m\u00e9dico. As informa\u00e7\u00f5es fornecidas n\u00e3o substituem a assist\u00eancia m\u00e9dica real. Voc\u00ea n\u00e3o deve usar as informa\u00e7\u00f5es aqui contidas para diagnosticar qualquer doen\u00e7a ou problema f\u00edsico ou para receitar ou usar qualquer medicamento apresentado no site. As pessoas que precisam de diagn\u00f3stico ou tratamento, ou que t\u00eam d\u00favidas espec\u00edficas relacionadas \u00e0 sua condi\u00e7\u00e3o ou tratamento, devem entrar em contato com seu profissional de sa\u00fade. As informa\u00e7\u00f5es no site podem conter refer\u00eancias diretas ou indiretas aos produtos, programas ou servi\u00e7os da Apellis, que podem n\u00e3o estar dispon\u00edveis em certos pa\u00edses ou regi\u00f5es e que podem estar sujeitos a diferentes regulamenta\u00e7\u00f5es e condi\u00e7\u00f5es de uso de acordo com o pa\u00eds. Essas refer\u00eancias n\u00e3o t\u00eam a inten\u00e7\u00e3o de Apellis de vender esses produtos, programas ou servi\u00e7os.<\/p>\n\n\n\n<p>As informa\u00e7\u00f5es apresentadas neste site s\u00e3o ou eram atuais na data da \u201c\u00daltima atualiza\u00e7\u00e3o\u201d mostrada em cada p\u00e1gina. A Apellis pode fazer melhorias e\/ou altera\u00e7\u00f5es neste site a qualquer momento. Embora a Apellis tente atualizar periodicamente as informa\u00e7\u00f5es neste site, as informa\u00e7\u00f5es, os materiais e os servi\u00e7os fornecidos neste site ou por meio dele podem ocasionalmente ser imprecisos, incompletos ou desatualizados ou conter erros tipogr\u00e1ficos. A Apellis expressamente se isenta de qualquer obriga\u00e7\u00e3o de atualizar as informa\u00e7\u00f5es contidas neste site, e a Apellis n\u00e3o ser\u00e1 respons\u00e1vel por qualquer falha na atualiza\u00e7\u00e3o ou revis\u00e3o dessas informa\u00e7\u00f5es, seja devido a novas informa\u00e7\u00f5es, eventos futuros ou outras circunst\u00e2ncias. \u00c9 sua responsabilidade verificar qualquer informa\u00e7\u00e3o contida neste site antes de confiar nela.<\/p>\n\n\n\n<p><strong>Links<\/strong>&nbsp;<\/p>\n\n\n\n<p>Este site pode conter links para sites operados por outras partes. Os sites vinculados n\u00e3o est\u00e3o sob o controle da Apellis, e a Apellis n\u00e3o \u00e9 respons\u00e1vel pelo conte\u00fado dispon\u00edvel em nenhum outro site vinculado a este. Esses links n\u00e3o implicam o endosso da Apellis de material em qualquer outro site, e a Apellis se isenta de toda responsabilidade com rela\u00e7\u00e3o ao seu acesso a esses sites vinculados. A Apellis fornece links para outros sites para conveni\u00eancia dos usu\u00e1rios, e o acesso a quaisquer outros sites vinculados a este site \u00e9 por sua conta e risco. N\u00e3o assumimos nenhuma responsabilidade por sites externos e seus conte\u00fados que se referem ao nosso site ou que s\u00e3o referenciados por meio de links deste site.<\/p>\n\n\n\n<p><strong>Limita\u00e7\u00e3o de responsabilidade e isen\u00e7\u00e3o de garantias<\/strong>&nbsp;<\/p>\n\n\n\n<p>O uso deste site e dos materiais \u00e9 por sua conta e risco. Altera\u00e7\u00f5es podem e ser\u00e3o feitas neste site e nos materiais a qualquer momento. \u00c9 sua responsabilidade monitorar essas altera\u00e7\u00f5es. O acesso aos materiais pode n\u00e3o ser apropriado <ins>para<\/ins> certas pessoas ou em certos pa\u00edses. Se voc\u00ea acessar este site, voc\u00ea o faz por sua conta e risco e \u00e9 respons\u00e1vel pelo cumprimento das leis de sua jurisdi\u00e7\u00e3o. Na medida permitida por lei, exclu\u00edmos a responsabilidade por quaisquer erros ou omiss\u00f5es e pelas consequ\u00eancias do uso das informa\u00e7\u00f5es ou do site.&nbsp;<\/p>\n\n\n\n<p>A Apellis n\u00e3o garante que o site funcionar\u00e1 sem erros ou que este site e seu servidor estejam livres de v\u00edrus de computador e outros produtos nocivos. Se o uso deste site resultar na necessidade de manuten\u00e7\u00e3o ou substitui\u00e7\u00e3o de equipamentos ou dados, a Apellis n\u00e3o ser\u00e1 respons\u00e1vel por esses custos.<\/p>\n\n\n\n<p>Este site e os materiais s\u00e3o fornecidos &#8220;no estado em que se encontram&#8221;, sem quaisquer garantias expressas ou impl\u00edcitas de qualquer tipo. A Apellis e seus fornecedores, na extens\u00e3o m\u00e1xima permitida por lei, isentam-se de todas as garantias expressas e impl\u00edcitas, incluindo a garantia de comercializa\u00e7\u00e3o, n\u00e3o viola\u00e7\u00e3o de direitos de terceiros e adequa\u00e7\u00e3o a uma finalidade espec\u00edfica. A Apellis e seus fornecedores n\u00e3o oferecem garantias sobre a precis\u00e3o, confiabilidade, integridade ou pontualidade dos materiais, servi\u00e7os, textos de software, gr\u00e1ficos e links ou sobre os resultados a serem obtidos com o uso deste site. Algumas jurisdi\u00e7\u00f5es n\u00e3o permitem a exclus\u00e3o de certas garantias. Consequentemente, a exclus\u00e3o acima pode n\u00e3o se aplicar a voc\u00ea.<\/p>\n\n\n\n<p>Em nenhuma hip\u00f3tese a Apellis, suas afiliadas, fornecedores ou quaisquer terceiros mencionados neste site ou envolvidos na cria\u00e7\u00e3o, produ\u00e7\u00e3o ou entrega deste site ser\u00e3o respons\u00e1veis \u200b\u200bpor quaisquer danos (incluindo, sem limita\u00e7\u00e3o, danos incidentais e consequentes, lucros cessantes ou danos resultantes de perda de dados ou interrup\u00e7\u00e3o de neg\u00f3cios) resultantes do acesso, uso ou incapacidade de usar este site e os materiais ou qualquer site vinculado, seja com base em garantia, contrato, ato il\u00edcito ou qualquer outra teoria legal, e independentemente de a Apellis ser ou n\u00e3o avisada da possibilidade de tais danos. Em nenhuma hip\u00f3tese a responsabilidade total da Apellis para com voc\u00ea por todos os danos, perdas e causas de a\u00e7\u00e3o (seja em contrato, ato il\u00edcito, incluindo, sem limita\u00e7\u00e3o, neglig\u00eancia ou de outra forma) exceder\u00e1 o valor pago por voc\u00ea, se houver, para acessar este site.<\/p>\n\n\n\n<p><strong>Direitos autorais e marcas registradas<\/strong>&nbsp;<\/p>\n\n\n\n<p>Este site e as informa\u00e7\u00f5es nele contidas s\u00e3o propriedade da Apellis e de suas afiliadas e licenciadores e s\u00e3o protegidos contra c\u00f3pia e dissemina\u00e7\u00e3o n\u00e3o autorizadas pelas leis de direitos autorais dos Estados Unidos, conven\u00e7\u00f5es internacionais e outras leis de propriedade intelectual. As marcas registradas e logotipos exibidos neste site s\u00e3o marcas registradas da Apellis, exceto quando indicado de outra forma. Nada neste site deve ser interpretado como concess\u00e3o de licen\u00e7a ou direito sobre marcas registradas, logotipos ou outros direitos de propriedade intelectual. Todos os direitos s\u00e3o reservados pelos propriet\u00e1rios de cada marca registrada, marca de servi\u00e7o, logotipo ou outra propriedade intelectual, exceto conforme descrito de outra forma nesta notifica\u00e7\u00e3o. N\u00e3o \u00e9 permitido fazer refer\u00eancia ao nosso nome ou ao logotipo da Apellis com links em quaisquer canais digitais ou de outra forma sem o consentimento pr\u00e9vio por escrito da Apellis.<\/p>\n\n\n\n<p>A seguinte notifica\u00e7\u00e3o dever\u00e1 aparecer em todas as c\u00f3pias autorizadas, no todo ou em parte, do conte\u00fado do site: \u201cCOPYRIGHT Apellis Pharmaceuticals, Inc. 2021. TODOS OS DIREITOS RESERVADOS.\u201d<\/p>\n\n\n\n<p><strong>Indeniza\u00e7\u00e3o<\/strong>&nbsp;<\/p>\n\n\n\n<p>Voc\u00ea concorda em defender, indenizar e isentar a Apellis de quaisquer reivindica\u00e7\u00f5es, a\u00e7\u00f5es ou demandas, incluindo, sem limita\u00e7\u00e3o, honor\u00e1rios advocat\u00edcios e cont\u00e1beis razo\u00e1veis, decorrentes ou resultantes de sua viola\u00e7\u00e3o destes termos e condi\u00e7\u00f5es ou de seu acesso, uso ou uso indevido deste site ou dos materiais. A Apellis dever\u00e1 notific\u00e1-lo sobre qualquer reclama\u00e7\u00e3o, processo ou procedimento. A Apellis reserva-se o direito de assumir a defesa e o controle exclusivos de qualquer assunto sujeito a indeniza\u00e7\u00e3o nos termos desta se\u00e7\u00e3o. Nesse caso, voc\u00ea concorda em cooperar com quaisquer solicita\u00e7\u00f5es razo\u00e1veis \u200b\u200bque auxiliem a defesa da Apellis em tal assunto.<\/p>\n\n\n\n<p><strong>Declara\u00e7\u00f5es prospectivas<\/strong>&nbsp;<\/p>\n\n\n\n<p>Este site cont\u00e9m declara\u00e7\u00f5es prospectivas conforme definido na Lei de Reforma de Lit\u00edgios de T\u00edtulos Privados de 1995, conforme alterada, incluindo declara\u00e7\u00f5es sobre nossas expectativas, planos, perspectivas, objetivos e estrat\u00e9gias futuras. Sem limitar o acima exposto, as palavras \u201cpode\u201d, \u201cir\u00e1\u201d, \u201cpoderia\u201d, \u201ciria\u201d, \u201cdeveria\u201d, \u201cesperar\u201d, \u201cplanejar\u201d, \u201cantecipar\u201d, \u201cpretender\u201d, \u201cacreditar\u201d, \u201cestimar\u201d, \u201cprever\u201d, \u201cprojetar\u201d, \u201cpotencial\u201d, \u201ccontinuar\u201d, \u201calvo\u201d e express\u00f5es semelhantes identificam declara\u00e7\u00f5es prospectivas, embora nem todas essas declara\u00e7\u00f5es contenham essas palavras. H\u00e1 uma s\u00e9rie de riscos conhecidos e desconhecidos, incertezas e outros fatores importantes que podem fazer com que os resultados, desempenho ou realiza\u00e7\u00f5es reais da Apellis sejam materialmente diferentes daqueles expressos ou impl\u00edcitos em quaisquer declara\u00e7\u00f5es prospectivas. Esses riscos e incertezas incluem, entre outros, riscos e incertezas relacionados ao momento e aos resultados de quaisquer estudos cl\u00ednicos atuais ou planejados e estudos pr\u00e9-cl\u00ednicos, incluindo an\u00e1lises subsequentes de dados existentes e novos dados recebidos de estudos em andamento e futuros; o avan\u00e7o da Apellis em v\u00e1rios esfor\u00e7os de est\u00e1gio inicial; o conte\u00fado e o momento das decis\u00f5es tomadas pela Ag\u00eancia de Administra\u00e7\u00e3o de Alimentos e Medicamentos dos EUA (U.S. Food and Drug Administration) e outras autoridades regulat\u00f3rias, conselhos de revis\u00e3o investigacional em centros de estudos cl\u00ednicos e \u00f3rg\u00e3os de revis\u00e3o de publica\u00e7\u00f5es; a capacidade da Apellis de obter e manter as aprova\u00e7\u00f5es regulat\u00f3rias necess\u00e1rias e de incluir pacientes em seus estudos cl\u00ednicos atuais ou planejados; a capacidade da Apellis de obter, manter e aplicar patentes e outras prote\u00e7\u00f5es de propriedade intelectual para quaisquer candidatos a produtos que esteja desenvolvendo; e a capacidade da Apellis de manter colabora\u00e7\u00f5es importantes e o sucesso dessas colabora\u00e7\u00f5es; e outros riscos listados em &#8220;Fatores de risco&#8221; no relat\u00f3rio anual da Apellis, relat\u00f3rios trimestrais e outros registros que ela faz de tempos em tempos com a Securities and Exchange Commission, todos dispon\u00edveis neste site e em www.sec.gov. A Apellis n\u00e3o assume nenhuma obriga\u00e7\u00e3o de atualizar quaisquer declara\u00e7\u00f5es prospectivas que apare\u00e7am neste site como resultado de novas informa\u00e7\u00f5es, eventos ou circunst\u00e2ncias futuras ou de outra forma. Nenhuma das informa\u00e7\u00f5es contidas neste site pretende ser, e n\u00e3o deve ser considerada como sendo, incorporada em nenhum dos registros da Apellis junto \u00e0 Securities and Exchange Commission.<\/p>\n\n\n\n<p><strong>Lei regente<\/strong>&nbsp;<\/p>\n\n\n\n<p>Estes termos e condi\u00e7\u00f5es s\u00e3o regidos pelas leis da Su\u00ed\u00e7a, independentemente de seus princ\u00edpios de conflitos de leis. Qualquer a\u00e7\u00e3o ou processo legal baseado, decorrente ou relacionado a estes termos e condi\u00e7\u00f5es ou ao seu uso deste site (incluindo qualquer informa\u00e7\u00e3o nele contida) dever\u00e1 ser levado exclusivamente aos tribunais de Zug, e todas as partes renunciam a qualquer obje\u00e7\u00e3o \u00e0 jurisdi\u00e7\u00e3o pessoal e ao foro nesses tribunais.<\/p>\n\n\n\n<p><strong>Diversos<\/strong>&nbsp;<\/p>\n\n\n\n<p>Se qualquer disposi\u00e7\u00e3o destes termos e condi\u00e7\u00f5es for considerada inv\u00e1lida por qualquer tribunal com jurisdi\u00e7\u00e3o competente, a invalidade de tal disposi\u00e7\u00e3o n\u00e3o afetar\u00e1 a validade das disposi\u00e7\u00f5es restantes destes termos e condi\u00e7\u00f5es, que permanecer\u00e3o em pleno vigor e efeito. A falha da Apellis em agir ou aplicar qualquer disposi\u00e7\u00e3o do Contrato n\u00e3o ser\u00e1 interpretada como uma ren\u00fancia a essa disposi\u00e7\u00e3o ou a qualquer outra disposi\u00e7\u00e3o destes termos e condi\u00e7\u00f5es. Nenhuma ren\u00fancia ser\u00e1 efetiva contra a Apellis a menos que seja feita por escrito, e nenhuma ren\u00fancia ser\u00e1 interpretada como uma ren\u00fancia em qualquer outra inst\u00e2ncia ou inst\u00e2ncia subsequente. Salvo se expressamente acordado entre a Apellis e voc\u00ea, estes termos e condi\u00e7\u00f5es (juntamente com a Declara\u00e7\u00e3o de Privacidade) constitue<del>m<\/del> o acordo integral entre voc\u00ea e a Apellis com rela\u00e7\u00e3o ao assunto e substituem todos os acordos anteriores ou contempor\u00e2neos, sejam escritos ou orais, entre as partes com rela\u00e7\u00e3o ao assunto. Os t\u00edtulos das se\u00e7\u00f5es s\u00e3o fornecidos apenas por conveni\u00eancia e n\u00e3o devem receber nenhuma import\u00e2ncia legal. Estes termos e condi\u00e7\u00f5es reverter\u00e3o em benef\u00edcio de nossos sucessores, cession\u00e1rios, licenciados e sublicenciados.<\/p>\n\n\n\n<p><strong>Sua aceita\u00e7\u00e3o destes Termos e Condi\u00e7\u00f5es<\/strong>&nbsp;<\/p>\n\n\n\n<p>Reserve alguns minutos para revisar cuidadosamente estes termos e condi\u00e7\u00f5es. Ao acessar e utilizar este site, voc\u00ea concorda em seguir e estar vinculado a estes termos e condi\u00e7\u00f5es. Se voc\u00ea n\u00e3o concordar em seguir e ficar vinculado a estes termos e condi\u00e7\u00f5es, voc\u00ea n\u00e3o poder\u00e1 acessar, usar ou baixar materiais deste site.<\/p>\n\n\n\n<p><strong>Estes termos e condi\u00e7\u00f5es podem sofrer altera\u00e7\u00f5es<\/strong>&nbsp;<\/p>\n\n\n\n<p>A Apellis reserva-se o direito de atualizar ou modificar estes termos e condi\u00e7\u00f5es a qualquer momento, sem aviso pr\u00e9vio. O uso deste site ap\u00f3s qualquer altera\u00e7\u00e3o constitui sua concord\u00e2ncia em seguir e estar vinculado aos termos e condi\u00e7\u00f5es alterados. Por esse motivo, a Apellis recomenda que voc\u00ea revise estes termos e condi\u00e7\u00f5es sempre que usar este site.<\/p>\n\n\n\n<p>Estes termos e condi\u00e7\u00f5es foram revisados \u200b\u200bpela \u00faltima vez em 29 de setembro de 2022.<\/p>\n\n\n\n<p>BR-GA-2600001 I Mar\u00e7o 2026<\/p>\n","protected":false},"excerpt":{"rendered":"<p>Declara\u00e7\u00e3o legal Apellis International GmbH&nbsp; Bem-vindo ao site staging.dryamd.eu\/pt\/ (\u201cstaging.dryamd.eu\/pt\/\u201d). Este site \u00e9 de propriedade e operado pela Apellis (\u201cApellis\u201d) International GmbH, localizada em Z\u00e4hlerweg 10, 6300 Zug, Su\u00ed\u00e7a. Voc\u00ea pode usar este site, desde que cumpra estes termos e condi\u00e7\u00f5es.&nbsp; A Apellis respeita a privacidade dos usu\u00e1rios deste site. Portanto, leia tamb\u00e9m e esteja [&hellip;]<\/p>\n","protected":false},"author":12,"featured_media":0,"parent":0,"menu_order":0,"comment_status":"closed","ping_status":"closed","template":"","meta":{"footnotes":""},"class_list":["post-141","page","type-page","status-publish","hentry"],"aioseo_notices":[],"_links":{"self":[{"href":"https:\/\/dryamd.info\/pt\/wp-json\/wp\/v2\/pages\/141","targetHints":{"allow":["GET"]}}],"collection":[{"href":"https:\/\/dryamd.info\/pt\/wp-json\/wp\/v2\/pages"}],"about":[{"href":"https:\/\/dryamd.info\/pt\/wp-json\/wp\/v2\/types\/page"}],"author":[{"embeddable":true,"href":"https:\/\/dryamd.info\/pt\/wp-json\/wp\/v2\/users\/12"}],"replies":[{"embeddable":true,"href":"https:\/\/dryamd.info\/pt\/wp-json\/wp\/v2\/comments?post=141"}],"version-history":[{"count":0,"href":"https:\/\/dryamd.info\/pt\/wp-json\/wp\/v2\/pages\/141\/revisions"}],"wp:attachment":[{"href":"https:\/\/dryamd.info\/pt\/wp-json\/wp\/v2\/media?parent=141"}],"curies":[{"name":"wp","href":"https:\/\/api.w.org\/{rel}","templated":true}]}}