{"id":139,"date":"2021-04-22T08:52:40","date_gmt":"2021-04-22T06:52:40","guid":{"rendered":"https:\/\/dryamd.eu\/?page_id=139"},"modified":"2026-03-12T17:11:01","modified_gmt":"2026-03-12T17:11:01","slug":"sitemap","status":"publish","type":"page","link":"https:\/\/dryamd.info\/pt\/sitemap\/","title":{"rendered":"Mapa do site"},"content":{"rendered":"\n<h1 class=\"wp-block-heading bgcolor-seperate mt-5\"><strong>Mapa do site<\/strong><\/h1>\n\n\n\n<p><\/p>\n\n\n\n<p><strong>Navega\u00e7\u00e3o principal<\/strong><\/p>\n\n\n\n<p><a href=\"https:\/\/dryamd.info\/pt\/\" title=\"P\u00e1gina inicial\"><strong>P\u00e1gina inicial da DMRI seca avan\u00e7ada<\/strong><\/a><\/p>\n\n\n\n<p>  Apresentando o site para pessoas afetadas pela DMRI seca avan\u00e7ada ou atrofia geogr\u00e1fica<\/p>\n\n\n\n<p><a href=\"https:\/\/dryamd.info\/pt\/age-related-macular-degeneration\/\" title=\"Sobre a DMRI relacionada \u00e0 idade\"><strong>P\u00e1gina: Sobre a degenera\u00e7\u00e3o macular relacionada \u00e0 idade<\/strong><\/a><\/p>\n\n\n\n<p>  Encontre informa\u00e7\u00f5es sobre formas avan\u00e7adas de degenera\u00e7\u00e3o macular relacionada \u00e0 idade &#8211; DMRI seca e DMRI \u00famida <\/p>\n\n\n\n<p><a href=\"https:\/\/dryamd.info\/pt\/living-with-ga\/\" title=\"Vivendo com AG\"><strong>P\u00e1gina: Vivendo com atrofia geogr\u00e1fica<\/strong><\/a><\/p>\n\n\n\n<p>  Baixe infogr\u00e1ficos em diferentes vers\u00f5es para pessoas que vivem com cegueira na DMRI seca avan\u00e7ada <\/p>\n\n\n\n<p><a href=\"https:\/\/dryamd.info\/pt\/the-science\/\" title=\"Ci\u00eancia da AG\"><strong>P\u00e1gina: A ci\u00eancia da atrofia geogr\u00e1fica<\/strong><\/a><\/p>\n\n\n\n<p>  Veja v\u00eddeos e encontre informa\u00e7\u00f5es mais detalhadas sobre a DMRI seca avan\u00e7ada e a pesquisa sobre poss\u00edveis tratamentos <\/p>\n\n\n\n<p><\/p>\n\n\n\n<p><\/p>\n\n\n\n<div style=\"height:100px\" aria-hidden=\"true\" class=\"wp-block-spacer\"><\/div>\n\n\n\n<p><\/p>\n\n\n\n<p><strong>Suporte \u00e0 navega\u00e7\u00e3o<\/strong><\/p>\n\n\n\n<p><a href=\"https:\/\/dryamd.info\/pt\/sitemap\/\" title=\"Mapa do site\">Mapa do site<\/a><\/p>\n\n\n\n<p><a href=\"https:\/\/dryamd.info\/pt\/glossary\/\" title=\"Gloss\u00e1rio\">Gloss\u00e1rio<\/a><\/p>\n\n\n\n<p><a href=\"https:\/\/dryamd.info\/pt\/imprint\/\" title=\"Impress\u00e3o\">Impress\u00e3o<\/a><\/p>\n\n\n\n<p><a href=\"https:\/\/dryamd.info\/pt\/legal-statement\/\" title=\"Declara\u00e7\u00e3o legal\">Declara\u00e7\u00e3o legal<\/a><\/p>\n\n\n\n<p><a href=\"https:\/\/dryamd.info\/pt\/privacy-statement\/\">Declara\u00e7\u00e3o de privacidade<\/a><\/p>\n\n\n\n<div style=\"height:100px\" aria-hidden=\"true\" class=\"wp-block-spacer\"><\/div>\n\n\n\n<p>BR-GA-2600001 I Mar\u00e7o 2026<\/p>\n","protected":false},"excerpt":{"rendered":"<p>Mapa do site Navega\u00e7\u00e3o principal P\u00e1gina inicial da DMRI seca avan\u00e7ada Apresentando o site para pessoas afetadas pela DMRI seca avan\u00e7ada ou atrofia geogr\u00e1fica P\u00e1gina: Sobre a degenera\u00e7\u00e3o macular relacionada \u00e0 idade Encontre informa\u00e7\u00f5es sobre formas avan\u00e7adas de degenera\u00e7\u00e3o macular relacionada \u00e0 idade &#8211; DMRI seca e DMRI \u00famida P\u00e1gina: Vivendo com atrofia geogr\u00e1fica Baixe [&hellip;]<\/p>\n","protected":false},"author":12,"featured_media":0,"parent":0,"menu_order":0,"comment_status":"closed","ping_status":"closed","template":"","meta":{"footnotes":""},"class_list":["post-139","page","type-page","status-publish","hentry"],"aioseo_notices":[],"_links":{"self":[{"href":"https:\/\/dryamd.info\/pt\/wp-json\/wp\/v2\/pages\/139","targetHints":{"allow":["GET"]}}],"collection":[{"href":"https:\/\/dryamd.info\/pt\/wp-json\/wp\/v2\/pages"}],"about":[{"href":"https:\/\/dryamd.info\/pt\/wp-json\/wp\/v2\/types\/page"}],"author":[{"embeddable":true,"href":"https:\/\/dryamd.info\/pt\/wp-json\/wp\/v2\/users\/12"}],"replies":[{"embeddable":true,"href":"https:\/\/dryamd.info\/pt\/wp-json\/wp\/v2\/comments?post=139"}],"version-history":[{"count":0,"href":"https:\/\/dryamd.info\/pt\/wp-json\/wp\/v2\/pages\/139\/revisions"}],"wp:attachment":[{"href":"https:\/\/dryamd.info\/pt\/wp-json\/wp\/v2\/media?parent=139"}],"curies":[{"name":"wp","href":"https:\/\/api.w.org\/{rel}","templated":true}]}}