{"id":1339,"date":"2021-12-03T14:19:12","date_gmt":"2021-12-03T13:19:12","guid":{"rendered":"https:\/\/dryamd.eu\/?page_id=1339"},"modified":"2026-03-31T11:01:25","modified_gmt":"2026-03-31T11:01:25","slug":"support-tools","status":"publish","type":"page","link":"https:\/\/dryamd.info\/pt\/support-tools\/","title":{"rendered":"Conte\u00fado"},"content":{"rendered":"<h1 class=\"wp-block-heading bgcolor-seperate mt-5\"><strong>Conte\u00fado sobre degenera\u00e7\u00e3o macular relacionada \u00e0 idade (DMRI) e atrofia geogr\u00e1fica (AG)<\/strong><\/h1>\n\n\n\n<div style=\"height:8px\" aria-hidden=\"true\" class=\"wp-block-spacer\"><\/div>\n\n\n\n<p><strong>Nesta p\u00e1gina, voc\u00ea encontra diversos conte\u00fado e ferramentas \u00fateis para entender melhor sua doen\u00e7a, aproveitar ao m\u00e1ximo as conversas com seu oftalmologista ou optometrista e monitorar sua vis\u00e3o em casa.<\/strong><\/p>\n\n\n\n<div style=\"height:80px\" aria-hidden=\"true\" class=\"wp-block-spacer\"><\/div>\n\n\n\n<div class=\"wp-block-group resources-item\"><div class=\"wp-block-group__inner-container is-layout-flow wp-block-group-is-layout-flow\">\n<h2 class=\"wp-block-heading\"><strong>Ou\u00e7a a hist\u00f3ria de Bill<\/strong><\/h2>\n\n\n\n<p>Bill Best foi diagnosticado inicialmente com DMRI em 1997, que acabou evoluindo para atrofia geogr\u00e1fica em 2009. Neste podcast, Bill compartilha sua hist\u00f3ria inspiradora de como a atrofia geogr\u00e1fica impactou sua vida.<\/p>\n\n\n\n<div class=\"wp-block-buttons is-layout-flex wp-block-buttons-is-layout-flex\">\n<div class=\"wp-block-button full-w-btn\"><a class=\"wp-block-button__link wp-element-button\" href=\"https:\/\/open.spotify.com\/episode\/0bG48k0AQV8tM08mJkvEiC?si=_o-nmllPTiSzzeDA72_Knw\" target=\"_blank\" rel=\"noreferrer noopener\">OU\u00c7A O podcast<\/a><\/div>\n<\/div>\n<\/div><\/div>\n\n\n\n<div class=\"wp-block-group\"><div class=\"wp-block-group__inner-container is-layout-flow wp-block-group-is-layout-flow\">\n<div class=\"wp-block-columns resource-preview-item is-layout-flex wp-container-core-columns-is-layout-9d6595d7 wp-block-columns-is-layout-flex\">\n<div class=\"wp-block-column is-layout-flow wp-block-column-is-layout-flow\">\n<figure class=\"wp-block-image size-large\"><noscript><img decoding=\"async\" width=\"1024\" height=\"497\" src=\"https:\/\/dryamd.info\/pt\/wp-content\/uploads\/sites\/8\/2026\/02\/vivendo_com_atrofia-1024x497.jpg\" alt class=\"wp-image-1719\" srcset=\"https:\/\/dryamd.info\/pt\/wp-content\/uploads\/sites\/8\/2026\/02\/vivendo_com_atrofia-1024x497.jpg 1024w, https:\/\/dryamd.info\/pt\/wp-content\/uploads\/sites\/8\/2026\/02\/vivendo_com_atrofia-300x145.jpg 300w, https:\/\/dryamd.info\/pt\/wp-content\/uploads\/sites\/8\/2026\/02\/vivendo_com_atrofia-768x372.jpg 768w, https:\/\/dryamd.info\/pt\/wp-content\/uploads\/sites\/8\/2026\/02\/vivendo_com_atrofia.jpg 1192w\" sizes=\"(max-width: 1024px) 100vw, 1024px\"><\/noscript><img decoding=\"async\" width=\"1024\" height=\"497\" src=\"data:image\/svg+xml,%3Csvg%20xmlns%3D%22http%3A%2F%2Fwww.w3.org%2F2000%2Fsvg%22%20viewBox%3D%220%200%201024%20497%22%3E%3C%2Fsvg%3E\" alt class=\"wp-image-1719 lazyload\" srcset=\"data:image\/svg+xml,%3Csvg%20xmlns%3D%22http%3A%2F%2Fwww.w3.org%2F2000%2Fsvg%22%20viewBox%3D%220%200%201024%20497%22%3E%3C%2Fsvg%3E 1024w\" sizes=\"(max-width: 1024px) 100vw, 1024px\" data-srcset=\"https:\/\/dryamd.info\/pt\/wp-content\/uploads\/sites\/8\/2026\/02\/vivendo_com_atrofia-1024x497.jpg 1024w, https:\/\/dryamd.info\/pt\/wp-content\/uploads\/sites\/8\/2026\/02\/vivendo_com_atrofia-300x145.jpg 300w, https:\/\/dryamd.info\/pt\/wp-content\/uploads\/sites\/8\/2026\/02\/vivendo_com_atrofia-768x372.jpg 768w, https:\/\/dryamd.info\/pt\/wp-content\/uploads\/sites\/8\/2026\/02\/vivendo_com_atrofia.jpg 1192w\" data-src=\"https:\/\/dryamd.info\/pt\/wp-content\/uploads\/sites\/8\/2026\/02\/vivendo_com_atrofia-1024x497.jpg\"><\/figure>\n<\/div>\n\n\n\n<div class=\"wp-block-column is-layout-flow wp-block-column-is-layout-flow\">\n<h2 class=\"wp-block-heading\"><strong>Folheto sobre atrofia geogr\u00e1fica<\/strong><\/h2>\n\n\n\n<p>Para saber mais sobre como viver com atrofia geogr\u00e1fica e como lidar com essa condi\u00e7\u00e3o, veja este folheto.<\/p>\n\n\n\n<div class=\"wp-block-buttons is-layout-flex wp-block-buttons-is-layout-flex\">\n<div class=\"wp-block-button full-w-btn m-0\"><a class=\"wp-block-button__link wp-element-button\" href=\"\/pt\/wp-content\/uploads\/sites\/8\/2026\/02\/73032720-Apellis_dryAMD_Patient_Booklet_A5LS_AW5.6_PT-BR.pdf\" target=\"_blank\" rel=\"noreferrer noopener\">ACESSAR O FOLHETO<\/a><\/div>\n<\/div>\n<\/div>\n<\/div>\n<\/div><\/div>\n\n\n\n<div style=\"height:100px\" aria-hidden=\"true\" class=\"wp-block-spacer\"><\/div>\n\n\n\n<div class=\"wp-block-group\"><div class=\"wp-block-group__inner-container is-layout-flow wp-block-group-is-layout-flow\">\n<div class=\"wp-block-columns resource-preview-item is-layout-flex wp-container-core-columns-is-layout-9d6595d7 wp-block-columns-is-layout-flex\">\n<div class=\"wp-block-column is-layout-flow wp-block-column-is-layout-flow\">\n<figure class=\"wp-block-image size-full\"><noscript><img decoding=\"async\" src=\"https:\/\/dryamd.info\/pt\/wp-content\/uploads\/2023\/07\/amsler_grid-1.png\" alt class=\"wp-image-1793\"><\/noscript><img decoding=\"async\" src=\"data:image\/gif;base64,R0lGODlhAQABAIAAAAAAAP\/\/\/yH5BAEAAAAALAAAAAABAAEAAAIBRAA7\" alt class=\"wp-image-1793 lazyload\" data-src=\"https:\/\/dryamd.info\/pt\/wp-content\/uploads\/2023\/07\/amsler_grid-1.png\"><\/figure>\n<\/div>\n\n\n\n<div class=\"wp-block-column is-layout-flow wp-block-column-is-layout-flow\">\n<h2 class=\"wp-block-heading\"><strong>Grade de Amsler<\/strong><\/h2>\n\n\n\n<p>A grade de Amsler \u00e9 uma ferramenta essencial e f\u00e1cil de usar que voc\u00ea pode utilizar para monitorar sua vis\u00e3o e detectar eventuais altera\u00e7\u00f5es precocemente.<\/p>\n\n\n\n<div class=\"wp-block-buttons is-layout-flex wp-block-buttons-is-layout-flex\">\n<div class=\"wp-block-button full-w-btn m-0\"><a class=\"wp-block-button__link wp-element-button\" href=\"\/pt\/wp-content\/uploads\/sites\/8\/2026\/02\/Amsler-grid-pt-BR.pdf\">BAIXE A GRADE DE AMSLER<\/a><\/div>\n<\/div>\n<\/div>\n<\/div>\n<\/div><\/div>\n\n\n\n<div style=\"height:80px\" aria-hidden=\"true\" class=\"wp-block-spacer\"><\/div>\n\n\n\n<div class=\"wp-block-group resources-item\"><div class=\"wp-block-group__inner-container is-layout-flow wp-block-group-is-layout-flow\">\n<h2 class=\"wp-block-heading\"><strong>Infogr\u00e1fico sobre atrofia geogr\u00e1fica<\/strong><\/h2>\n\n\n\n<p>Este infogr\u00e1fico fornece mais informa\u00e7\u00f5es sobre a atrofia geogr\u00e1fica (AG), incluindo as causas, sinais e sintomas.<\/p>\n\n\n\n<div class=\"wp-block-columns resource-btn-text-icon is-layout-flex wp-container-core-columns-is-layout-9d6595d7 wp-block-columns-is-layout-flex\">\n<div class=\"wp-block-column is-layout-flow wp-block-column-is-layout-flow\">\n<h4 class=\"wp-block-heading has-white-background-color has-background\">Aa<\/h4>\n<\/div>\n\n\n\n<div class=\"wp-block-column is-layout-flow wp-block-column-is-layout-flow\">\n<div class=\"wp-block-buttons is-layout-flex wp-block-buttons-is-layout-flex\">\n<div class=\"wp-block-button full-w-btn\"><a class=\"wp-block-button__link wp-element-button\" href=\"\/pt\/wp-content\/uploads\/sites\/8\/2026\/03\/dryAMD-eu_EN_4-living-with-GA_documents_infographic-description-dryAMD-GA_Portuguese-Brazil_09MAR2026.pdf\" target=\"_blank\" rel=\"noreferrer noopener\">Baixar texto descritivo para leitores de tela<\/a><\/div>\n<\/div>\n<\/div>\n<\/div>\n\n\n\n<div style=\"height:48px\" aria-hidden=\"true\" class=\"wp-block-spacer\"><\/div>\n\n\n\n<div class=\"wp-block-columns resource-btn-text-icon is-layout-flex wp-container-core-columns-is-layout-9d6595d7 wp-block-columns-is-layout-flex\">\n<div class=\"wp-block-column is-layout-flow wp-block-column-is-layout-flow\">\n<h4 class=\"wp-block-heading has-white-color has-text-color has-background\" style=\"background-color:#245d80\">Aa<\/h4>\n<\/div>\n\n\n\n<div class=\"wp-block-column is-layout-flow wp-block-column-is-layout-flow\">\n<div class=\"wp-block-buttons is-layout-flex wp-block-buttons-is-layout-flex\">\n<div class=\"wp-block-button full-w-btn\"><a class=\"wp-block-button__link wp-element-button\" href=\"\/pt\/wp-content\/uploads\/sites\/8\/2026\/02\/APELLIS_GA_Hub_Infographic_f01_color-pt-BR-11.pdf\" target=\"_blank\" rel=\"noreferrer noopener\">Fa\u00e7a o download do pdf multicolorido de alto contraste<\/a><\/div>\n<\/div>\n<\/div>\n<\/div>\n\n\n\n<div style=\"height:48px\" aria-hidden=\"true\" class=\"wp-block-spacer\"><\/div>\n\n\n\n<div class=\"wp-block-columns resource-btn-text-icon is-layout-flex wp-container-core-columns-is-layout-9d6595d7 wp-block-columns-is-layout-flex\">\n<div class=\"wp-block-column is-layout-flow wp-block-column-is-layout-flow\">\n<h4 class=\"wp-block-heading has-black-background-color has-text-color has-background\" style=\"color:#feef27\">Aa<\/h4>\n<\/div>\n\n\n\n<div class=\"wp-block-column is-layout-flow wp-block-column-is-layout-flow\">\n<div class=\"wp-block-buttons is-layout-flex wp-block-buttons-is-layout-flex\">\n<div class=\"wp-block-button full-w-btn\"><a class=\"wp-block-button__link wp-element-button\" href=\"\/pt\/wp-content\/uploads\/sites\/8\/2026\/03\/APELLIS_GA_Hub_Infographic-dryAMD-EU-black.pdf\" target=\"_blank\" rel=\"noreferrer noopener\">Baixar pdf de fundo preto de alto contraste<\/a><\/div>\n<\/div>\n<\/div>\n<\/div>\n\n\n\n<div style=\"height:48px\" aria-hidden=\"true\" class=\"wp-block-spacer\"><\/div>\n\n\n\n<div class=\"wp-block-columns resource-btn-text-icon is-layout-flex wp-container-core-columns-is-layout-9d6595d7 wp-block-columns-is-layout-flex\">\n<div class=\"wp-block-column is-layout-flow wp-block-column-is-layout-flow\">\n<h4 class=\"wp-block-heading has-black-color has-text-color has-background\" style=\"background-color:#feef27\">Aa<\/h4>\n<\/div>\n\n\n\n<div class=\"wp-block-column is-layout-flow wp-block-column-is-layout-flow\">\n<div class=\"wp-block-buttons is-layout-flex wp-block-buttons-is-layout-flex\">\n<div class=\"wp-block-button full-w-btn\"><a class=\"wp-block-button__link wp-element-button\" href=\"\/pt\/wp-content\/uploads\/sites\/8\/2026\/03\/APELLIS_GA_Hub_Infographic-dryAMD-EU-yellow.pdf\" target=\"_blank\" rel=\"noreferrer noopener\">Baixar pdf de fundo amarelo de alto contraste<\/a><\/div>\n<\/div>\n<\/div>\n<\/div>\n<\/div><\/div>\n\n\n\n<div class=\"wp-block-group resources-item\"><div class=\"wp-block-group__inner-container is-layout-flow wp-block-group-is-layout-flow\">\n<h2 class=\"wp-block-heading\"><strong>Gloss\u00e1rio<\/strong><\/h2>\n\n\n\n<p>Leia as explica\u00e7\u00f5es dos termos-chave usados em todo o site.<\/p>\n\n\n\n<div class=\"wp-block-buttons is-layout-flex wp-block-buttons-is-layout-flex\">\n<div class=\"wp-block-button full-w-btn\"><a class=\"wp-block-button__link wp-element-button\" href=\"https:\/\/dryamd.info\/pt\/glossary\" target=\"_blank\" rel=\"noreferrer noopener\">Visualizar gloss\u00e1rio<\/a><\/div>\n<\/div>\n<\/div><\/div>\n\n\n\n<p>BR-GA-2600001 I Mar\u00e7o 2026<\/p>\n","protected":false},"excerpt":{"rendered":"<p>Conte\u00fado sobre degenera\u00e7\u00e3o macular relacionada \u00e0 idade (DMRI) e atrofia geogr\u00e1fica (AG) Nesta p\u00e1gina, voc\u00ea encontra diversos conte\u00fado e ferramentas \u00fateis para entender melhor sua doen\u00e7a, aproveitar ao m\u00e1ximo as conversas com seu oftalmologista ou optometrista e monitorar sua vis\u00e3o em casa. Ou\u00e7a a hist\u00f3ria de Bill Bill Best foi diagnosticado inicialmente com DMRI em [&hellip;]<\/p>\n","protected":false},"author":12,"featured_media":0,"parent":0,"menu_order":0,"comment_status":"closed","ping_status":"closed","template":"","meta":{"footnotes":""},"class_list":["post-1339","page","type-page","status-publish","hentry"],"aioseo_notices":[],"_links":{"self":[{"href":"https:\/\/dryamd.info\/pt\/wp-json\/wp\/v2\/pages\/1339","targetHints":{"allow":["GET"]}}],"collection":[{"href":"https:\/\/dryamd.info\/pt\/wp-json\/wp\/v2\/pages"}],"about":[{"href":"https:\/\/dryamd.info\/pt\/wp-json\/wp\/v2\/types\/page"}],"author":[{"embeddable":true,"href":"https:\/\/dryamd.info\/pt\/wp-json\/wp\/v2\/users\/12"}],"replies":[{"embeddable":true,"href":"https:\/\/dryamd.info\/pt\/wp-json\/wp\/v2\/comments?post=1339"}],"version-history":[{"count":0,"href":"https:\/\/dryamd.info\/pt\/wp-json\/wp\/v2\/pages\/1339\/revisions"}],"wp:attachment":[{"href":"https:\/\/dryamd.info\/pt\/wp-json\/wp\/v2\/media?parent=1339"}],"curies":[{"name":"wp","href":"https:\/\/api.w.org\/{rel}","templated":true}]}}