{"id":143,"date":"2021-04-22T08:53:43","date_gmt":"2021-04-22T08:53:43","guid":{"rendered":"https:\/\/dryamd.info\/?page_id=143"},"modified":"2023-05-16T15:26:28","modified_gmt":"2023-05-16T15:26:28","slug":"informativa-suila-privacy","status":"publish","type":"page","link":"https:\/\/dryamd.info\/it\/informativa-suila-privacy\/","title":{"rendered":"Informativa suila Privacy"},"content":{"rendered":"\n<h1 class=\"bgcolor-seperate mt-5 wp-block-heading\"><strong><strong>Informativa sulla Privacy<\/strong><\/strong><\/h1>\n\n\n\n<p><strong>Apellis International GmbH<\/strong><\/p>\n\n\n\n<p>Data: 1\u00b0 settembre 2022<\/p>\n\n\n\n<p>Apellis International GmbH, con sede in Z\u00e4hlerweg 10, 6300 Zugo, Svizzera (\u201cnoi\u201d), in qualit\u00e0 di titolare del trattamento dei dati responsabile del presente sito Web, riconosce l\u2019importanza della privacy dell\u2019utente e si impegna a rispettarla e proteggerla.<\/p>\n\n\n\n<p>La presente Informativa sulla Privacy disciplina la raccolta e l\u2019uso dei dati personali compiuti attraverso il nostro sito Web dryamd.eu (il \u201cSito\u201d) e attraverso le nostre interazioni commerciali offline con l\u2019utente.<\/p>\n\n\n\n<p><strong>Le Finalit\u00e0 della raccolta dei dati personali e la nostra base giuridica<\/strong><\/p>\n\n\n\n<p>La seguente tabella delinea caso per caso le categorie di dati personali che raccogliamo e trattiamo, la fonte della raccolta, la base giuridica del trattamento, il periodo di conservazione dei dati e i destinatari dei dati personali dell\u2019utente.<\/p>\n\n\n\n<p><strong>Per fornire all\u2019utente le informazioni richieste tramite il modulo online<\/strong><\/p>\n\n\n\n<p>Il Sito&nbsp; pu\u00f2 raccogliere informazioni sulle visite dell\u2019utente suscettibili di costituire dati identificativi senza che l\u2019utente trasmetta attivamente tali informazioni.<\/p>\n\n\n\n<p>Le informazioni diverse dai dati identificativi possono essere raccolte utilizzando varie tecnologie, come i cookie.<\/p>\n\n\n\n<p>I cookie sono piccoli file di testo che vengono memorizzati sul disco rigido del computer dai siti Web visitati dall\u2019utente.<\/p>\n\n\n\n<p>Per saperne di pi\u00f9 sui cookie, incluso su come appurare quali cookie sono stati impostati e come gestirli ed eliminarli, consultare oltre il paragrafo \u201cInformativa sui Cookie\u201d.<\/p>\n\n\n\n<p><strong>Raccogliamo i seguenti dati personali sull\u2019utente:<\/strong><\/p>\n\n\n\n<p>Informazioni di carattere personale:<\/p>\n\n\n\n<p>Indirizzo e-mail (*)<\/p>\n\n\n\n<p>Nome e cognome<\/p>\n\n\n\n<p>Paese<\/p>\n\n\n\n<p>Istituto<\/p>\n\n\n\n<p>Indirizzo IP<\/p>\n\n\n\n<p>Background\/profilo utente (*): (ad es. Operatore Sanitario o meno)<\/p>\n\n\n\n<p>Oggetto (*).<\/p>\n\n\n\n<p>La mancata fornitura di dati personali contrassegnati da (*) impedisce ad Apellis di rispondere adeguatamente alla richiesta o al quesito dell\u2019utente.<\/p>\n\n\n\n<p><strong>Raccogliamo tali dati da:<\/strong><\/p>\n\n\n\n<p>Utente.<\/p>\n\n\n\n<p><strong>Facciamo affidamento sulla seguente base giuridica ai sensi del GDPR (General Data Protection Regulation [Regolamento Generale sulla Protezione dei Dati]):<\/strong><\/p>\n\n\n\n<p>Il consenso dell\u2019utente.<\/p>\n\n\n\n<p><strong>Conserviamo i dati personali dell\u2019utente per:<\/strong><\/p>\n\n\n\n<p>La durata della fornitura del servizio.<\/p>\n\n\n\n<p><strong>Condividiamo i dati personali dell\u2019utente con:<\/strong><\/p>\n\n\n\n<p>Societ\u00e0 controllate\/collegate e responsabili del trattamento terzi, quali societ\u00e0 di servizi IT e hosting di siti Web, fornitori di servizi di connettivit\u00e0 (Internet).<\/p>\n\n\n\n<p><strong>I diritti dell\u2019utente<\/strong><\/p>\n\n\n\n<p>L\u2019utente pu\u00f2 accedere a tutti i suoi dati identificativi che raccogliamo online.<\/p>\n\n\n\n<p>L\u2019utente pu\u00f2 anche richiedere la cancellazione dei propri dati personali, a meno che le leggi e i regolamenti applicabili non ci obblighino a conservare tali dati personali.<\/p>\n\n\n\n<p>L\u2019utente pu\u00f2 richiedere di ricevere informazioni sui dati che lo riguardano da noi conservati\/trattati.<\/p>\n\n\n\n<p>Inoltre, l\u2019utente ha il diritto di richiedere il blocco o la cancellazione dei suoi dati personali, opporsi al trattamento dei propri dati, far correggere eventuali dati errati, nonch\u00e9 il diritto di trasferire i propri dati a terzi.<\/p>\n\n\n\n<p>L\u2019utente pu\u00f2 correggere gli errori di fatto contenuti nei propri dati identificativi inviandoci un\u2019e-mail che mostri l\u2019errore in modo convincente.<\/p>\n\n\n\n<p>L\u2019utente ha inoltre il diritto di richiedere la correzione di dati personali errati.<\/p>\n\n\n\n<p>Al fine di tutelare la privacy e la sicurezza dell\u2019utente, adotteremo anche misure ragionevoli volte a verificare l\u2019identit\u00e0 dell\u2019utente prima di apportare correzioni.<\/p>\n\n\n\n<p>In caso di altre domande o dubbi sulla presente informativa sulla privacy o se desidera ottenere l\u2019eliminazione dei propri dati dal nostro database, l\u2019utente \u00e8 invitato a inviare un\u2019e-mail all\u2019indirizzo: privacy@apellis.com.<\/p>\n\n\n\n<p>L\u2019utente ha inoltre il diritto di proporre reclamo presso un\u2019autorit\u00e0 di controllo, se del caso.<\/p>\n\n\n\n<p>Un elenco delle autorit\u00e0 di controllo dell\u2019Unione Europea \u00e8 disponibile qui: https:\/\/edpb.europa.eu\/about-edpb\/board\/members_en.<\/p>\n\n\n\n<p>Possiamo aggiornare o modificare la presente informativa in qualsiasi momento, pubblicando l\u2019informativa aggiornata sul Sito.<\/p>\n\n\n\n<p><strong>Trasferimenti internazionali di dati<\/strong><\/p>\n\n\n\n<p>Apellis utilizza server e altre strutture di archiviazione situati negli Stati Uniti e nell\u2019UE.<\/p>\n\n\n\n<p>Apellis pu\u00f2 trasferire i dati personali al di fuori del proprio Paese di origine per le finalit\u00e0 e secondo le modalit\u00e0 stabilite nella presente informativa sulla privacy, incluso in vista del trattamento e della conservazione da parte di fornitori di servizi e affiliati in relazione a tali finalit\u00e0.<\/p>\n\n\n\n<p>In ogni circostanza, Apellis adotter\u00e0 misure atte a garantire la tutela della privacy dell\u2019utente.<\/p>\n\n\n\n<p>Tali misure includono, a titolo esemplificativo ma non esaustivo, l\u2019attuazione di controlli sulla privacy, sulla sicurezza e contrattuali, nonch\u00e9 delle misure indicate nella presente informativa sulla privacy, come previsto dalla legge applicabile.<\/p>\n\n\n\n<p>Apellis si adoperer\u00e0 per ottenere dai propri fornitori di servizi e affiliati garanzie di tutela dei dati personali in conformit\u00e0 alla presente informativa sulla privacy.<\/p>\n\n\n\n<p>Tra gli esempi di garanzie appropriate che possono essere fornite da fornitori di servizi e affiliati figura l\u2019obbligo contrattuale di garantire almeno lo stesso livello di protezione previsto dai principi sulla privacy di Apellis definiti nella presente informativa sulla privacy.<\/p>\n\n\n\n<p>Laddove Apellis appuri che un fornitore di servizi o un affiliato stia utilizzando o divulgando dati personali in modo contrario alla presente informativa sulla privacy, Apellis adotter\u00e0 misure appropriate per impedire o interrompere tale uso o divulgazione.<\/p>\n\n\n\n<p><strong>Sicurezza dei dati personali dell\u2019utente<\/strong><\/p>\n\n\n\n<p>La sicurezza dei dati personali dell\u2019utente \u00e8 importante per noi.<\/p>\n\n\n\n<p>Adottiamo misure ragionevoli, tra cui garanzie tecniche, amministrative e fisiche concepite per proteggere i dati personali che ci sono stati trasmessi da perdita, abuso e accesso non autorizzato, divulgazione, modifica e distruzione.<\/p>\n\n\n\n<p>Tali misure possono includere, a titolo esemplificativo ma non esaustivo: la crittografia delle comunicazioni tramite SSL, la crittografia delle informazioni mentre sono in memoria, firewall, controlli di accesso, separazione dei compiti e protocolli di sicurezza simili.<\/p>\n\n\n\n<p>Tuttavia, nessun metodo di sicurezza o metodo di trasmissione basato su Internet \u00e8 completamente sicuro.<\/p>\n\n\n\n<p>Bisogna agire sempre con cautela quando si trasmettono dati personali su Internet.<\/p>\n\n\n\n<p><strong>Inserto UE<\/strong><\/p>\n\n\n\n<p>Per le persone fisiche nello Spazio Economico Europeo, in Svizzera o nel Regno Unito, il presente Inserto pu\u00f2 applicarsi in aggiunta a quanto sopra.<\/p>\n\n\n\n<p>I trasferimenti dei dati personali dell\u2019utente possono essere effettuati ad entit\u00e0 situate al di fuori dello Spazio Economico Europeo, della Svizzera o del Regno Unito, comprese le entit\u00e0 situate negli Stati Uniti, in vista del trattamento coerente con le finalit\u00e0 di cui sopra.<\/p>\n\n\n\n<p>Apellis attuer\u00e0 misure contrattuali appropriate per garantire che le societ\u00e0 Apellis e i terzi coinvolti al di fuori dello Spazio Economico Europeo, della Svizzera o del Regno Unito forniscano un livello di protezione dei dati personali dell\u2019utente adeguato, come stabilito nella presente informativa sulla privacy e come richiesto dalla legge applicabile.<\/p>\n\n\n\n<p>Per il trattamento di dati personali riferito allo Spazio Economico Europeo, alla Svizzera o al Regno Unito, Apellis ha nominato un responsabile della protezione dei dati delegato alla supervisione della conformit\u00e0 alla legge sulla protezione dei dati dell\u2019UE che, in caso di domande o dubbi riguardanti il trattamento dei propri dati personali, l\u2019utente pu\u00f2 contattare all\u2019indirizzo privacy@apellis.com.<\/p>\n\n\n\n<p>Se il trattamento dei Dati Personali dell\u2019utente da parte di Apellis \u00e8 regolato dalla legge dell\u2019UE e del Regno Unito, l\u2019utente pu\u00f2 proporre un reclamo anche all\u2019autorit\u00e0 di controllo per la protezione dei dati competente per il proprio Paese di residenza.<\/p>\n\n\n\n<p>Il nome e i recapiti dell\u2019autorit\u00e0 di controllo competente sono disponibili all\u2019indirizzo http:\/\/ec.europa.eu\/justice\/data-protection\/bodies\/authorities\/index_en.htm.<\/p>\n\n\n\n<p><strong>Contatti<\/strong><\/p>\n\n\n\n<p>Prima di inviare un\u2019e-mail, l\u2019utente \u00e8 invitato a tenere presente quanto segue:<\/p>\n\n\n\n<p>NON inviare e-mail per segnalare informazioni relative alla sicurezza del farmaco, come gli effetti collaterali, all\u2019indirizzo info@apellis.com.<\/p>\n\n\n\n<p>Se l\u2019utente \u00e8 un paziente, contatti il proprio medico in caso di reazioni avverse.<\/p>\n\n\n\n<p>Se sta segnalando eventi rilevanti per la sicurezza del farmaco, l\u2019utente \u00e8 invitato a tenere conto dell\u2019informativa sulla privacy dei dati di farmacovigilanza.<\/p>\n\n\n\n<p>In caso di domande sulla presente Informativa sulla privacy, dubbi sul modo in cui Apellis tratta i suoi dati personali o bisogno di assistenza nella gestione delle scelte sulla privacy, l\u2019utente \u00e8 invitato a contattarci all\u2019indirizzo:<\/p>\n\n\n\n<p><strong>Apellis International GmbH<\/strong><\/p>\n\n\n\n<p>Z\u00e4hlerweg 10, 6300 Zugo<\/p>\n\n\n\n<p>Svizzera CH-6302<\/p>\n\n\n\n<p>E-mail: info@apellis.com<\/p>\n\n\n\n<p>Il nostro responsabile della protezione dei dati pu\u00f2 essere contattato come segue:<\/p>\n\n\n\n<p>E-mail: privacy@apellis.com<\/p>\n\n\n\n<p>Il nostro rappresentante per la privacy dei dati nell\u2019UE pu\u00f2 essere contattato come segue:<\/p>\n\n\n\n<p>ALG Manousakis Law Firm, Laodikias n. 16, Atene, CP 11528, Grecia<\/p>\n\n\n\n<p>E-mail: dataprivacy@alg.gr<\/p>\n\n\n\n<p>EU-GA-2200013<\/p>\n","protected":false},"excerpt":{"rendered":"<p>Informativa sulla Privacy Apellis International GmbH Data: 1\u00b0 settembre 2022 Apellis International GmbH, con sede in Z\u00e4hlerweg 10, 6300 Zugo, Svizzera (\u201cnoi\u201d), in qualit\u00e0 di titolare del trattamento dei dati responsabile del presente sito Web, riconosce l\u2019importanza della privacy dell\u2019utente e si impegna a rispettarla e proteggerla. La presente Informativa sulla Privacy disciplina la raccolta [&hellip;]<\/p>\n","protected":false},"author":1,"featured_media":0,"parent":0,"menu_order":0,"comment_status":"closed","ping_status":"closed","template":"","meta":{"footnotes":""},"class_list":["post-143","page","type-page","status-publish","hentry"],"aioseo_notices":[],"_links":{"self":[{"href":"https:\/\/dryamd.info\/it\/wp-json\/wp\/v2\/pages\/143","targetHints":{"allow":["GET"]}}],"collection":[{"href":"https:\/\/dryamd.info\/it\/wp-json\/wp\/v2\/pages"}],"about":[{"href":"https:\/\/dryamd.info\/it\/wp-json\/wp\/v2\/types\/page"}],"author":[{"embeddable":true,"href":"https:\/\/dryamd.info\/it\/wp-json\/wp\/v2\/users\/1"}],"replies":[{"embeddable":true,"href":"https:\/\/dryamd.info\/it\/wp-json\/wp\/v2\/comments?post=143"}],"version-history":[{"count":0,"href":"https:\/\/dryamd.info\/it\/wp-json\/wp\/v2\/pages\/143\/revisions"}],"wp:attachment":[{"href":"https:\/\/dryamd.info\/it\/wp-json\/wp\/v2\/media?parent=143"}],"curies":[{"name":"wp","href":"https:\/\/api.w.org\/{rel}","templated":true}]}}