{"id":1131,"date":"2021-04-16T10:22:04","date_gmt":"2021-04-16T10:22:04","guid":{"rendered":"https:\/\/dryamd.info\/?page_id=2"},"modified":"2026-04-14T09:12:57","modified_gmt":"2026-04-14T09:12:57","slug":"home","status":"publish","type":"page","link":"https:\/\/dryamd.info\/it\/","title":{"rendered":"Home"},"content":{"rendered":"<figure class=\"wp-block-video video-fullsize\"><video loop muted poster=\"https:\/\/dryamd.info\/it\/wp-content\/uploads\/sites\/3\/2021\/05\/home_header_placeholder.jpg\" src=\"https:\/\/dryamd.info\/it\/wp-content\/uploads\/sites\/3\/2021\/05\/home_header_placeholder.jpg\" playsinline><\/video><\/figure>\n\n\n\n<h1 class=\"wp-block-heading h1-inside-video\"><strong>GUARDIAMO PI\u00d9 DA VICINO <\/strong><br><strong>L&#8217;AMD SECCA AVANZATA O <\/strong><br><strong>ATROFIA GEOGRAFICA<\/strong><\/h1>\n\n\n\n<p class=\"mt-5\"><strong>AMD secca avanzata e atrofia geografica (GA) sono sinonimi usati per definire la forma avanzata della degenerazione maculare secca legata all&#8217;et\u00e0 (AMD secca), che \u00e8 una delle principali cause di cecit\u00e0 in tutto il mondo.<sup>1,2<\/sup><\/strong><\/p>\n\n\n\n<p><strong>Questo sito \u00e8 progettato per fornire maggiori informazioni e supporto alle persone affette da AMD, in particolare da AMD secca avanzata o GA, e ai loro familiari.<\/strong><\/p>\n\n\n\n<br>\n\n\n\n<p>Questo sito \u00e8 solo a scopo informativo; non deve essere usato per diagnosticare o trattare un problema di salute o una malattia. Si raccomanda di consultare il proprio medico per ulteriori consigli.<\/p>\n\n\n\n<div class=\"wp-block-buttons my-5 is-layout-flex wp-block-buttons-is-layout-flex\">\n<div class=\"wp-block-button\"><a class=\"wp-block-button__link wp-element-button\" href=\"https:\/\/dryamd.info\/it\/cos-e-l-amd\/\">ALTRE INFORMAZIONI UTILI<\/a><\/div>\n<\/div>\n\n\n\n<h2 class=\"wp-block-heading\">Continueremo ad aggiungere via via nuovi contenuti. Accertatevi di visitarci regolarmente per ottenere nuove informazioni e strumenti di supporto.<\/h2>\n\n\n\n<div class=\"wp-block-columns row mb-5 is-layout-flex wp-container-core-columns-is-layout-9d6595d7 wp-block-columns-is-layout-flex\">\n<div class=\"wp-block-column col-12 col-lg-6 is-layout-flow wp-block-column-is-layout-flow\">\n<h3 class=\"wp-block-heading\"><strong>Come si vive con l\u2019AMD secca avanzata o atrofia geografica<\/strong><\/h3>\n\n\n\n<p>L\u2019AMD secca avanzata \u00e8 una malattia degli occhi progressiva e irreversibile che ha un impatto sulla vita quotidiana.<sup>2<\/sup><\/p>\n\n\n\n<div class=\"wp-block-buttons is-layout-flex wp-block-buttons-is-layout-flex\">\n<div class=\"wp-block-button has-custom-width wp-block-button__width-100\"><a class=\"wp-block-button__link wp-element-button\" href=\"https:\/\/dryamd.info\/it\/vivere-con-la-ga\/\">ULTERIORI INFO SU COME VIVERE CON L&#8217;AMD SECCA AVANZATA<\/a><\/div>\n<\/div>\n<\/div>\n\n\n\n<div class=\"wp-block-column col-12 col-lg-6 is-layout-flow wp-block-column-is-layout-flow\">\n<figure class=\"wp-block-image size-large\"><noscript><img decoding=\"async\" width=\"864\" height=\"596\" src=\"https:\/\/dryamd.info\/it\/wp-content\/uploads\/sites\/3\/2021\/05\/desk_home_image1_@2x.jpg\" alt=\"dryAMD.eu Uomo anziano seduto su una panchina.\" class=\"wp-image-808\" srcset=\"https:\/\/dryamd.info\/it\/wp-content\/uploads\/sites\/3\/2021\/05\/desk_home_image1_@2x.jpg 864w, https:\/\/dryamd.info\/it\/wp-content\/uploads\/sites\/3\/2021\/05\/desk_home_image1_@2x-300x207.jpg 300w, https:\/\/dryamd.info\/it\/wp-content\/uploads\/sites\/3\/2021\/05\/desk_home_image1_@2x-768x530.jpg 768w\" sizes=\"(max-width: 864px) 100vw, 864px\"><\/noscript><img decoding=\"async\" width=\"864\" height=\"596\" src=\"data:image\/svg+xml,%3Csvg%20xmlns%3D%22http%3A%2F%2Fwww.w3.org%2F2000%2Fsvg%22%20viewBox%3D%220%200%20864%20596%22%3E%3C%2Fsvg%3E\" alt=\"dryAMD.eu Uomo anziano seduto su una panchina.\" class=\"wp-image-808 lazyload\" srcset=\"data:image\/svg+xml,%3Csvg%20xmlns%3D%22http%3A%2F%2Fwww.w3.org%2F2000%2Fsvg%22%20viewBox%3D%220%200%20864%20596%22%3E%3C%2Fsvg%3E 864w\" sizes=\"(max-width: 864px) 100vw, 864px\" data-srcset=\"https:\/\/dryamd.info\/it\/wp-content\/uploads\/sites\/3\/2021\/05\/desk_home_image1_@2x.jpg 864w, https:\/\/dryamd.info\/it\/wp-content\/uploads\/sites\/3\/2021\/05\/desk_home_image1_@2x-300x207.jpg 300w, https:\/\/dryamd.info\/it\/wp-content\/uploads\/sites\/3\/2021\/05\/desk_home_image1_@2x-768x530.jpg 768w\" data-src=\"https:\/\/dryamd.info\/it\/wp-content\/uploads\/sites\/3\/2021\/05\/desk_home_image1_@2x.jpg\"><\/figure>\n<\/div>\n<\/div>\n\n\n\n<div class=\"wp-block-columns row mb-5 is-layout-flex wp-container-core-columns-is-layout-9d6595d7 wp-block-columns-is-layout-flex\">\n<div class=\"wp-block-column col-12 col-lg-6 is-layout-flow wp-block-column-is-layout-flow\">\n<h3 class=\"wp-block-heading\"><strong>Approfondimenti sull\u2019AMD secca avanzata<\/strong><\/h3>\n\n\n\n<p>L\u2019AMD secca avanzata \u00e8 caratterizzata da una perdita progressiva della vista che porta alla cecit\u00e0.<\/p>\n\n\n\n<div class=\"wp-block-buttons is-layout-flex wp-block-buttons-is-layout-flex\">\n<div class=\"wp-block-button has-custom-width wp-block-button__width-100\"><a class=\"wp-block-button__link wp-element-button\" href=\"https:\/\/dryamd.info\/it\/vivere-con-la-ga\/\">ULTERIORI APPROFONDIMENTI SULL\u2019AMD SECCA AVANZATA<\/a><\/div>\n<\/div>\n<\/div>\n\n\n\n<div class=\"wp-block-column col-12 col-lg-6 is-layout-flow wp-block-column-is-layout-flow\">\n<figure class=\"wp-block-image size-large\"><noscript><img decoding=\"async\" width=\"864\" height=\"596\" src=\"https:\/\/dryamd.info\/it\/wp-content\/uploads\/sites\/3\/2021\/05\/desk_home_image2_@2x.jpg\" alt=\"dryAMD.eu Advanced dry AMD - Campo visivo limitato su una strada.\" class=\"wp-image-809\" srcset=\"https:\/\/dryamd.info\/it\/wp-content\/uploads\/sites\/3\/2021\/05\/desk_home_image2_@2x.jpg 864w, https:\/\/dryamd.info\/it\/wp-content\/uploads\/sites\/3\/2021\/05\/desk_home_image2_@2x-300x207.jpg 300w, https:\/\/dryamd.info\/it\/wp-content\/uploads\/sites\/3\/2021\/05\/desk_home_image2_@2x-768x530.jpg 768w\" sizes=\"(max-width: 864px) 100vw, 864px\"><\/noscript><img decoding=\"async\" width=\"864\" height=\"596\" src=\"data:image\/svg+xml,%3Csvg%20xmlns%3D%22http%3A%2F%2Fwww.w3.org%2F2000%2Fsvg%22%20viewBox%3D%220%200%20864%20596%22%3E%3C%2Fsvg%3E\" alt=\"dryAMD.eu Advanced dry AMD - Campo visivo limitato su una strada.\" class=\"wp-image-809 lazyload\" srcset=\"data:image\/svg+xml,%3Csvg%20xmlns%3D%22http%3A%2F%2Fwww.w3.org%2F2000%2Fsvg%22%20viewBox%3D%220%200%20864%20596%22%3E%3C%2Fsvg%3E 864w\" sizes=\"(max-width: 864px) 100vw, 864px\" data-srcset=\"https:\/\/dryamd.info\/it\/wp-content\/uploads\/sites\/3\/2021\/05\/desk_home_image2_@2x.jpg 864w, https:\/\/dryamd.info\/it\/wp-content\/uploads\/sites\/3\/2021\/05\/desk_home_image2_@2x-300x207.jpg 300w, https:\/\/dryamd.info\/it\/wp-content\/uploads\/sites\/3\/2021\/05\/desk_home_image2_@2x-768x530.jpg 768w\" data-src=\"https:\/\/dryamd.info\/it\/wp-content\/uploads\/sites\/3\/2021\/05\/desk_home_image2_@2x.jpg\"><\/figure>\n<\/div>\n<\/div>\n\n\n\n<div class=\"wp-block-columns row mb-5 is-layout-flex wp-container-core-columns-is-layout-9d6595d7 wp-block-columns-is-layout-flex\">\n<div class=\"wp-block-column col-12 col-lg-6 is-layout-flow wp-block-column-is-layout-flow\">\n<h3 class=\"wp-block-heading\"><strong>Le malattie maculari legate all&#8217;et\u00e0<\/strong><\/h3>\n\n\n\n<p>La retina \u00e8 un sottile strato di tessuto sulla parete posteriore interna dell&#8217;occhio. \u00c8 soggetta a diverse malattie, quali l\u2019AMD secca avanzata.<\/p>\n\n\n\n<div class=\"wp-block-buttons is-layout-flex wp-block-buttons-is-layout-flex\">\n<div class=\"wp-block-button\"><a class=\"wp-block-button__link wp-element-button\" href=\"https:\/\/dryamd.info\/it\/cos-e-l-amd\/\">ULTERIORI INFO SULLE MALATTIE MACULARI LEGATE ALL&#8217;ET\u00c0<\/a><\/div>\n<\/div>\n<\/div>\n\n\n\n<div class=\"wp-block-column col-12 col-lg-6 is-layout-flow wp-block-column-is-layout-flow\">\n<figure class=\"wp-block-image size-large\"><noscript><img decoding=\"async\" width=\"864\" height=\"596\" src=\"https:\/\/dryamd.info\/it\/wp-content\/uploads\/sites\/3\/2021\/05\/desk_home_image3_@2x.jpg\" alt=\"dryAMD.eu Vista dettagliata delle malattie della retina.\" class=\"wp-image-810\" srcset=\"https:\/\/dryamd.info\/it\/wp-content\/uploads\/sites\/3\/2021\/05\/desk_home_image3_@2x.jpg 864w, https:\/\/dryamd.info\/it\/wp-content\/uploads\/sites\/3\/2021\/05\/desk_home_image3_@2x-300x207.jpg 300w, https:\/\/dryamd.info\/it\/wp-content\/uploads\/sites\/3\/2021\/05\/desk_home_image3_@2x-768x530.jpg 768w\" sizes=\"(max-width: 864px) 100vw, 864px\"><\/noscript><img decoding=\"async\" width=\"864\" height=\"596\" src=\"data:image\/svg+xml,%3Csvg%20xmlns%3D%22http%3A%2F%2Fwww.w3.org%2F2000%2Fsvg%22%20viewBox%3D%220%200%20864%20596%22%3E%3C%2Fsvg%3E\" alt=\"dryAMD.eu Vista dettagliata delle malattie della retina.\" class=\"wp-image-810 lazyload\" srcset=\"data:image\/svg+xml,%3Csvg%20xmlns%3D%22http%3A%2F%2Fwww.w3.org%2F2000%2Fsvg%22%20viewBox%3D%220%200%20864%20596%22%3E%3C%2Fsvg%3E 864w\" sizes=\"(max-width: 864px) 100vw, 864px\" data-srcset=\"https:\/\/dryamd.info\/it\/wp-content\/uploads\/sites\/3\/2021\/05\/desk_home_image3_@2x.jpg 864w, https:\/\/dryamd.info\/it\/wp-content\/uploads\/sites\/3\/2021\/05\/desk_home_image3_@2x-300x207.jpg 300w, https:\/\/dryamd.info\/it\/wp-content\/uploads\/sites\/3\/2021\/05\/desk_home_image3_@2x-768x530.jpg 768w\" data-src=\"https:\/\/dryamd.info\/it\/wp-content\/uploads\/sites\/3\/2021\/05\/desk_home_image3_@2x.jpg\"><\/figure>\n<\/div>\n<\/div>\n\n\n\n<h2 class=\"wp-block-heading\">Cos&#8217;\u00e8 l\u2019AMD secca avanzata o atrofia geografica?<\/h2>\n\n\n\n<p><strong>Un breve profilo<\/strong><br><br>La degenerazione maculare secca legata all&#8217;et\u00e0 \u00e8 una malattia incurabile della retina che porta alla perdita progressiva e irreversibile della vista.<sup>2,5<\/sup> Nelle persone con AMD secca avanzata le cellule sensibili alla luce, chiamate fotorecettori, si deteriorano nella macula, la parte centrale della retina responsabile della visione e della percezione dei colori.<sup>6<\/sup> Questo danno inizia sotto forma di piccole macchie che crescono diventando chiazze pi\u00f9 grandi. Man mano che le cellule della macula muoiono, la persona inizia a perdere la vista.<sup>6<\/sup> Le persone con AMD secca avanzata possono soffrire di una ridotta qualit\u00e0 della vita, compresi diversi aspetti della mobilit\u00e0 e dell\u2019indipendenza.<sup>15,16<\/sup><\/p>\n\n\n\n<div class=\"wp-block-buttons my-5 is-layout-flex wp-block-buttons-is-layout-flex\">\n<div class=\"wp-block-button\"><a class=\"wp-block-button__link wp-element-button\" href=\"https:\/\/dryamd.info\/it\/cos-e-l-amd\/\">MAGGIORI INFO SU COME FUNZIONA LA VISIONE<\/a><\/div>\n<\/div>\n\n\n\n<h2 class=\"wp-block-heading\">Sostegno alle organizzazioni di pazienti di dryAMD.info<\/h2>\n\n\n\n<p class=\"mb-5\">Questa piattaforma \u00e8 stata sviluppata in collaborazione con le seguenti organizzazioni di pazienti per garantire che soddisfi realmente le esigenze delle persone affette da degenerazione maculare legata all\u2019et\u00e0 e di chi si prende cura di loro. Vorremmo ringraziarli per il loro prezioso contributo e il loro continuo supporto.<\/p>\n\n\n\n<p>Cliccare sui link qui sotto per visitare i siti web delle organizzazioni di pazienti.<\/p>\n\n\n\n<br>\n\n\n\n<div class=\"wp-block-columns row mb-5 is-layout-flex wp-container-core-columns-is-layout-9d6595d7 wp-block-columns-is-layout-flex\">\n<div class=\"wp-block-column col-12 col-lg-6 is-layout-flow wp-block-column-is-layout-flow\"><\/div>\n<\/div>\n\n\n\n<div class=\"wp-block-columns row mb-5 is-layout-flex wp-container-core-columns-is-layout-9d6595d7 wp-block-columns-is-layout-flex\">\n<div class=\"wp-block-column col-12 col-lg-6 is-layout-flow wp-block-column-is-layout-flow\">\n<p><strong>L&#8217;Associazione Svedese Retina Pigmentosa<\/strong> \u00e8 un&#8217;associazione non governativa, basata su risorse volontarie, creata da e per persone affette da Retinite Pigmentosa (RP) e relative malattie degenerative ereditarie della retina.<\/p>\n\n\n\n<p><a href=\"https:\/\/retinanytt.se\/\" target=\"_blank\" rel=\"noreferrer noopener\" title=\"Svenska RP-f\u00f6reningen Website\">Sito web Svenska RP-foreningen<\/a><\/p>\n<\/div>\n\n\n\n<div class=\"wp-block-column col-12 col-lg-6 is-layout-flow wp-block-column-is-layout-flow\">\n<figure class=\"wp-block-image size-large is-resized\"><noscript><img decoding=\"async\" width=\"760\" height=\"500\" src=\"https:\/\/dryamd.info\/it\/wp-content\/uploads\/sites\/3\/2021\/05\/logo_swedisch_retina_@2x.jpg\" alt=\"dryAMD.eu Logo di &quot;The Swedish Retinitis Pigmentosa Association&quot;.\" class=\"wp-image-811\" style=\"width:190px;height:125px\" srcset=\"https:\/\/dryamd.info\/it\/wp-content\/uploads\/sites\/3\/2021\/05\/logo_swedisch_retina_@2x.jpg 760w, https:\/\/dryamd.info\/it\/wp-content\/uploads\/sites\/3\/2021\/05\/logo_swedisch_retina_@2x-300x197.jpg 300w\" sizes=\"(max-width: 760px) 100vw, 760px\"><\/noscript><img decoding=\"async\" width=\"760\" height=\"500\" src=\"data:image\/svg+xml,%3Csvg%20xmlns%3D%22http%3A%2F%2Fwww.w3.org%2F2000%2Fsvg%22%20viewBox%3D%220%200%20760%20500%22%3E%3C%2Fsvg%3E\" alt=\"dryAMD.eu Logo di &quot;The Swedish Retinitis Pigmentosa Association&quot;.\" class=\"wp-image-811 lazyload\" style=\"width:190px;height:125px\" srcset=\"data:image\/svg+xml,%3Csvg%20xmlns%3D%22http%3A%2F%2Fwww.w3.org%2F2000%2Fsvg%22%20viewBox%3D%220%200%20760%20500%22%3E%3C%2Fsvg%3E 760w\" sizes=\"(max-width: 760px) 100vw, 760px\" data-srcset=\"https:\/\/dryamd.info\/it\/wp-content\/uploads\/sites\/3\/2021\/05\/logo_swedisch_retina_@2x.jpg 760w, https:\/\/dryamd.info\/it\/wp-content\/uploads\/sites\/3\/2021\/05\/logo_swedisch_retina_@2x-300x197.jpg 300w\" data-src=\"https:\/\/dryamd.info\/it\/wp-content\/uploads\/sites\/3\/2021\/05\/logo_swedisch_retina_@2x.jpg\"><\/figure>\n<\/div>\n<\/div>\n\n\n\n<div class=\"wp-block-columns row mb-5 is-layout-flex wp-container-core-columns-is-layout-9d6595d7 wp-block-columns-is-layout-flex\">\n<div class=\"wp-block-column col-12 col-lg-6 is-layout-flow wp-block-column-is-layout-flow\">\n<p><strong>La Macular Society<\/strong> ha come obiettivo \u201csconfiggere la malattia maculare\u201d. A tale scopo opera per trovare una cura attraverso la ricerca a livello mondiale, fornendo i migliori consigli e sostegno alle persone colpite dalla malattia maculare e sensibilizzando sull&#8217;importanza della salute degli occhi.<\/p>\n\n\n\n<p><a href=\"https:\/\/www.macularsociety.org\/\" target=\"_blank\" rel=\"noreferrer noopener\" title=\"Macular Society Website\">Sito web della Macular Society<\/a><\/p>\n<\/div>\n\n\n\n<div class=\"wp-block-column col-12 col-lg-6 is-layout-flow wp-block-column-is-layout-flow\">\n<figure class=\"wp-block-image size-large is-resized\"><noscript><img decoding=\"async\" width=\"760\" height=\"500\" src=\"https:\/\/dryamd.info\/it\/wp-content\/uploads\/sites\/3\/2021\/05\/logo_macular_society_@2x.jpg\" alt=\"dryAMD.eu Logo della &quot;Macular Society&quot;.\" class=\"wp-image-812\" style=\"width:190px;height:125px\" srcset=\"https:\/\/dryamd.info\/it\/wp-content\/uploads\/sites\/3\/2021\/05\/logo_macular_society_@2x.jpg 760w, https:\/\/dryamd.info\/it\/wp-content\/uploads\/sites\/3\/2021\/05\/logo_macular_society_@2x-300x197.jpg 300w\" sizes=\"(max-width: 760px) 100vw, 760px\"><\/noscript><img decoding=\"async\" width=\"760\" height=\"500\" src=\"data:image\/svg+xml,%3Csvg%20xmlns%3D%22http%3A%2F%2Fwww.w3.org%2F2000%2Fsvg%22%20viewBox%3D%220%200%20760%20500%22%3E%3C%2Fsvg%3E\" alt=\"dryAMD.eu Logo della &quot;Macular Society&quot;.\" class=\"wp-image-812 lazyload\" style=\"width:190px;height:125px\" srcset=\"data:image\/svg+xml,%3Csvg%20xmlns%3D%22http%3A%2F%2Fwww.w3.org%2F2000%2Fsvg%22%20viewBox%3D%220%200%20760%20500%22%3E%3C%2Fsvg%3E 760w\" sizes=\"(max-width: 760px) 100vw, 760px\" data-srcset=\"https:\/\/dryamd.info\/it\/wp-content\/uploads\/sites\/3\/2021\/05\/logo_macular_society_@2x.jpg 760w, https:\/\/dryamd.info\/it\/wp-content\/uploads\/sites\/3\/2021\/05\/logo_macular_society_@2x-300x197.jpg 300w\" data-src=\"https:\/\/dryamd.info\/it\/wp-content\/uploads\/sites\/3\/2021\/05\/logo_macular_society_@2x.jpg\"><\/figure>\n<\/div>\n<\/div>\n\n\n\n<div class=\"wp-block-columns row mb-5 is-layout-flex wp-container-core-columns-is-layout-9d6595d7 wp-block-columns-is-layout-flex\">\n<div class=\"wp-block-column col-12 col-lg-6 is-layout-flow wp-block-column-is-layout-flow\">\n<p><strong>PRO RETINA<\/strong> \u00e8 un&#8217;organizzazione tedesca di pazienti, creata da e per persone affette da patologie retiniche ereditarie e AMD. Fondata nel 1977, conta pi\u00f9 di 6.000 membri che ricevono supporto e consigli su come affrontare la perdita della vista e vivere una vita autonoma. PRO RETINA sostiene la ricerca, sensibilizza l&#8217;opinione pubblica ed esercita un&#8217;influenza politica.<\/p>\n\n\n\n<p><a href=\"https:\/\/www.pro-retina.de\/\" target=\"_blank\" rel=\"noreferrer noopener\" title=\"PRO RETINA Deutschland Website\">Sito web PRO RETINA Deutschland<\/a><\/p>\n<\/div>\n\n\n\n<div class=\"wp-block-column col-12 col-lg-6 is-layout-flow wp-block-column-is-layout-flow\">\n<figure class=\"wp-block-image size-large is-resized\"><noscript><img decoding=\"async\" width=\"760\" height=\"500\" src=\"https:\/\/dryamd.info\/it\/wp-content\/uploads\/sites\/3\/2021\/05\/logo_pro_retina_@2x.jpg\" alt=\"dryAMD.eu Logo della &quot;PRO RETINA&quot;.\" class=\"wp-image-813\" style=\"width:190px;height:125px\" srcset=\"https:\/\/dryamd.info\/it\/wp-content\/uploads\/sites\/3\/2021\/05\/logo_pro_retina_@2x.jpg 760w, https:\/\/dryamd.info\/it\/wp-content\/uploads\/sites\/3\/2021\/05\/logo_pro_retina_@2x-300x197.jpg 300w\" sizes=\"(max-width: 760px) 100vw, 760px\"><\/noscript><img decoding=\"async\" width=\"760\" height=\"500\" src=\"data:image\/svg+xml,%3Csvg%20xmlns%3D%22http%3A%2F%2Fwww.w3.org%2F2000%2Fsvg%22%20viewBox%3D%220%200%20760%20500%22%3E%3C%2Fsvg%3E\" alt=\"dryAMD.eu Logo della &quot;PRO RETINA&quot;.\" class=\"wp-image-813 lazyload\" style=\"width:190px;height:125px\" srcset=\"data:image\/svg+xml,%3Csvg%20xmlns%3D%22http%3A%2F%2Fwww.w3.org%2F2000%2Fsvg%22%20viewBox%3D%220%200%20760%20500%22%3E%3C%2Fsvg%3E 760w\" sizes=\"(max-width: 760px) 100vw, 760px\" data-srcset=\"https:\/\/dryamd.info\/it\/wp-content\/uploads\/sites\/3\/2021\/05\/logo_pro_retina_@2x.jpg 760w, https:\/\/dryamd.info\/it\/wp-content\/uploads\/sites\/3\/2021\/05\/logo_pro_retina_@2x-300x197.jpg 300w\" data-src=\"https:\/\/dryamd.info\/it\/wp-content\/uploads\/sites\/3\/2021\/05\/logo_pro_retina_@2x.jpg\"><\/figure>\n<\/div>\n<\/div>\n\n\n\n<p class=\"resources-title\">Bibliografia:<\/p>\n\n\n\n<ol class=\"wp-block-list\">\n<li>Gehrs KM, et al. Ann Med. 2006;38(7):450-471.<\/li>\n\n\n\n<li>Fleckenstein, M. et al. The progression of geographic atrophy secondary to age-related macular degeneration. Ophthalmology 125, 369\u2013390 (2018).<\/li>\n\n\n\n<li>Sivaprasad S, et al. Ophthalmol Ther. 2019;8:115-124<\/li>\n\n\n\n<li>Kaszubski P, et al. Ophthalmic Res. 2016;55(4):185-193<\/li>\n\n\n\n<li>Boyer, D. S., Schmidt-Erfurth, U., Van Lookeren Campagne, M., Henry, E. C. &amp; Brittain, C. The pathophysiology of geographic atrophy secondary to age-related macular degeneration and the complement pathway as a therapeutic target. Retina 37, 819\u2013835 (2017).<\/li>\n\n\n\n<li>Young, R. W. Pathophysiology of age-related macular degeneration. Surv. Ophthalmol. 31, (1987).<\/li>\n\n\n\n<li>EURETINA. Retinal Diseases in Europe. PDF file. Accessed Apr. 29, 2021.<br>https:\/\/www.euretina.org\/downloads\/EURETINA_Retinal_Diseases.pdf<\/li>\n\n\n\n<li>Age-Related Macular Degeneration: Facts &amp; Figures. Bright Focus Foundation. Accessed Apr. 29, 2021. https:\/\/www.brightfocus.org\/macular\/article\/age-related-macular-facts-figures<\/li>\n\n\n\n<li>Wong WL, et al. Lancet Glob Health. 2014;2:e106-116.<\/li>\n\n\n\n<li>What is Geographic Atrophy? Bright Focus Foundation. Accessed Apr. 29, 2021. https:\/\/www.brightfocus.org\/macular\/article\/what-geographic-atrophy<\/li>\n\n\n\n<li>Ardeljan, D. &amp; Chan, C. C. Aging is not a disease: Distinguishing age-related macular degeneration from aging. Progress in Retinal and Eye Research (2013) doi:10.1016\/j.preteyeres.2013.07.003.<\/li>\n\n\n\n<li>Bear, M., Connors, B. &amp; Paradiso, M. Neuroscience: Exploring the Brain (Third Edition). Library (Lond). (2006) doi:10.1007\/BF02234670.<\/li>\n\n\n\n<li>Bonnel, S., Mohand-Said, S. &amp; Sahel, J. A. The aging of the retina. Exp. Gerontol. (2003) doi:10.1016\/S0531-5565(03)00093-7.<\/li>\n\n\n\n<li>Pennington, K. L. &amp; DeAngelis, M. M. Epidemiology of age-related macular degeneration (AMD): associations with cardiovascular disease phenotypes and lipid factors. Eye Vis. 3, (2016).<\/li>\n\n\n\n<li>Patel PJ, et al. Clin Ophthalmol. 2020;15-28<\/li>\n<\/ol>\n\n\n\n<p><\/p>\n\n\n\n<p>EU-GA-2100003<\/p>\n","protected":false},"excerpt":{"rendered":"<p>GUARDIAMO PI\u00d9 DA VICINO L&#8217;AMD SECCA AVANZATA O ATROFIA GEOGRAFICA AMD secca avanzata e atrofia geografica (GA) sono sinonimi usati per definire la forma avanzata della degenerazione maculare secca legata all&#8217;et\u00e0 (AMD secca), che \u00e8 una delle principali cause di cecit\u00e0 in tutto il mondo.1,2 Questo sito \u00e8 progettato per fornire maggiori informazioni e supporto [&hellip;]<\/p>\n","protected":false},"author":1,"featured_media":0,"parent":0,"menu_order":0,"comment_status":"closed","ping_status":"closed","template":"","meta":{"footnotes":""},"class_list":["post-1131","page","type-page","status-publish","hentry"],"aioseo_notices":[],"_links":{"self":[{"href":"https:\/\/dryamd.info\/it\/wp-json\/wp\/v2\/pages\/1131","targetHints":{"allow":["GET"]}}],"collection":[{"href":"https:\/\/dryamd.info\/it\/wp-json\/wp\/v2\/pages"}],"about":[{"href":"https:\/\/dryamd.info\/it\/wp-json\/wp\/v2\/types\/page"}],"author":[{"embeddable":true,"href":"https:\/\/dryamd.info\/it\/wp-json\/wp\/v2\/users\/1"}],"replies":[{"embeddable":true,"href":"https:\/\/dryamd.info\/it\/wp-json\/wp\/v2\/comments?post=1131"}],"version-history":[{"count":0,"href":"https:\/\/dryamd.info\/it\/wp-json\/wp\/v2\/pages\/1131\/revisions"}],"wp:attachment":[{"href":"https:\/\/dryamd.info\/it\/wp-json\/wp\/v2\/media?parent=1131"}],"curies":[{"name":"wp","href":"https:\/\/api.w.org\/{rel}","templated":true}]}}