{"id":25,"date":"2021-04-16T13:18:56","date_gmt":"2021-04-16T13:18:56","guid":{"rendered":"https:\/\/dryamd.info\/?page_id=25"},"modified":"2022-11-22T13:39:25","modified_gmt":"2022-11-22T13:39:25","slug":"vivre-avec-la-dmla-atrophique","status":"publish","type":"page","link":"https:\/\/dryamd.info\/fr\/vivre-avec-la-dmla-atrophique\/","title":{"rendered":"Vivre avec la DMLA atrophique"},"content":{"rendered":"\n<h1 class=\"bgcolor-seperate mt-5 wp-block-heading\"><strong>VIVRE AVEC LA DMLA atrophique<\/strong><\/h1>\n\n\n\n<p><strong>La pr\u00e9valence des maladies oculaires li\u00e9es \u00e0 l&rsquo;\u00e2ge, notamment la DMLA s\u00e8che avanc\u00e9e ou DMLA atrophique, devrait augmenter dans les ann\u00e9es \u00e0 venir. Actuellement, cette maladie touche plus de 5 millions de personnes dans le monde, mais sa pr\u00e9valence devrait doubler dans les 20 prochaines ann\u00e9es pour atteindre plus de 10 millions de personnes.<sup>9<\/sup><\/strong><\/p>\n\n\n\n<p>Ce site est con\u00e7u pour fournir des informations et un soutien aux personnes touch\u00e9es par la DMLA s\u00e8che avanc\u00e9e ou DMLA atrophique, ainsi qu&rsquo;\u00e0 ceux qui les soignent.<\/p>\n\n\n\n<p class=\"mb-5\">L&rsquo;infographie suivante pr\u00e9sente des faits et des informations cl\u00e9s sur la forme avanc\u00e9e de la DMLA s\u00e8che ou atrophie g\u00e9ographique. Nous avons cr\u00e9\u00e9 l&rsquo;infographie dans un certain nombre de formats afin de nous assurer que nous r\u00e9pondons aux besoins des personnes souffrant de d\u00e9ficience visuelle. Les formats alternatifs peuvent \u00eatre t\u00e9l\u00e9charg\u00e9s ci-dessous.<\/p>\n\n\n\n<div class=\"wp-block-columns row is-layout-flex wp-container-core-columns-is-layout-9d6595d7 wp-block-columns-is-layout-flex\">\n<div class=\"wp-block-column col-12 col-md-6 is-layout-flow wp-block-column-is-layout-flow\">\n<div class=\"wp-block-buttons is-layout-flex wp-block-buttons-is-layout-flex\">\n<div class=\"wp-block-button button-fix button-color-3\"><a class=\"wp-block-button__link\" href=\"https:\/\/dryamd.info\/fr\/wp-content\/uploads\/sites\/4\/2022\/03\/dryAMD_Description_de_l_infographie_Degenerescence_maculaire_liee_a_l_age.pdf\" target=\"_blank\" rel=\"noreferrer noopener\"><strong>T\u00c9L\u00c9CHARGER LA VERSION TEXTE DESCRIPTIVE POUR UTILISATION AVEC DES LECTEURS D&rsquo;\u00c9CRAN (PDF)<\/strong><\/a><\/div>\n<\/div>\n<\/div>\n\n\n\n<div class=\"wp-block-column col-0 col-md-6 is-layout-flow wp-block-column-is-layout-flow\"><\/div>\n<\/div>\n\n\n\n<div class=\"wp-block-columns row is-layout-flex wp-container-core-columns-is-layout-9d6595d7 wp-block-columns-is-layout-flex\">\n<div class=\"wp-block-column col-12 col-md-6 is-layout-flow wp-block-column-is-layout-flow\">\n<div class=\"wp-block-buttons is-layout-flex wp-block-buttons-is-layout-flex\">\n<div class=\"wp-block-button button-fix button-color-1\"><a class=\"wp-block-button__link\" href=\"https:\/\/dryamd.info\/fr\/wp-content\/uploads\/sites\/4\/2022\/03\/dryAMD_infographie_contraste_multicouleur.pdf\" target=\"_blank\" rel=\"noreferrer noopener\"><strong>T\u00c9L\u00c9CHARGER LE PDF MULTI-COULEURS \u00c0 HAUT CONTRASTE<\/strong><\/a><\/div>\n<\/div>\n<\/div>\n\n\n\n<div class=\"wp-block-column col-0 col-md-6 is-layout-flow wp-block-column-is-layout-flow\"><\/div>\n<\/div>\n\n\n\n<div class=\"wp-block-columns is-layout-flex wp-container-core-columns-is-layout-9d6595d7 wp-block-columns-is-layout-flex\">\n<div class=\"wp-block-column col-12 col-md-6 is-layout-flow wp-block-column-is-layout-flow\">\n<div class=\"wp-block-buttons is-layout-flex wp-block-buttons-is-layout-flex\">\n<div class=\"wp-block-button button-fix button-color-3\"><a class=\"wp-block-button__link\" href=\"https:\/\/dryamd.info\/fr\/wp-content\/uploads\/sites\/4\/2022\/03\/dryAMD_infographie_contraste_noir.pdf\" target=\"_blank\" rel=\"noreferrer noopener\"><strong>T\u00c9L\u00c9CHARGER LA VERSION PDF DU FOND NOIR \u00c0 HAUT CONTRASTE<\/strong><\/a><\/div>\n<\/div>\n<\/div>\n\n\n\n<div class=\"wp-block-column col-12 col-md-6 is-layout-flow wp-block-column-is-layout-flow\"><\/div>\n<\/div>\n\n\n\n<div class=\"wp-block-columns row is-layout-flex wp-container-core-columns-is-layout-9d6595d7 wp-block-columns-is-layout-flex\">\n<div class=\"wp-block-column col-12 col-md-6 is-layout-flow wp-block-column-is-layout-flow\">\n<div class=\"wp-block-buttons is-layout-flex wp-block-buttons-is-layout-flex\">\n<div class=\"wp-block-button button-fix button-color-2\"><a class=\"wp-block-button__link\" href=\"https:\/\/dryamd.info\/fr\/wp-content\/uploads\/sites\/4\/2022\/03\/dryAMD_infographie_contraste_jaune.pdf\" target=\"_blank\" rel=\"noreferrer noopener\"><strong>T\u00c9L\u00c9CHARGER LA VERSION PDF DU FOND JAUNE \u00c0 HAUT CONTRASTE<\/strong><\/a><\/div>\n<\/div>\n<\/div>\n\n\n\n<div class=\"wp-block-column col-0 col-md-6 is-layout-flow wp-block-column-is-layout-flow\"><\/div>\n<\/div>\n\n\n\n<div style=\"height:100px\" aria-hidden=\"true\" class=\"wp-block-spacer\"><\/div>\n\n\n\n<p class=\"mt-5\"><strong>Helpful resources &amp; links<\/strong><\/p>\n\n\n\n<div class=\"wp-block-buttons is-layout-flex wp-block-buttons-is-layout-flex\">\n<div class=\"wp-block-button\"><a class=\"wp-block-button__link\" href=\"https:\/\/dryamd.info\/fr\/glossaire\/\">GLOSSAIRE<\/a><\/div>\n<\/div>\n\n\n\n<p><br><\/p>\n\n\n\n<p><br><br><\/p>\n\n\n\n<p class=\"resources-title\"><\/p>\n\n\n\n<p><\/p>\n\n\n\n<p class=\"resources-title\">R\u00e9f\u00e9rences:<\/p>\n\n\n\n<ol class=\"wp-block-list\"><li>Gehrs KM, et al. Ann Med. 2006;38(7):450-471.<\/li><li>Fleckenstein, M. et al. The progression of geographic atrophy secondary to age-related macular degeneration. Ophthalmology 125, 369\u2013390 (2018).<\/li><li>Sivaprasad S, et al. Ophthalmol Ther. 2019;8:115-124<\/li><li>Kaszubski P, et al. Ophthalmic Res. 2016;55(4):185-193<\/li><li>Boyer, D. S., Schmidt-Erfurth, U., Van Lookeren Campagne, M., Henry, E. C. &amp; Brittain, C. The pathophysiology of geographic atrophy secondary to age-related macular degeneration and the complement pathway as a therapeutic target. Retina 37, 819\u2013835 (2017).<\/li><li>Young, R. W. Pathophysiology of age-related macular degeneration. Surv. Ophthalmol. 31, (1987).<\/li><li>EURETINA. Retinal Diseases in Europe. PDF file. Accessed Apr. 29, 2021.<br>https:\/\/www.euretina.org\/downloads\/EURETINA_Retinal_Diseases.pdf<\/li><li>Age-Related Macular Degeneration: Facts &amp; Figures. Bright Focus Foundation. Accessed Apr. 29, 2021. https:\/\/www.brightfocus.org\/macular\/article\/age-related-macular-facts-figures<\/li><li>Wong WL, et al. Lancet Glob Health. 2014;2:e106-116.<\/li><li>What is Geographic Atrophy? Bright Focus Foundation. Accessed Apr. 29, 2021. https:\/\/www.brightfocus.org\/macular\/article\/what-geographic-atrophy<\/li><li>Ardeljan, D. &amp; Chan, C. C. Aging is not a disease: Distinguishing age-related macular degeneration from aging. Progress in Retinal and Eye Research (2013) doi:10.1016\/j.preteyeres.2013.07.003.<\/li><li>Bear, M., Connors, B. &amp; Paradiso, M. Neuroscience: Exploring the Brain (Third Edition). Library (Lond). (2006) doi:10.1007\/BF02234670.<\/li><li>Bonnel, S., Mohand-Said, S. &amp; Sahel, J. A. The aging of the retina. Exp. Gerontol. (2003) doi:10.1016\/S0531-5565(03)00093-7.<\/li><li>Pennington, K. L. &amp; DeAngelis, M. M. Epidemiology of age-related macular degeneration (AMD): associations with cardiovascular disease phenotypes and lipid factors. Eye Vis. 3, (2016).<\/li><li>Patel PJ, et al. Clin Ophthalmol. 2020;15-28<\/li><\/ol>\n\n\n\n<p>EU-GA-2100003<\/p>\n","protected":false},"excerpt":{"rendered":"<p>VIVRE AVEC LA DMLA atrophique La pr\u00e9valence des maladies oculaires li\u00e9es \u00e0 l&rsquo;\u00e2ge, notamment la DMLA s\u00e8che avanc\u00e9e ou DMLA atrophique, devrait augmenter dans les ann\u00e9es \u00e0 venir. Actuellement, cette maladie touche plus de 5 millions de personnes dans le monde, mais sa pr\u00e9valence devrait doubler dans les 20 prochaines ann\u00e9es pour atteindre plus de [&hellip;]<\/p>\n","protected":false},"author":1,"featured_media":0,"parent":0,"menu_order":0,"comment_status":"closed","ping_status":"closed","template":"","meta":{"footnotes":""},"class_list":["post-25","page","type-page","status-publish","hentry"],"aioseo_notices":[],"_links":{"self":[{"href":"https:\/\/dryamd.info\/fr\/wp-json\/wp\/v2\/pages\/25","targetHints":{"allow":["GET"]}}],"collection":[{"href":"https:\/\/dryamd.info\/fr\/wp-json\/wp\/v2\/pages"}],"about":[{"href":"https:\/\/dryamd.info\/fr\/wp-json\/wp\/v2\/types\/page"}],"author":[{"embeddable":true,"href":"https:\/\/dryamd.info\/fr\/wp-json\/wp\/v2\/users\/1"}],"replies":[{"embeddable":true,"href":"https:\/\/dryamd.info\/fr\/wp-json\/wp\/v2\/comments?post=25"}],"version-history":[{"count":0,"href":"https:\/\/dryamd.info\/fr\/wp-json\/wp\/v2\/pages\/25\/revisions"}],"wp:attachment":[{"href":"https:\/\/dryamd.info\/fr\/wp-json\/wp\/v2\/media?parent=25"}],"curies":[{"name":"wp","href":"https:\/\/api.w.org\/{rel}","templated":true}]}}