{"id":1339,"date":"2021-12-03T14:19:12","date_gmt":"2021-12-03T14:19:12","guid":{"rendered":"https:\/\/dryamd.info\/?page_id=1339"},"modified":"2026-04-13T11:31:10","modified_gmt":"2026-04-13T11:31:10","slug":"outils","status":"publish","type":"page","link":"https:\/\/dryamd.info\/fr\/outils\/","title":{"rendered":"Outils"},"content":{"rendered":"\n<h1 class=\"wp-block-heading bgcolor-seperate mt-5\"><strong>OUTILS DE SOUTIEN<\/strong><\/h1>\n\n\n\n<div style=\"height:100px\" aria-hidden=\"true\" class=\"wp-block-spacer\"><\/div>\n\n\n\n<p>Vous trouverez sur cette page des outils de soutien utiles \u00e0 t\u00e9l\u00e9charger.<\/p>\n\n\n\n<div class=\"wp-block-buttons is-layout-flex wp-block-buttons-is-layout-flex\">\n<div class=\"wp-block-button\"><a class=\"wp-block-button__link wp-element-button\" href=\"https:\/\/dryamd.info\/fr\/wp-content\/uploads\/sites\/4\/2022\/03\/dryAMD_Grille_d_Amsler_A4.pdf\" target=\"_blank\" rel=\"noreferrer noopener\">T\u00c9L\u00c9CHARGER LA GRILLE AMSLER<\/a><\/div>\n<\/div>\n\n\n\n<div style=\"height:60px\" aria-hidden=\"true\" class=\"wp-block-spacer\"><\/div>\n\n\n\n<p>La grille d&rsquo;Amsler est un outil d&rsquo;autosurveillance essentiel<sup>1<\/sup>&nbsp;et facile \u00e0 utiliser pour d\u00e9tecter les changements pr\u00e9coces de votre vision.<\/p>\n\n\n\n<div style=\"height:100px\" aria-hidden=\"true\" class=\"wp-block-spacer\"><\/div>\n\n\n\n<div class=\"wp-block-buttons is-layout-flex wp-block-buttons-is-layout-flex\">\n<div class=\"wp-block-button\"><a class=\"wp-block-button__link wp-element-button\" href=\"https:\/\/dryamd.info\/fr\/glossaire\/\">GLOSSAIRE<\/a><\/div>\n<\/div>\n\n\n\n<div style=\"height:60px\" aria-hidden=\"true\" class=\"wp-block-spacer\"><\/div>\n\n\n\n<p><\/p>\n\n\n\n<p>R\u00e9f\u00e9rences:<\/p>\n\n\n\n<ol class=\"wp-block-list\">\n<li>Vous avez une DMLA? Save Your Sight with an Amsler Grid. Consult\u00e9 le 15 novembre 2021.<br>https:\/\/www.aao.org\/eye-health\/tips-prevention\/facts-about-amsler-grid-daily-vision-test<\/li>\n<\/ol>\n","protected":false},"excerpt":{"rendered":"<p>OUTILS DE SOUTIEN Vous trouverez sur cette page des outils de soutien utiles \u00e0 t\u00e9l\u00e9charger. La grille d&rsquo;Amsler est un outil d&rsquo;autosurveillance essentiel1&nbsp;et facile \u00e0 utiliser pour d\u00e9tecter les changements pr\u00e9coces de votre vision. R\u00e9f\u00e9rences:<\/p>\n","protected":false},"author":1,"featured_media":0,"parent":0,"menu_order":0,"comment_status":"closed","ping_status":"closed","template":"","meta":{"footnotes":""},"class_list":["post-1339","page","type-page","status-publish","hentry"],"aioseo_notices":[],"_links":{"self":[{"href":"https:\/\/dryamd.info\/fr\/wp-json\/wp\/v2\/pages\/1339","targetHints":{"allow":["GET"]}}],"collection":[{"href":"https:\/\/dryamd.info\/fr\/wp-json\/wp\/v2\/pages"}],"about":[{"href":"https:\/\/dryamd.info\/fr\/wp-json\/wp\/v2\/types\/page"}],"author":[{"embeddable":true,"href":"https:\/\/dryamd.info\/fr\/wp-json\/wp\/v2\/users\/1"}],"replies":[{"embeddable":true,"href":"https:\/\/dryamd.info\/fr\/wp-json\/wp\/v2\/comments?post=1339"}],"version-history":[{"count":0,"href":"https:\/\/dryamd.info\/fr\/wp-json\/wp\/v2\/pages\/1339\/revisions"}],"wp:attachment":[{"href":"https:\/\/dryamd.info\/fr\/wp-json\/wp\/v2\/media?parent=1339"}],"curies":[{"name":"wp","href":"https:\/\/api.w.org\/{rel}","templated":true}]}}