{"id":209,"date":"2021-04-29T13:50:51","date_gmt":"2021-04-29T13:50:51","guid":{"rendered":"https:\/\/dryamd.info\/?page_id=209"},"modified":"2022-05-12T15:05:04","modified_gmt":"2022-05-12T15:05:04","slug":"glosario","status":"publish","type":"page","link":"https:\/\/dryamd.info\/es\/glosario\/","title":{"rendered":"Glosario"},"content":{"rendered":"\n<h1 class=\"bgcolor-seperate mt-5 wp-block-heading\"><strong>GLOSARIO<\/strong><\/h1>\n\n\n\n<p><strong>Agudeza visual con baja luminosidad (AVMC)<\/strong><\/p>\n\n\n\n<p>La prueba de agudeza visual con baja luminosidad (AVMC) se utiliza para medir la funci\u00f3n visual con poca luz. Los pacientes con DMAE avanzada tienden a tener una mala agudeza visual con poca luz.<sup>3<\/sup><\/p>\n\n\n\n<p><strong>Atrofia<\/strong><\/p>\n\n\n\n<p>Tejido corporal u \u00f3rgano que se desgasta, especialmente como resultado de la degeneraci\u00f3n de las c\u00e9lulas.<sup>14<\/sup><\/p>\n\n\n\n<p><strong>Atrofia geogr\u00e1fica (AG)<\/strong><\/p>\n\n\n\n<p>La atrofia geogr\u00e1fica es un t\u00e9rmino utilizado para describir la forma avanzada seca de la degeneraci\u00f3n macular seca asociada a la edad (DMAE). Se llama atrofia geogr\u00e1fica porque la zona de degeneraci\u00f3n afectada se parece a un mapa para el oftalm\u00f3logo.<sup>12<\/sup><\/p>\n\n\n\n<p><strong>C\u00e1mara de fondo de ojo<\/strong><\/p>\n\n\n\n<p>La c\u00e1mara de fondo de ojo es un sistema de imagen digital que capta el fondo del ojo mediante un \u00fanico destello de luz. Las c\u00e1maras de fondo de ojo pueden capturar im\u00e1genes en color y monocromas de la retina.<sup>8<\/sup><\/p>\n\n\n\n<p><strong>C\u00e9lulas bipolares<\/strong><\/p>\n\n\n\n<p>Las c\u00e9lulas bipolares se encargan de transmitir los impulsos el\u00e9ctricos de los fotorreceptores a las c\u00e9lulas ganglionares, horizontales y amacrinas.<sup>1<\/sup><\/p>\n\n\n\n<p><strong>C\u00e9lulas ganglionares<\/strong><\/p>\n\n\n\n<p>Las c\u00e9lulas ganglionares reciben los impulsos el\u00e9ctricos de las c\u00e9lulas bipolares y los transmiten al cerebro. Es importante destacar que las c\u00e9lulas ganglionares son la \u00fanica fuente de salida de la retina.<sup>1<\/sup><\/p>\n\n\n\n<p><strong>C\u00f3rnea<\/strong><\/p>\n\n\n\n<p>La c\u00f3rnea es la superficie externa transparente del ojo que cubre el iris y la pupila. La c\u00f3rnea es responsable de la mayor parte de la refracci\u00f3n necesaria para enfocar la luz que entra en la retina.<sup>9<\/sup><\/p>\n\n\n\n<p><strong>Coroides<\/strong><\/p>\n\n\n\n<p>La coroides es el \u00fanico proveedor de ox\u00edgeno y nutrientes a las capas externas de la retina y es la principal v\u00eda de eliminaci\u00f3n de residuos de la retina. Dada la elevada tasa metab\u00f3lica de los fotorreceptores, la m\u00e1s alta de cualquier c\u00e9lula del cuerpo, la coroides es uno de los tejidos m\u00e1s vascularizados del organismo.<sup>17<\/sup><\/p>\n\n\n\n<p><strong>Cristalino<\/strong><\/p>\n\n\n\n<p>El cristalino es una estructura transparente situada detr\u00e1s del iris y la pupila que ayuda, adem\u00e1s de la c\u00f3rnea, a refractar la luz sobre la retina. El cristalino proporciona el poder de enfoque a trav\u00e9s de un proceso llamado acomodaci\u00f3n.<sup>9<\/sup><\/p>\n\n\n\n<p><strong>Degeneraci\u00f3n macular asociada a la edad (DMAE)<\/strong><\/p>\n\n\n\n<p>La degeneraci\u00f3n macular asociada a la edad (DMAE) es una enfermedad degenerativa que afecta a la regi\u00f3n macular de la retina, provocando una p\u00e9rdida de visi\u00f3n progresiva e irreversible.<sup>3<\/sup><\/p>\n\n\n\n<p><strong>Drusas<\/strong><\/p>\n\n\n\n<p>Las drusas son peque\u00f1os dep\u00f3sitos amarillos de prote\u00ednas grasas (l\u00edpidos) que se acumulan bajo la retina. Son una caracter\u00edstica clave de los sistemas de clasificaci\u00f3n utilizados para calificar el estadio y la gravedad de la DMAE.<sup>13<\/sup><\/p>\n\n\n\n<p><strong>Epitelio pigmentario de la retina (EPR)<\/strong><\/p>\n\n\n\n<p>El epitelio pigmentario de la retina (EPR) es una capa \u00fanica de c\u00e9lulas en la capa externa de la retina. El EPR desempe\u00f1a un papel fundamental en el mantenimiento de la funci\u00f3n visual.<sup>9<\/sup><\/p>\n\n\n\n<p><strong>Escler\u00f3tica<\/strong><\/p>\n\n\n\n<p>La escler\u00f3tica forma los gruesos tejidos fibrosos que constituyen la capa blanca exterior del ojo. Se compone de fibras de col\u00e1geno y elastina que funcionan como un tejido de soporte que protege contra los desechos y las infecciones, adem\u00e1s de proporcionar estructura al ojo.<sup>9<\/sup><\/p>\n\n\n\n<p><strong>Examen del fondo de ojo<\/strong><\/p>\n\n\n\n<p>Los ex\u00e1menes del fondo de ojo se realizan de forma rutinaria como parte de un examen ocular para evaluar la salud general de la retina, ya que muchas caracter\u00edsticas de la DMAE son visibles mediante el examen del fondo de ojo.<sup>1<\/sup><\/p>\n\n\n\n<p><strong>Fondo de ojo<\/strong><\/p>\n\n\n\n<p>El fondo de ojo es la superficie interior y posterior del ojo. Est\u00e1 formada por la retina, la m\u00e1cula, el disco \u00f3ptico, la f\u00f3vea y los vasos sangu\u00edneos.<sup>15<\/sup><\/p>\n\n\n\n<p><strong>Fotorreceptores<\/strong><\/p>\n\n\n\n<p>Los fotorreceptores son c\u00e9lulas sensoriales especiales que convierten la luz en impulsos el\u00e9ctricos.<sup>1<\/sup><\/p>\n\n\n\n<p><strong>F\u00f3vea<\/strong><\/p>\n\n\n\n<p>La f\u00f3vea es la parte del centro de la m\u00e1cula. Es la zona de mayor agudeza visual del ojo.<sup>9<\/sup><\/p>\n\n\n\n<p><strong>Humor v\u00edtreo<\/strong><\/p>\n\n\n\n<p>El humor v\u00edtreo comprende una gran parte del globo ocular. Es una sustancia transparente similar a un gel que ocupa el espacio detr\u00e1s del cristalino y en la parte posterior del ojo delante de la retina.<sup>9<\/sup><\/p>\n\n\n\n<p><strong>Iris y pupila<\/strong><\/p>\n\n\n\n<p>El iris regula la cantidad de luz que entra en el ojo al contraer o expandir la pupila.<sup>9<\/sup><\/p>\n\n\n\n<p><strong>M\u00e1cula<\/strong><\/p>\n\n\n\n<p>La m\u00e1cula es una peque\u00f1a zona pigmentada en el centro de la retina que es responsable de la visi\u00f3n central y de la percepci\u00f3n del color.<sup>9<\/sup><\/p>\n\n\n\n<p><strong>Mejor agudeza visual corregida (MAVC)<\/strong><\/p>\n\n\n\n<p>La prueba de agudeza visual mejor corregida (MAVC) se utiliza para determinar la agudeza visual foveal (o central).<sup>7<\/sup><\/p>\n\n\n\n<p><strong>Microperimetr\u00eda<\/strong><\/p>\n\n\n\n<p>La microperimetr\u00eda es una prueba de campo visual que se utiliza para mapear espacialmente la funci\u00f3n de los fotorreceptores en la m\u00e1cula.<sup>6<\/sup><\/p>\n\n\n\n<p><strong>Neovascularizaci\u00f3n coroidea<\/strong><\/p>\n\n\n\n<p>Este t\u00e9rmino describe el crecimiento de nuevos vasos sangu\u00edneos que se originan en la coroides a trav\u00e9s de una rotura de la membrana de Bruch hacia el espacio bajo el epitelio pigmentario de la retina o espacio subretiniano. La neovascularizaci\u00f3n coroidea es una de las principales causas de p\u00e9rdida visual.<sup>16<\/sup><\/p>\n\n\n\n<p><strong>Nervio \u00f3ptico<\/strong><\/p>\n\n\n\n<p>El nervio \u00f3ptico est\u00e1 formado por un haz de fibras nerviosas que se encarga de transmitir la informaci\u00f3n visual desde la retina hasta el cerebro.<sup>9<\/sup><\/p>\n\n\n\n<p><strong>Oftalmoscopia<\/strong><\/p>\n\n\n\n<p>La oftalmoscopia, o fundoscopia, se utiliza para examinar el fondo de ojo y a menudo se lleva a cabo como parte de un examen ocular rutinario.<sup>4<\/sup><\/p>\n\n\n\n<p><strong>Pruebas de diagn\u00f3stico<\/strong><\/p>\n\n\n\n<p>Las pruebas de diagn\u00f3stico por imagen se utilizan para examinar la presencia y las caracter\u00edsticas de los rasgos de la DMAE en un paciente.<sup>4<\/sup><\/p>\n\n\n\n<p><strong>Pruebas iniciales<\/strong><\/p>\n\n\n\n<p>La evaluaci\u00f3n inicial de un paciente para valorar su visi\u00f3n y buscar signos o s\u00edntomas de una enfermedad ocular, incluyendo la DMAE.<sup>4<\/sup><\/p>\n\n\n\n<p><strong>Rejilla Amsler<\/strong><\/p>\n\n\n\n<p>La rejilla de Amsler es un dispositivo utilizado para detectar la DMAE. Los pacientes se fijan con un ojo cada vez en el peque\u00f1o punto en el centro de la cuadr\u00edcula para evaluar las deficiencias en el campo visual y la detecci\u00f3n de l\u00edneas.<sup>4<\/sup><\/p>\n\n\n\n<p><strong>Retina<\/strong><\/p>\n\n\n\n<p>La retina es una fina capa de tejido situada en la parte posterior del ojo. La retina convierte la luz en impulsos el\u00e9ctricos que se env\u00edan al cerebro y se procesan para crear la visi\u00f3n.<sup>9<\/sup><\/p>\n\n\n\n<p><strong>Sistema del complemento<\/strong><\/p>\n\n\n\n<p>El sistema del complemento (o cascada de complemento) es una compleja red biol\u00f3gica que constituye un componente principal del sistema inmunitario innato. Es una de las primeras l\u00edneas de defensa contra los pat\u00f3genos invasores.<sup>11<\/sup><\/p>\n\n\n\n<p><strong>Sistema inmunitario<\/strong><\/p>\n\n\n\n<p>El sistema inmunitario es una compleja red de \u00f3rganos, c\u00e9lulas y prote\u00ednas que trabajan conjuntamente para proteger el organismo.<sup>5<\/sup><\/p>\n\n\n\n<p><strong>Sistema inmunitario adaptativo<\/strong><\/p>\n\n\n\n<p>La respuesta inmunitaria adaptativa es la segunda l\u00ednea de defensa despu\u00e9s del sistema inmunitario innato y destruye los pat\u00f3genos invasores produciendo una respuesta espec\u00edfica. Sin embargo, la respuesta inmunitaria adaptativa tarda de varios d\u00edas a semanas en desarrollarse.<sup>10<\/sup><\/p>\n\n\n\n<p><strong>Sistema inmunitario innato<\/strong><\/p>\n\n\n\n<p>El sistema inmunitario innato se compone de barreras f\u00edsicas, barreras qu\u00edmicas y respuestas inmunitarias celulares que trabajan conjuntamente para proteger el organismo.<sup>10<\/sup><\/p>\n\n\n\n<p><strong>Tomograf\u00eda de coherencia \u00f3ptica (TCO)<\/strong><\/p>\n\n\n\n<p>La tomograf\u00eda de coherencia \u00f3ptica (TCO) es una prueba que utiliza longitudes de onda largas de luz para tomar im\u00e1genes transversales r\u00e1pidas de la retina y las estructuras circundantes. La TCO permite visualizar en 2D y 3D cada una de las distintas capas de la retina para medir su grosor. El grosor de la retina puede utilizarse para identificar \u00e1reas de atrofia y controlar la progresi\u00f3n.<sup>18<\/sup><\/p>\n\n\n\n<p><br><br><br>Referencias:<\/p>\n\n\n\n<ol class=\"wp-block-list\" type=\"1\"><li>Bear, M., Connors, B. &amp; Paradiso, M. Neuroscience: Exploring the Brain (Third Edition). Library (Lond). (2006) doi:10.1007\/BF02234670.<\/li><li>Mitchell, P., Liew, G., Gopinath, B. &amp; Wong, T. Y. Age-related macular degeneration. <a href=\"http:\/\/www.thelancet.comvol\">www.thelancet.comvol<\/a>. 392 <a href=\"http:\/\/www.thelancet.com\">www.thelancet.com<\/a> (2018).<\/li><li>Fleckenstein, M. et al.The progression of geographic atrophy secondary to age-related macular degeneration. Ophthalmology125, 369\u2013390 (2018).<\/li><li>American&nbsp; Academy&nbsp; of&nbsp; Ophthalmology. Age-Related&nbsp; Macular&nbsp; Degeneration&nbsp; Preferred Practice Pattern. (2019).<\/li><li>Sattler, S. The role of the immune system beyond the fight against infection. in Advances in Experimental Medicine and Biology vol. 1003 3\u201314 (Springer New York LLC, 2017).\u00bb<\/li><li>Csaky,&nbsp; K.&nbsp; G. et&nbsp; al.Microperimetry&nbsp; for&nbsp; geographic&nbsp; atrophy&nbsp; secondary&nbsp; to&nbsp; age-related macular degeneration. Surv. Ophthalmol.64, 353\u2013364 (2019).<\/li><li>Lakshminarayanan, V. Visual acuity. in Handbook of Visual Display Technologyvol. 1 93\u201399 (Springer Berlin Heidelberg, 2012).<\/li><li>Yung, M., Klufas, M. A. &amp; Sarraf, D. Clinical applications of fundus autofluorescence in retinal disease. International Journal of Retina and Vitreous vol. 2 (2016).<\/li><li>Remington, L. A. Aqueous and Vitreous Humors. in Clinical Anatomy and Physiology ofthe Visual System 109\u2013122 (Elsevier Health Sciences, 2012). doi:10.1016\/b978-1-4377-1926-0.10006-2.\u00bb<\/li><li>Janeway, C. J., Travers, P., Walport, M. &amp; Al., E. Immunobiology: The Immune System in Health and Disease. 5th Edition. (2001).\u00bb Immune System in Health and Disease. 5th edition. (Garland Science, 2001).\u00bb<\/li><li>Merle, N. S., Noe, R., Halbwachs-Mecarelli, L., Fremeaux-Bacchi, V. &amp; Roumenina, L. T. Complement system part II: Role in immunity. Frontiers in Immunologyvol. 6 (2015).<\/li><li>What is Geographic Atrophy? Bright Focus Foundation. Accessed Apr. 29, 2021. &nbsp;https:\/\/www.brightfocus.org\/macular\/article\/what-geographic-atrophy<\/li><li>Bonnel, S., Mohand-Said, S. &amp; Sahel, J. A. The aging of the retina. Exp. Gerontol. (2003) doi:10.1016\/S0531-5565(03)00093-7.<\/li><li>Ambati, J. &amp; Fowler, B. J. Mechanisms of age-related macular degeneration. Neuron vol. 75 26\u201339 (2012).<\/li><li>American&nbsp; Academy&nbsp; of&nbsp; Ophthalmology. Fundus. Accessed Apr. 29, 2021. https:\/\/www.aao.org\/eye-health\/anatomy\/fundus<\/li><li>Elshatory, Y. Age-related macular degeneration. https:\/\/eyewiki.aao.org\/Agerelated_macular_degeneration#cite_note-34 (2019).<\/li><li>Holz, F. G. et al. Efficacy and safety of lampalizumab for geographic atrophy due to age-related macular degeneration: Chroma and spectri phase 3 randomized clinical trials. JAMA Ophthalmol. 136, 666\u2013677 (2018).<\/li><li>Holz, F. G. et al. Imaging protocols in clinical studies in advanced age-related macular degeneration: recommendations from classification of atrophy consensus Meetings. Ophthalmology 124, 464\u2013478 (2017).<\/li><\/ol>\n\n\n\n<p><br><\/p>\n\n\n\n<p><\/p>\n","protected":false},"excerpt":{"rendered":"<p>GLOSARIO Agudeza visual con baja luminosidad (AVMC) La prueba de agudeza visual con baja luminosidad (AVMC) se utiliza para medir la funci\u00f3n visual con poca luz. Los pacientes con DMAE avanzada tienden a tener una mala agudeza visual con poca luz.3 Atrofia Tejido corporal u \u00f3rgano que se desgasta, especialmente como resultado de la degeneraci\u00f3n [&hellip;]<\/p>\n","protected":false},"author":1,"featured_media":0,"parent":0,"menu_order":0,"comment_status":"closed","ping_status":"closed","template":"","meta":{"footnotes":""},"class_list":["post-209","page","type-page","status-publish","hentry"],"aioseo_notices":[],"_links":{"self":[{"href":"https:\/\/dryamd.info\/es\/wp-json\/wp\/v2\/pages\/209","targetHints":{"allow":["GET"]}}],"collection":[{"href":"https:\/\/dryamd.info\/es\/wp-json\/wp\/v2\/pages"}],"about":[{"href":"https:\/\/dryamd.info\/es\/wp-json\/wp\/v2\/types\/page"}],"author":[{"embeddable":true,"href":"https:\/\/dryamd.info\/es\/wp-json\/wp\/v2\/users\/1"}],"replies":[{"embeddable":true,"href":"https:\/\/dryamd.info\/es\/wp-json\/wp\/v2\/comments?post=209"}],"version-history":[{"count":0,"href":"https:\/\/dryamd.info\/es\/wp-json\/wp\/v2\/pages\/209\/revisions"}],"wp:attachment":[{"href":"https:\/\/dryamd.info\/es\/wp-json\/wp\/v2\/media?parent=209"}],"curies":[{"name":"wp","href":"https:\/\/api.w.org\/{rel}","templated":true}]}}