{"id":143,"date":"2021-04-22T08:53:43","date_gmt":"2021-04-22T08:53:43","guid":{"rendered":"https:\/\/dryamd.info\/?page_id=143"},"modified":"2023-05-16T15:25:11","modified_gmt":"2023-05-16T15:25:11","slug":"declaracion-de-privacidad","status":"publish","type":"page","link":"https:\/\/dryamd.info\/es\/declaracion-de-privacidad\/","title":{"rendered":"Declaraci\u00f3n de privacidad"},"content":{"rendered":"\n<h1 class=\"bgcolor-seperate mt-5 wp-block-heading\"><strong>DECLARACI\u00d3N DE PRIVACIDAD<\/strong><\/h1>\n\n\n\n<p><strong>Apellis International GmbH<\/strong>\u00a0<\/p>\n\n\n\n<p>Fecha: 1 de septiembre de 2022<\/p>\n\n\n\n<p>Apellis International GmbH, con sede en Z\u00e4hlerweg 10, 6300 Zug, Suiza (en adelante, \u201cnosotros\u201d, \u201cnos\u201d y \u201cnuestro\u201d) como responsable del tratamiento de datos de este sitio web reconoce la importancia de respetar y proteger su privacidad y se compromete a ello.<\/p>\n\n\n\n<p>Esta Declaraci\u00f3n de Privacidad se aplica a nuestra recogida y uso de datos personales a trav\u00e9s de nuestro sitio web dryamd.eu (en adelante, el \u201cSitio\u201d) y a trav\u00e9s de nuestras interacciones comerciales fuera de l\u00ednea con usted.<\/p>\n\n\n\n<p><strong>Fines para los que recogemos datos personales y nuestra base jur\u00eddica<\/strong><\/p>\n\n\n\n<p>En la siguiente tabla se describen caso por caso las categor\u00edas de los datos personales que recogemos y tratamos, el origen de la recogida, la base jur\u00eddica del tratamiento, el periodo de conservaci\u00f3n de datos y los destinatarios de sus datos personales.<\/p>\n\n\n\n<p><strong>Para proporcionarle la informaci\u00f3n que solicita a trav\u00e9s del formulario en l\u00ednea<\/strong><\/p>\n\n\n\n<p>El Sitio puede recoger informaci\u00f3n que podr\u00eda ser de car\u00e1cter personal sobre sus visitas sin que usted env\u00ede activamente dicha informaci\u00f3n.<\/p>\n\n\n\n<p>La informaci\u00f3n no identificada puede recogerse utilizando diversas tecnolog\u00edas, como las cookies.<\/p>\n\n\n\n<p>Las cookies son peque\u00f1os archivos de texto que los sitios web que usted visita almacenan en el disco duro de su ordenador.<\/p>\n\n\n\n<p>Para obtener m\u00e1s informaci\u00f3n sobre las cookies, incluido c\u00f3mo ver qu\u00e9 cookies se han instalado y c\u00f3mo gestionarlas y eliminarlas, consulte la siguiente secci\u00f3n \u201cDeclaraci\u00f3n de cookies\u201d.<\/p>\n\n\n\n<p><strong>Recogemos los siguientes datos personales sobre usted:<\/strong><\/p>\n\n\n\n<p>Sus datos personales:<\/p>\n\n\n\n<p>Direcci\u00f3n de correo electr\u00f3nico (*)<\/p>\n\n\n\n<p>Nombre y apellidos<\/p>\n\n\n\n<p>Pa\u00eds<\/p>\n\n\n\n<p>Instituci\u00f3n<\/p>\n\n\n\n<p>Direcci\u00f3n IP<\/p>\n\n\n\n<p>Su historial\/perfil de usuario (*): (p. ej., profesional sanitario, no profesional sanitario)<\/p>\n\n\n\n<p>Asunto (*).<\/p>\n\n\n\n<p>No proporcionar los datos personales marcados con un (*) impide que Apellis responda adecuadamente a su consulta o solicitud.<\/p>\n\n\n\n<p><strong>Recogemos estos datos de:<\/strong><\/p>\n\n\n\n<p>Usted.<\/p>\n\n\n\n<p><strong>Nos basamos en la siguiente base jur\u00eddica de acuerdo con el RGPD:<\/strong><\/p>\n\n\n\n<p>Su consentimiento.<\/p>\n\n\n\n<p><strong>Conservamos sus datos personales durante:<\/strong><\/p>\n\n\n\n<p>Durante la prestaci\u00f3n del servicio.<\/p>\n\n\n\n<p><strong>Compartimos sus datos personales con:<\/strong><\/p>\n\n\n\n<p>Empresas subsidiarias\/filiales y encargados del tratamiento externos como empresas de servicios de TI y alojamiento de sitios web, proveedores de conectividad (Internet).<\/p>\n\n\n\n<p><strong>Sus derechos<\/strong><\/p>\n\n\n\n<p>Puede acceder a toda la informaci\u00f3n de car\u00e1cter personal que recopilamos en l\u00ednea.<\/p>\n\n\n\n<p>Tambi\u00e9n puede exigir la eliminaci\u00f3n de sus datos personales a menos que las leyes y normativas aplicables nos obliguen a almacenarlos.<\/p>\n\n\n\n<p>Puede solicitar que se le proporcione informaci\u00f3n sobre los datos que almacenamos\/tratamos sobre usted.<\/p>\n\n\n\n<p>Adem\u00e1s, tiene derecho a que se bloqueen o eliminen datos personales, a oponerse al tratamiento de sus datos, a que se corrijan datos incorrectos y a que se transfieran sus datos a un tercero.<\/p>\n\n\n\n<p>Puede corregir errores de hecho en sus datos de car\u00e1cter personal envi\u00e1ndonos un correo electr\u00f3nico que muestre de forma cre\u00edble el error.<\/p>\n\n\n\n<p>Asimismo, tiene derecho a solicitar la correcci\u00f3n de datos personales incorrectos.<\/p>\n\n\n\n<p>Para proteger su privacidad y seguridad, tambi\u00e9n tomaremos medidas razonables para verificar su identidad antes de realizar correcciones.<\/p>\n\n\n\n<p>Si tiene otras preguntas o inquietudes sobre esta declaraci\u00f3n de privacidad o desea que se eliminen sus datos de nuestra base de datos, env\u00ede un correo electr\u00f3nico a privacy@apellis.com.<\/p>\n\n\n\n<p>Tambi\u00e9n tiene derecho a presentar una reclamaci\u00f3n ante una autoridad de control, si procede.<\/p>\n\n\n\n<p>Puede encontrar una lista de las autoridades de control de la Uni\u00f3n Europea aqu\u00ed: https:\/\/edpb.europa.eu\/about-edpb\/board\/members_en.<\/p>\n\n\n\n<p>Podemos actualizar o modificar esta declaraci\u00f3n en cualquier momento publicando la declaraci\u00f3n modificada en el Sitio.<\/p>\n\n\n\n<p><strong>Transferencias internacionales de datos<\/strong><\/p>\n\n\n\n<p>Apellis utiliza servidores y otras instalaciones de almacenamiento en los Estados Unidos y la UE.<\/p>\n\n\n\n<p>Apellis puede transferir datos personales fuera de su pa\u00eds de origen para los fines y de la manera establecidos en esta declaraci\u00f3n de privacidad, incluido el tratamiento y almacenamiento por parte de proveedores de servicios y filiales en relaci\u00f3n con dichos fines.<\/p>\n\n\n\n<p>En todas las situaciones, Apellis toma medidas razonables para garantizar que su privacidad est\u00e9 protegida.<\/p>\n\n\n\n<p>Dichas medidas incluyen, con car\u00e1cter meramente enunciativo, la implementaci\u00f3n de controles de privacidad, seguridad y contractuales, as\u00ed como las medidas indicadas en la presente declaraci\u00f3n de privacidad, seg\u00fan lo exija la legislaci\u00f3n aplicable.<\/p>\n\n\n\n<p>Apellis se esfuerza por obtener garant\u00edas de sus proveedores de servicios y filiales de que proteger\u00e1n los datos personales de conformidad con la presente declaraci\u00f3n de privacidad.<\/p>\n\n\n\n<p>Un ejemplo de garant\u00edas adecuadas que pueden proporcionar los proveedores de servicios y las filiales incluye una obligaci\u00f3n contractual de que ofrecer\u00e1n al menos el mismo nivel de protecci\u00f3n que los principios de privacidad de Apellis establecidos en esta declaraci\u00f3n de privacidad.<\/p>\n\n\n\n<p>Cuando Apellis tenga conocimiento de que un proveedor de servicios o filial est\u00e1 utilizando o divulgando datos personales de una manera contraria a esta declaraci\u00f3n de privacidad, Apellis tomar\u00e1 las medidas oportunas para evitar o detener el uso o la divulgaci\u00f3n.<\/p>\n\n\n\n<p><strong>Seguridad de sus datos personales<\/strong><\/p>\n\n\n\n<p>La seguridad de sus datos personales es importante para nosotros.<\/p>\n\n\n\n<p>Tomamos medidas razonables, incluidas garant\u00edas t\u00e9cnicas, administrativas y f\u00edsicas, dise\u00f1adas para proteger losdatos personales que recibimos contra la p\u00e9rdida, el uso indebido y el acceso, la divulgaci\u00f3n, la alteraci\u00f3n y la destrucci\u00f3n no autorizados.<\/p>\n\n\n\n<p>Dichas medidas pueden incluir, con car\u00e1cter meramente enunciativo: el cifrado de las comunicaciones a trav\u00e9s de SSL, el cifrado de la informaci\u00f3n mientras est\u00e1 almacenada, cortafuegos, controles de acceso, separaci\u00f3n de funciones y protocolos de seguridad similares.<\/p>\n\n\n\n<p>Sin embargo, ning\u00fan m\u00e9todo de seguridad o de transmisi\u00f3n por Internet es completamente seguro.<\/p>\n\n\n\n<p>Siempre debe tener cuidado al transmitir datos personales a trav\u00e9s de Internet.<\/p>\n\n\n\n<p><strong>Suplemento para la UE<\/strong><\/p>\n\n\n\n<p>En el caso de las personas del Espacio Econ\u00f3mico Europeo, Suiza o el Reino Unido, este Suplemento puede aplicarse adem\u00e1s de lo anterior.<\/p>\n\n\n\n<p>Las transferencias de sus datos personales pueden realizarse a entidades ubicadas fuera del Espacio Econ\u00f3mico Europeo, Suiza o el Reino Unido, incluidas entidades situadas en los Estados Unidos, para su tratamiento de acuerdo con los fines anteriores.<\/p>\n\n\n\n<p>Apellis implementar\u00e1 las medidas contractuales adecuadas para garantizar que las empresas pertinentes de Apellis y terceros fuera del Espacio Econ\u00f3mico Europeo, Suiza o el Reino Unido proporcionen un nivel adecuado de protecci\u00f3n de sus datos personales seg\u00fan se establece en esta declaraci\u00f3n de privacidad y seg\u00fan lo exija la legislaci\u00f3n aplicable.<\/p>\n\n\n\n<p>Para el tratamiento de los datos personales en el Espacio Econ\u00f3mico Europeo, Suiza o el Reino Unido, Apellis ha designado un delegado de protecci\u00f3n de datos responsable de supervisar nuestro cumplimiento de la legislaci\u00f3n de protecci\u00f3n de datos de la UE, con quien puede ponerse en contacto en <a href=\"mailto:privacy@apellis.com\">privacy@apellis.com<\/a> en caso de cualquier pregunta o inquietud con respecto al tratamiento de sus datos personales.<\/p>\n\n\n\n<p>Si el tratamiento de sus datos personales por parte de Apellis est\u00e1 cubierto por la legislaci\u00f3n de la UE y el Reino Unido, tambi\u00e9n puede presentar una reclamaci\u00f3n ante la autoridad de control de protecci\u00f3n de datos correspondiente en su pa\u00eds de residencia.<\/p>\n\n\n\n<p>Puede encontrar el nombre y los datos de contacto de la autoridad de control competente en http:\/\/ec.europa.eu\/justice\/data-protection\/bodies\/authorities\/index_en.htm .<\/p>\n\n\n\n<p><strong>Cont\u00e1ctenos<\/strong><\/p>\n\n\n\n<p>Antes de enviar un correo electr\u00f3nico, tenga en cuenta lo siguiente:<\/p>\n\n\n\n<p>NO notifique informaci\u00f3n relacionada con la seguridad del f\u00e1rmaco, como efectos secundarios, enviando un correo electr\u00f3nico a info@apellis.com.<\/p>\n\n\n\n<p>Si es un paciente, p\u00f3ngase en contacto con su m\u00e9dico en caso de padecer reacciones adversas.<\/p>\n\n\n\n<p>Tenga en cuenta la declaraci\u00f3n de privacidad de los datos de farmacovigilancia si notifica acontecimientos relevantes para la seguridad del f\u00e1rmaco.<\/p>\n\n\n\n<p>Si tiene alguna pregunta sobre esta Declaraci\u00f3n de privacidad o inquietudes sobre la forma en que Apellis procesa sus datos personales, o necesita ayuda para gestionar sus opciones de privacidad, p\u00f3ngase en contacto con nosotros en:<\/p>\n\n\n\n<p><strong>Apellis International GmbH<\/strong><\/p>\n\n\n\n<p>Z\u00e4hlerweg 10, 6300 Zug<\/p>\n\n\n\n<p>Suiza CH-6302<\/p>\n\n\n\n<p>Correo electr\u00f3nico: info@apellis.com<\/p>\n\n\n\n<p>Puede ponerse en contacto con nuestro delegado de protecci\u00f3n de datos de la siguiente manera:<\/p>\n\n\n\n<p>Correo electr\u00f3nico: privacy@apellis.com<\/p>\n\n\n\n<p>Puede ponerse en contacto con nuestro representante de privacidad de datos de la UE de la siguiente manera:<\/p>\n\n\n\n<p>Bufete de abogados ALG Manousakis,<\/p>\n\n\n\n<p>16, Laodikias Str., Atenas,<\/p>\n\n\n\n<p>P.O. 11528, Grecia<\/p>\n\n\n\n<p>Correo electr\u00f3nico: dataprivacy@alg.gr<\/p>\n\n\n\n<p>EU-GA-2200013<strong><br><\/strong><\/p>\n\n\n\n<p><\/p>\n","protected":false},"excerpt":{"rendered":"<p>DECLARACI\u00d3N DE PRIVACIDAD Apellis International GmbH\u00a0 Fecha: 1 de septiembre de 2022 Apellis International GmbH, con sede en Z\u00e4hlerweg 10, 6300 Zug, Suiza (en adelante, \u201cnosotros\u201d, \u201cnos\u201d y \u201cnuestro\u201d) como responsable del tratamiento de datos de este sitio web reconoce la importancia de respetar y proteger su privacidad y se compromete a ello. Esta Declaraci\u00f3n [&hellip;]<\/p>\n","protected":false},"author":1,"featured_media":0,"parent":0,"menu_order":0,"comment_status":"closed","ping_status":"closed","template":"","meta":{"footnotes":""},"class_list":["post-143","page","type-page","status-publish","hentry"],"aioseo_notices":[],"_links":{"self":[{"href":"https:\/\/dryamd.info\/es\/wp-json\/wp\/v2\/pages\/143","targetHints":{"allow":["GET"]}}],"collection":[{"href":"https:\/\/dryamd.info\/es\/wp-json\/wp\/v2\/pages"}],"about":[{"href":"https:\/\/dryamd.info\/es\/wp-json\/wp\/v2\/types\/page"}],"author":[{"embeddable":true,"href":"https:\/\/dryamd.info\/es\/wp-json\/wp\/v2\/users\/1"}],"replies":[{"embeddable":true,"href":"https:\/\/dryamd.info\/es\/wp-json\/wp\/v2\/comments?post=143"}],"version-history":[{"count":0,"href":"https:\/\/dryamd.info\/es\/wp-json\/wp\/v2\/pages\/143\/revisions"}],"wp:attachment":[{"href":"https:\/\/dryamd.info\/es\/wp-json\/wp\/v2\/media?parent=143"}],"curies":[{"name":"wp","href":"https:\/\/api.w.org\/{rel}","templated":true}]}}