{"id":139,"date":"2021-04-22T08:52:40","date_gmt":"2021-04-22T08:52:40","guid":{"rendered":"https:\/\/dryamd.info\/?page_id=139"},"modified":"2022-05-12T15:07:06","modified_gmt":"2022-05-12T15:07:06","slug":"mapa-del-sitio-web","status":"publish","type":"page","link":"https:\/\/dryamd.info\/es\/mapa-del-sitio-web\/","title":{"rendered":"Mapa del sitio web"},"content":{"rendered":"\n<h1 class=\"bgcolor-seperate mt-5 wp-block-heading\"><strong>MAPA del SITIO WEB<\/strong><\/h1>\n\n\n\n<p><\/p>\n\n\n\n<p><strong>Navegaci\u00f3n principal<\/strong><\/p>\n\n\n\n<p><a href=\"https:\/\/dryamd.info\/\" title=\"Home\"><strong>P\u00e1gina web de la DMAE avanzada seca<\/strong><\/a><\/p>\n\n\n\n<p>Presentaci\u00f3n del sitio web para los afectados por la DMAE avanzada seca o atrofia geogr\u00e1fica<\/p>\n\n\n\n<p><a href=\"https:\/\/dryamd.info\/age-related-macular-degeneration\/\" title=\"About age-related AMD\"><strong>P\u00e1gina: Sobre la degeneraci\u00f3n macular asociada a la edad<\/strong><\/a><\/p>\n\n\n\n<p>Encuentre informaci\u00f3n sobre las formas avanzadas de degeneraci\u00f3n macular asociada a la edad: DMAE seca y DMAE h\u00fameda<\/p>\n\n\n\n<p><a href=\"https:\/\/dryamd.info\/living-with-ga\/\" title=\"Living with GA\"><strong>P\u00e1gina: Vivir con atrofia geogr\u00e1fica<\/strong><\/a><\/p>\n\n\n\n<p>Descargue la infograf\u00eda en diferentes versiones para las personas que viven con ceguera sobre la DMAE avanzada <meta charset=\"utf-8\">seca<\/p>\n\n\n\n<p><a href=\"https:\/\/dryamd.info\/the-science\/\" title=\"Science of GA\"><strong>P\u00e1gina: La Ciencia de la atrofia geogr\u00e1fica<\/strong><\/a><\/p>\n\n\n\n<p>Vea los v\u00eddeos y encuentre m\u00e1s informaci\u00f3n sobre la DMAE avanzada seca o atrofia geogr\u00e1fica y la investigaci\u00f3n de posibles tratamientos<\/p>\n\n\n\n<p><\/p>\n\n\n\n<p>    <\/p>\n\n\n\n<div style=\"height:100px\" aria-hidden=\"true\" class=\"wp-block-spacer\"><\/div>\n\n\n\n<p>    <\/p>\n\n\n\n<p><strong>Apoyo a la navegaci\u00f3n<\/strong><\/p>\n\n\n\n<p><a href=\"https:\/\/dryamd.info\/es\/mapa-del-sitio-web\/\">Mapa del sitio web<\/a><\/p>\n\n\n\n<p><a href=\"https:\/\/dryamd.info\/es\/glosario\/\" title=\"Glossary\">Glosario<\/a><\/p>\n\n\n\n<p><a href=\"https:\/\/dryamd.info\/es\/pie-de-imprenta\/\" title=\"Imprint\">Pie de imprenta<\/a><\/p>\n\n\n\n<p><a href=\"https:\/\/dryamd.info\/es\/declaracion-legal\/\" title=\"Legal Statement\">Declaraci\u00f3n legal<\/a><\/p>\n\n\n\n<p><a href=\"https:\/\/dryamd.info\/es\/declaracion-de-privacidad\/\">Declaraci\u00f3n de privacidad<\/a><\/p>\n\n\n\n<div style=\"height:100px\" aria-hidden=\"true\" class=\"wp-block-spacer\"><\/div>\n\n\n\n<p>EU-GA-2100004<\/p>\n","protected":false},"excerpt":{"rendered":"<p>MAPA del SITIO WEB Navegaci\u00f3n principal P\u00e1gina web de la DMAE avanzada seca Presentaci\u00f3n del sitio web para los afectados por la DMAE avanzada seca o atrofia geogr\u00e1fica P\u00e1gina: Sobre la degeneraci\u00f3n macular asociada a la edad Encuentre informaci\u00f3n sobre las formas avanzadas de degeneraci\u00f3n macular asociada a la edad: DMAE seca y DMAE h\u00fameda [&hellip;]<\/p>\n","protected":false},"author":1,"featured_media":0,"parent":0,"menu_order":0,"comment_status":"closed","ping_status":"closed","template":"","meta":{"footnotes":""},"class_list":["post-139","page","type-page","status-publish","hentry"],"aioseo_notices":[],"_links":{"self":[{"href":"https:\/\/dryamd.info\/es\/wp-json\/wp\/v2\/pages\/139","targetHints":{"allow":["GET"]}}],"collection":[{"href":"https:\/\/dryamd.info\/es\/wp-json\/wp\/v2\/pages"}],"about":[{"href":"https:\/\/dryamd.info\/es\/wp-json\/wp\/v2\/types\/page"}],"author":[{"embeddable":true,"href":"https:\/\/dryamd.info\/es\/wp-json\/wp\/v2\/users\/1"}],"replies":[{"embeddable":true,"href":"https:\/\/dryamd.info\/es\/wp-json\/wp\/v2\/comments?post=139"}],"version-history":[{"count":0,"href":"https:\/\/dryamd.info\/es\/wp-json\/wp\/v2\/pages\/139\/revisions"}],"wp:attachment":[{"href":"https:\/\/dryamd.info\/es\/wp-json\/wp\/v2\/media?parent=139"}],"curies":[{"name":"wp","href":"https:\/\/api.w.org\/{rel}","templated":true}]}}