{"id":209,"date":"2021-04-29T13:50:51","date_gmt":"2021-04-29T11:50:51","guid":{"rendered":"https:\/\/dryamd.info\/?page_id=209"},"modified":"2022-05-12T16:49:10","modified_gmt":"2022-05-12T14:49:10","slug":"glossar","status":"publish","type":"page","link":"https:\/\/dryamd.info\/de\/glossar\/","title":{"rendered":"Glossar"},"content":{"rendered":"\n<h1 class=\"bgcolor-seperate mt-5 wp-block-heading\"><strong><strong>GLOSSAR<\/strong><\/strong><\/h1>\n\n\n\n<p><strong>Adaptives Immunsystem<\/strong><br>Die adaptive Immunabwehr ist die zweite Verteidigungslinie nach dem angeborenen Immunsystem. Sie zerst\u00f6rt eindringende Krankheitserreger, indem sie eine spezifische Reaktion erzeugt. Die adaptive Immunantwort ben\u00f6tigt jedoch einige Tage bis Wochen, um sich zu entwickeln.<sup>10<\/sup><br><strong><br><strong><strong>Altersabh\u00e4ngige Makuladegeneration (AMD)<\/strong><\/strong><\/strong><br>Die altersabh\u00e4ngige Makuladegeneration (AMD) ist eine degenerative Erkrankung, die den Makulabereich der Netzhaut betrifft und zu einem fortschreitenden, irreversiblen Verlust des Sehverm\u00f6gens f\u00fchrt.<sup>3<\/sup><br><strong><br><strong>Amsler-Gitter<\/strong><\/strong><br>Das Amsler-Gitter ist ein Instrument, das zur Erkennung einer AMD verwendet wird. Dabei fixieren die Patienten mit jeweils einem Auge den kleinen Punkt in der Mitte des Gitters, um Beeintr\u00e4chtigungen des Sehfeldes und der Linienerkennung zu bewerten.<sup>4<\/sup><\/p>\n\n\n\n<p><strong><strong>Angeborenes Immunsystem<\/strong><\/strong><br>Das angeborene Immunsystem besteht aus physikalischen und chemischen Barrieren sowie zellul\u00e4ren Immunantworten, die im Zusammenspiel den K\u00f6rper sch\u00fctzen.<sup>10<\/sup><\/p>\n\n\n\n<p><strong><strong>Atrophie<\/strong><\/strong><br>Verk\u00fcmmerung von K\u00f6rpergewebe oder eines Organs, insbesondere infolge der Degeneration von Zellen.<sup>14<\/sup><br><strong><br><strong>Bestkorrigierte Sehsch\u00e4rfe (BCVA)<\/strong><\/strong><br>Die bestkorrigierte Sehsch\u00e4rfe (BVCA) wird zur Bestimmung der fovealen (oder zentralen) Sehsch\u00e4rfe verwendet.<sup>7<\/sup><br><strong><br><strong>Bipolarzellen<\/strong><\/strong><br>Bipolarzellen sind f\u00fcr die Weiterleitung elektrischer Impulse von den Photorezeptoren zu den Ganglien-, Horizontal- und Amakrinzellen verantwortlich.<sup>1<\/sup><br><strong><br><strong>Diagnostische Tests<\/strong><\/strong><br>Diagnostische Bildgebungstests werden verwendet, um das Vorhandensein und die Eigenschaften von AMD-Merkmalen bei einem Patienten zu untersuchen.<sup>4<\/sup><br><strong><br><strong>Drusen<\/strong><\/strong><br>Drusen sind kleine gelbe Ablagerungen von Fettproteinen (Lipiden), die sich unter der Netzhaut ansammeln. Sie sind ein Hauptmerkmal von Klassifizierungssystemen zur Einstufung von Stadium und Schweregrad der AMD.<sup>13<\/sup><\/p>\n\n\n\n<p><strong><strong>Erstuntersuchung<\/strong><\/strong><br>Die erste Untersuchung, um die Sehkraft eines Patienten zu beurteilen und nach Anzeichen oder Symptomen einer Augenerkrankung wie AMD zu suchen.<sup>4<\/sup><\/p>\n\n\n\n<p><strong>Fovea<\/strong><br>Die Fovea ist der Bereich in der Mitte der Makula. Sie ist der Ort des sch\u00e4rfsten Sehens im Auge.<sup>9<\/sup><\/p>\n\n\n\n<p><strong>Fundus<\/strong><br>Der Fundus ist die innere, hintere Oberfl\u00e4che des Augapfels. Er besteht aus der Netzhaut, der Makula, dem Sehnervenkopf, der Fovea und Blutgef\u00e4\u00dfen.<sup>15<\/sup><\/p>\n\n\n\n<p><strong><strong>Funduskamera<\/strong><\/strong><br>Die Funduskamera, auch Netzhautkamera genannt, ist ein digitales Bildgebungssystem. Funduskameras k\u00f6nnen sowohl farbige als auch monochrome Bilder der Netzhaut aufnehmen.<sup>8<\/sup><br><strong><br><strong>Fundusuntersuchung<\/strong><\/strong><br>Fundusuntersuchungen werden routinem\u00e4\u00dfig als Teil einer Augenuntersuchung zur Beurteilung der allgemeinen Gesundheit der Netzhaut durchgef\u00fchrt, da viele Merkmale der AMD durch diese Untersuchung zu erkennen sind.<sup>1<\/sup><br><strong><br><strong>Ganglienzellen<\/strong><\/strong><br>Ganglienzellen empfangen elektrische Impulse von Bipolarzellen und leiten diese an das Gehirn weiter. Vor allem aber sind die Ganglienzellen die einzige Ausgangsquelle aus der Netzhaut.<sup>1<\/sup><br><strong><br><strong>Geographische Atrophie (GA)<\/strong><\/strong><br>Geographische Atrophie ist ein Begriff zur Beschreibung der fortgeschrittenen Form der trockenen altersabh\u00e4ngigen Makuladegeneration (AMD). Sie wird deshalb als geographische Atrophie bezeichnet, weil der betroffene Degenerationsbereich f\u00fcr den Augenarzt wie eine Landkarte aussieht.<sup>12<\/sup><\/p>\n\n\n\n<p><strong><strong>Glask\u00f6rper<\/strong><\/strong><br>Der Glask\u00f6rper ist die gelartige Substanz im Auge. Sie hilft dem Auge, seine kugelf\u00f6rmige Form beizubehalten und sch\u00fctzt die Netzhaut bei schnellen Augenbewegungen, indem er sie an ihrem Platz h\u00e4lt.<sup>9<\/sup><\/p>\n\n\n\n<p><strong><strong>Hornhaut<\/strong><\/strong><br>Die Hornhaut bildet die durchsichtige Au\u00dfenfl\u00e4che des Auges, die die Regenbogenhaut (Iris) und die Pupille bedeckt. Die Hornhaut leistet den Gro\u00dfteil der Brechung, die notwendig ist, um das einfallende Licht auf die Netzhaut zu fokussieren.<sup>9<\/sup><br><strong><br><strong>Immunsystem<\/strong><\/strong><br>Das Immunsystem ist ein komplexes Netzwerk von Organen, Zellen und Proteinen, die im Zusammenspiel den K\u00f6rper sch\u00fctzen.<sup>5<\/sup><br><strong><br><strong>Iris und Pupille<\/strong><\/strong><br>Die Iris oder Regenbogenhaut reguliert die Menge des ins Auge einfallenden Lichts, indem sie die Pupille verengt oder erweitert.<sup>9<\/sup><\/p>\n\n\n\n<p><strong><strong>Komplementsystem<\/strong><\/strong><br>Das Komplementsystem (auch Komplementkaskade genannt) ist ein komplexes biologisches Netzwerk und eine Hauptkomponente des angeborenen Immunsystems. Es ist eine der ersten Verteidigungslinien gegen eindringende Krankheitserreger.<sup>11<\/sup><br><strong><br><strong>Linse<\/strong><\/strong><br>Die Linse ist ein durchsichtiger K\u00f6rper hinter der Iris und der Pupille, der zus\u00e4tzlich zur Hornhaut hilft, das Licht auf die Netzhaut zu brechen. Durch einen als Akkommodation bezeichneten Prozess sorgt die Linse f\u00fcr die Fokussierungskraft.<sup>9<\/sup><br><strong><br><strong>Makula<\/strong><\/strong><br>Die Makula ist ein kleiner pigmentierter Bereich in der Mitte der Netzhaut, der f\u00fcr das zentrale Sehen und die Farbwahrnehmung verantwortlich ist.<sup>9<\/sup><br><strong><br><strong>Mikroperimetrie<\/strong><\/strong><br>Die Mikroperimetrie ist ein Test zur Bestimmung des Gesichtsfelds, mit dem die Funktion der Photorezeptoren in der Makula r\u00e4umlich abgebildet werden kann.<sup>6<\/sup><br><strong><br><strong>Ophthalmoskopie<\/strong><\/strong><br>Die Ophthalmoskopie oder Fundoskopie dient der Untersuchung des Augenhintergrunds und wird h\u00e4ufig im Rahmen einer routinem\u00e4\u00dfigen Augenuntersuchung durchgef\u00fchrt.<sup>4<\/sup><\/p>\n\n\n\n<p><strong><br><strong>Optische Koh\u00e4renztomografie (OCT)<\/strong><\/strong><br>Ein g\u00e4ngiger diagnostischer Test zur Diagnose von AMD und zur \u00dcberwachung des Fortschreitens aller Stadien der Krankheit. Die OCT ist der einzige bildgebende Test, der Informationen \u00fcber die Netzhautdicke und die Visualisierung aller Netzhautschichten liefert.<sup>4<\/sup><\/p>\n\n\n\n<p><strong><strong>Photorezeptoren<\/strong><\/strong><br>Photorezeptoren sind spezielle Sinneszellen, die Licht in elektrische Impulse umwandeln.<sup>1<\/sup><br><strong><br><strong>Retina (Netzhaut)<\/strong><\/strong><br>Die Netzhaut ist eine d\u00fcnne Gewebeschicht, die den hinteren Teil der Augenh\u00f6hle auskleidet. Die Netzhaut wandelt Licht in elektrische Impulse um, die an das Gehirn gesendet und verarbeitet werden, um das Sehen zu erzeugen.<sup>9<\/sup><br><strong><br><strong>Retinales Pigmentepithel (RPE)<\/strong><\/strong><br>Das retinale Pigmentepithel (RPE) ist eine einzelne Schicht von Zellen in der \u00e4u\u00dferen Schicht der Netzhaut. Das RPE spielt eine entscheidende Rolle bei der Aufrechterhaltung der Sehfunktion.<sup>9<\/sup><\/p>\n\n\n\n<p><strong><br><strong>Sehnerv<\/strong><\/strong><br>Der Sehnerv besteht aus einem Nervenfaserb\u00fcndel, das f\u00fcr die \u00dcbertragung der visuellen Informationen von der Netzhaut zum Gehirn verantwortlich ist.<sup>9<\/sup><\/p>\n\n\n\n<p><strong><strong>Sehsch\u00e4rfe mit geringer Leuchtdichte (LLVA)<\/strong><\/strong><br>Mithilfe eines Tests der Sehsch\u00e4rfe bei geringer Leuchtdichte (LLVA) wird die Sehfunktion bei schwachem Licht gemessen. Patienten mit fortgeschrittener AMD haben in der Regel eine schlechte Sehsch\u00e4rfe bei schwachem Licht.<sup>3<\/sup><\/p>\n\n\n\n<p><strong><strong>Sklera (Lederhaut)<\/strong><\/strong><br>Die Sklera bildet das dicke faserige Gewebe, das die \u00e4u\u00dfere Schicht des Auges ausmacht. Sie besteht aus Kollagen- und Elastinfasern, die als St\u00fctzgewebe fungieren und das Auge vor Verunreinigungen und Infektionen sch\u00fctzen sowie die Struktur des Auges gew\u00e4hrleisten.<sup>9<\/sup><br><strong><br><\/strong><\/p>\n\n\n\n<p><br><br><br>Referenzen:<\/p>\n\n\n\n<ol class=\"wp-block-list\" type=\"1\"><li>Bear, M., Connors, B. &amp; Paradiso, M. Neuroscience: Exploring the Brain (Third Edition). Library (Lond). (2006) doi:10.1007\/BF02234670.<\/li><li>Mitchell, P., Liew, G., Gopinath, B. &amp; Wong, T. Y. Age-related macular degeneration. <a href=\"http:\/\/www.thelancet.comvol\">www.thelancet.comvol<\/a>. 392 <a href=\"http:\/\/www.thelancet.com\">www.thelancet.com<\/a> (2018).<\/li><li>Fleckenstein, M. et al.The progression of geographic atrophy secondary to age-related macular degeneration. Ophthalmology125, 369\u2013390 (2018).<\/li><li>American&nbsp; Academy&nbsp; of&nbsp; Ophthalmology. Age-Related&nbsp; Macular&nbsp; Degeneration&nbsp; Preferred Practice Pattern. (2019).<\/li><li>Sattler, S. The role of the immune system beyond the fight against infection. in Advances in Experimental Medicine and Biology vol. 1003 3\u201314 (Springer New York LLC, 2017).&#8220;<\/li><li>Csaky,&nbsp; K.&nbsp; G. et&nbsp; al.Microperimetry&nbsp; for&nbsp; geographic&nbsp; atrophy&nbsp; secondary&nbsp; to&nbsp; age-related macular degeneration. Surv. Ophthalmol.64, 353\u2013364 (2019).<\/li><li>Lakshminarayanan, V. Visual acuity. in Handbook of Visual Display Technologyvol. 1 93\u201399 (Springer Berlin Heidelberg, 2012).<\/li><li>Yung, M., Klufas, M. A. &amp; Sarraf, D. Clinical applications of fundus autofluorescence in retinal disease. International Journal of Retina and Vitreous vol. 2 (2016).<\/li><li>Remington, L. A. Aqueous and Vitreous Humors. in Clinical Anatomy and Physiology ofthe Visual System 109\u2013122 (Elsevier Health Sciences, 2012). doi:10.1016\/b978-1-4377-1926-0.10006-2.&#8220;<\/li><li>Janeway, C. J., Travers, P., Walport, M. &amp; Al., E. Immunobiology: The Immune System in Health and Disease. 5th Edition. (2001).&#8220; Immune System in Health and Disease. 5th edition. (Garland Science, 2001).&#8220;<\/li><li>Merle, N. S., Noe, R., Halbwachs-Mecarelli, L., Fremeaux-Bacchi, V. &amp; Roumenina, L. T. Complement system part II: Role in immunity. Frontiers in Immunologyvol. 6 (2015).<\/li><li>What is Geographic Atrophy? Bright Focus Foundation. Accessed Apr. 29, 2021. &nbsp;https:\/\/www.brightfocus.org\/macular\/article\/what-geographic-atrophy<\/li><li>Bonnel, S., Mohand-Said, S. &amp; Sahel, J. A. The aging of the retina. Exp. Gerontol. (2003) doi:10.1016\/S0531-5565(03)00093-7.<\/li><li>Ambati, J. &amp; Fowler, B. J. Mechanisms of age-related macular degeneration. Neuron vol. 75 26\u201339 (2012).<\/li><li>American&nbsp; Academy&nbsp; of&nbsp; Ophthalmology. Fundus. Accessed Apr. 29, 2021. https:\/\/www.aao.org\/eye-health\/anatomy\/fundus<\/li><\/ol>\n\n\n\n<p><br><\/p>\n\n\n\n<p><\/p>\n","protected":false},"excerpt":{"rendered":"<p>GLOSSAR Adaptives ImmunsystemDie adaptive Immunabwehr ist die zweite Verteidigungslinie nach dem angeborenen Immunsystem. Sie zerst\u00f6rt eindringende Krankheitserreger, indem sie eine spezifische Reaktion erzeugt. Die adaptive Immunantwort ben\u00f6tigt jedoch einige Tage bis Wochen, um sich zu entwickeln.10Altersabh\u00e4ngige Makuladegeneration (AMD)Die altersabh\u00e4ngige Makuladegeneration (AMD) ist eine degenerative Erkrankung, die den Makulabereich der Netzhaut betrifft und zu einem fortschreitenden, [&hellip;]<\/p>\n","protected":false},"author":1,"featured_media":0,"parent":0,"menu_order":0,"comment_status":"closed","ping_status":"closed","template":"","meta":{"footnotes":""},"class_list":["post-209","page","type-page","status-publish","hentry"],"aioseo_notices":[],"_links":{"self":[{"href":"https:\/\/dryamd.info\/de\/wp-json\/wp\/v2\/pages\/209","targetHints":{"allow":["GET"]}}],"collection":[{"href":"https:\/\/dryamd.info\/de\/wp-json\/wp\/v2\/pages"}],"about":[{"href":"https:\/\/dryamd.info\/de\/wp-json\/wp\/v2\/types\/page"}],"author":[{"embeddable":true,"href":"https:\/\/dryamd.info\/de\/wp-json\/wp\/v2\/users\/1"}],"replies":[{"embeddable":true,"href":"https:\/\/dryamd.info\/de\/wp-json\/wp\/v2\/comments?post=209"}],"version-history":[{"count":0,"href":"https:\/\/dryamd.info\/de\/wp-json\/wp\/v2\/pages\/209\/revisions"}],"wp:attachment":[{"href":"https:\/\/dryamd.info\/de\/wp-json\/wp\/v2\/media?parent=209"}],"curies":[{"name":"wp","href":"https:\/\/api.w.org\/{rel}","templated":true}]}}