{"id":1420,"date":"2022-11-24T17:08:06","date_gmt":"2022-11-24T16:08:06","guid":{"rendered":"https:\/\/dryamd.info\/de\/?page_id=1420"},"modified":"2022-11-24T17:08:06","modified_gmt":"2022-11-24T16:08:06","slug":"cookie-erklaerung","status":"publish","type":"page","link":"https:\/\/dryamd.info\/de\/cookie-erklaerung\/","title":{"rendered":"Cookie-Erkl\u00e4rung"},"content":{"rendered":"\n<h1 class=\"wp-block-heading\">Cookie-Erkl\u00e4rung<\/h1>\n\n\n\n<p>Cookies sind Daten, die eine Website an den Webbrowser eines Benutzers \u00fcbertragen kann.<\/p>\n\n\n\n<p>Die Cookies k\u00f6nnen auf Ihrem Computer verbleiben, nachdem Sie die Website verlassen haben, aber Sie k\u00f6nnen sie mit den meisten Browsern manuell l\u00f6schen.<\/p>\n\n\n\n<p>Die meisten Webbrowser sind auf die Annahme von Cookies voreingestellt.<\/p>\n\n\n\n<p>Einige Cookies speichern Daten nur f\u00fcr die Zeit, in der Sie sich auf der Website befinden.<\/p>\n\n\n\n<p>Diese werden Sitzungscookies genannt und werden nach Verlassen der Website nicht auf Ihrem Computer gespeichert.<\/p>\n\n\n\n<p>Wenn Sie keine Cookies erhalten m\u00f6chten, k\u00f6nnen Sie Ihren Webbrowser anpassen, um Cookies abzulehnen oder Sie zu warnen, wenn Cookies verwendet werden.<\/p>\n\n\n\n<p>Die meisten Elemente dieser Website funktionieren weiterhin, wenn Sie Cookies in Ihren Webbrowser-Einstellungen deaktivieren.<\/p>\n\n\n\n<p>Wenn Sie diese Website besuchen und Ihr Browser die Standardeinstellungen verwendet und Cookies akzeptiert, stimmen Sie damit zu, dass Cookies auf dieser Website auf Ihrem Computer gespeichert werden.<\/p>\n\n\n\n<p>Wenn Sie dies nicht w\u00fcnschen, k\u00f6nnen Sie sie in den Einstellungen Ihres Browsers deaktivieren.<\/p>\n\n\n\n<p>Die folgenden Cookies werden auf der Website verwendet.<\/p>\n\n\n\n<p>Standardm\u00e4\u00dfig werden alle zul\u00e4ssigen Cookies ein Jahr lang gespeichert.<\/p>\n\n\n\n<p><strong>Verschiedene Arten von Cookies<\/strong><\/p>\n\n\n\n<p><strong>Sitzungs- und dauerhafte Cookies<\/strong><\/p>\n\n\n\n<p>Cookies k\u00f6nnen am Ende einer Browsersitzung ablaufen (von der \u00d6ffnung des Browserfensters bis zum Verlassen des Browsers) oder f\u00fcr l\u00e4ngere Zeitr\u00e4ume gespeichert werden.<\/p>\n\n\n\n<p><strong>Sitzungscookies<\/strong> \u2013 erm\u00f6glichen es Websites, die Aktionen eines Benutzers w\u00e4hrend einer Browsersitzung zu verkn\u00fcpfen.<\/p>\n\n\n\n<p>Sie k\u00f6nnen f\u00fcr eine Vielzahl von Zwecken verwendet werden, z. B. um sich daran zu erinnern, was ein Benutzer in seinen Warenkorb gelegt hat, w\u00e4hrend er auf einer Website st\u00f6bert.<\/p>\n\n\n\n<p>Diese Sitzungs-Cookies laufen nach einer Browser-Sitzung ab.<\/p>\n\n\n\n<p>Die Verwendung der sogenannten Session-Cookies (die jedenfalls nicht dauerhaft auf dem Computer des Nutzers gespeichert sind und automatisch gel\u00f6scht werden, sobald der Browser heruntergefahren wird) ist streng auf den Zweck der \u00dcbermittlung von Daten (bestehend aus vom Server erstellten Zufallszahlen) zur Identifizierung der spezifischen Sitzung beschr\u00e4nkt. Das ist notwendig, um sicheres und effizientes Website-Surfen zu erm\u00f6glichen.<\/p>\n\n\n\n<p>Die auf dieser Website verwendeten sogenannten Sitzungscookies vermeiden andere Computermethoden, die m\u00f6glicherweise die Privatsph\u00e4re \u00fcber das Websurfen der Nutzer beeintr\u00e4chtigen k\u00f6nnten.<\/p>\n\n\n\n<p><strong>Dauerhafte Cookies <\/strong>\u2013 werden auf dem Ger\u00e4t eines Benutzers zwischen Browsersitzungen gespeichert und erm\u00f6glichen es, die Pr\u00e4ferenzen oder Aktionen des Benutzers auf einer Website (oder in einigen F\u00e4llen auf verschiedenen Websites) zu speichern.<\/p>\n\n\n\n<p>Dauerhafte Cookies k\u00f6nnen f\u00fcr eine Vielzahl von Zwecken verwendet werden, einschlie\u00dflich der Erinnerung an die Pr\u00e4ferenzen und Auswahlm\u00f6glichkeiten der Benutzer bei der Nutzung einer Website.<\/p>\n\n\n\n<p><strong>Erst- und Drittanbieter-Cookies<\/strong> \u2013 unabh\u00e4ngig davon, ob es sich bei einem Cookie um einen \u201eersten\u201c oder \u201eDrittanbieter\u201c handelt, bezieht sich dies auf die Website oder Domain, die das Cookie platziert.<\/p>\n\n\n\n<p>Erstanbieter-Cookies sind grunds\u00e4tzlich Cookies, die von einer Website gesetzt werden, die vom Benutzer besucht wird \u2013 die Website, die im URL-Fenster angezeigt wird.<\/p>\n\n\n\n<p>Cookies von Drittanbietern sind Cookies von einer anderen Domain als der Domain der Website, die Sie besuchen \u2013 f\u00fcr unsere Werbe- und Marketingbem\u00fchungen sind das Cookies, die von einer anderen Domain als der Domain, die der Benutzer besucht, gesetzt werden.<\/p>\n\n\n\n<p><strong>Cookies, die wir verwenden<\/strong><\/p>\n\n\n\n<p>Wenn Sie eine Website besuchen, verwendet Apellis Cookies, um die Benutzererfahrung zu verbessern, Ihre Informationen zu sch\u00fctzen und aggregierte Statistiken zu den aus verschiedenen Gr\u00fcnden erfassten Daten zu erstellen.<\/p>\n\n\n\n<p>Genauer gesagt verwenden wir Cookies und andere Tracking-Technologien f\u00fcr die folgenden Zwecke:<\/p>\n\n\n\n<p><strong>Streng notwendige Cookies<\/strong><\/p>\n\n\n\n<p>Diese Cookies sind notwendig, damit die Website funktioniert, und k\u00f6nnen in unseren Systemen nicht ausgeschaltet werden.<\/p>\n\n\n\n<p>Sie werden in der Regel nur als Reaktion auf von Ihnen vorgenommene Aktionen festgelegt, die eine Anfrage nach Dienstleistungen darstellen, wie z. B. das Festlegen Ihrer Datenschutzeinstellungen oder das Ausf\u00fcllen von Formularen.<\/p>\n\n\n\n<p>Sie k\u00f6nnen Ihren Browser so einstellen, dass er diese Cookies blockiert oder Sie dar\u00fcber informiert, aber wenn Sie dies tun, funktionieren einige Teile der Website nicht. Diese Cookies speichern keine personenbezogenen Daten.<\/p>\n\n\n\n<figure class=\"wp-block-table\"><table class=\"has-fixed-layout\"><tbody><tr><td><strong>Cookie Name<\/strong><\/td><td>Quelle<\/td><td><strong>Verfallsdatum<\/strong><\/td><td><strong>Standard-Status<\/strong><\/td><\/tr><tr><td>cookieBanner<\/td><td>Website<\/td><td>1 Jahr<\/td><td>Hier wird die Erlaubnis zur Cookie-Nutzung gespeichert<\/td><\/tr><tr><td>-disable-{ID<\/td><td>Website<\/td><td>1 Jahr<\/td><td>Verwalted Google Analytics<\/td><\/tr><\/tbody><\/table><\/figure>\n\n\n\n<p><strong>Optionale Cookies<\/strong><\/p>\n\n\n\n<p>Optionale Cookies ausschalten\/einschalten<\/p>\n\n\n\n<p><strong>Functional cookies<\/strong><\/p>\n\n\n\n<label class=\"switch\" id=\"gaswitcher\">\n                <input type=\"checkbox\">\n                <span class=\"sliderSwitcher round\"><\/span>\n            <\/label>\n\n\n\n<p>Diese Cookies erm\u00f6glichen es der Website, erweiterte Funktionalit\u00e4t und Personalisierung bereitzustellen.<\/p>\n\n\n\n<p>Sie k\u00f6nnen von uns oder von Drittanbietern festgelegt werden, deren Dienste wir unseren Seiten hinzugef\u00fcgt haben.<\/p>\n\n\n\n<p>Wenn Sie diese Cookies nicht zulassen, funktionieren einige oder alle dieser Dienste m\u00f6glicherweise nicht ordnungsgem\u00e4\u00df.<\/p>\n\n\n\n<figure class=\"wp-block-table\"><table class=\"has-fixed-layout\"><tbody><tr><td><strong>Cookie name<\/strong><\/td><td><strong>Source<\/strong><\/td><td><strong>Expiry<\/strong><\/td><td><strong>Default status<\/strong><\/td><\/tr><tr><td>PHPSESSID<\/td><td>WordPress<\/td><td>1 Jahr<\/td><td>Verwendet von WordPress<\/td><\/tr><tr><td>csrf_token<\/td><td>WordPress<\/td><td>24 Stunden<\/td><td>Verwendet von WordPress<\/td><\/tr><\/tbody><\/table><\/figure>\n\n\n\n<p><strong>Performance-Cookies<\/strong><\/p>\n\n\n\n<label class=\"switch\" id=\"gaswitcher\">\n                <input type=\"checkbox\">\n                <span class=\"sliderSwitcher round\"><\/span>\n            <\/label>\n\n\n\n<p>Diese Cookies erm\u00f6glichen es uns, Besuche und Verkehrsquellen zu z\u00e4hlen, damit wir die Leistung unserer Website messen und verbessern k\u00f6nnen.<\/p>\n\n\n\n<p>Sie helfen uns zu wissen, welche Seiten am beliebtesten und am wenigsten beliebt sind und wie sich Besucher auf der Website bewegen.<\/p>\n\n\n\n<p>Alle Informationen, die diese Cookies sammeln, werden aggregiert und sind daher anonym.<\/p>\n\n\n\n<p>Wenn Sie diese Cookies nicht zulassen, wissen wir nicht, wann Sie unsere Website besucht haben, und k\u00f6nnen ihre Leistung nicht \u00fcberwachen.<\/p>\n\n\n\n<figure class=\"wp-block-table\"><table class=\"has-fixed-layout\"><tbody><tr><td><strong>Cookie name<\/strong><\/td><td><strong>Source<\/strong><\/td><td><strong>Expiry<\/strong><\/td><td><strong>Default status<\/strong><\/td><\/tr><tr><td>_ga<\/td><td>Google analytics<\/td><td>bis zu 2 Jahre<\/td><td>Verwendet von Google Analytics<\/td><\/tr><tr><td>_ga_ZJ8CRS7026<\/td><td>Google analytics<\/td><td>1 Monat<\/td><td>Verwendet von Google Analytics<\/td><\/tr><tr><td>_gid<\/td><td>Google analytics<\/td><td>24 Stunden<\/td><td>Verwendet von Google Analytics<\/td><\/tr><\/tbody><\/table><\/figure>\n\n\n\n<p><strong>Google Analytics<\/strong><\/p>\n\n\n\n<p>Wir verwenden Google Analytics, einen Webanalysedienst von Google, Inc. (\u201eGoogle\u201c), um Informationen dar\u00fcber zu sammeln, wie unsere Besucher unsere Website nutzen und navigieren.<\/p>\n\n\n\n<p>Google Analytics verwendet \u201eCookies\u201c, d. h. Textdateien, die auf Ihrem Computer abgelegt werden, um der Website bei der Analyse zu helfen, wie Benutzer die Website nutzen.<\/p>\n\n\n\n<p>Wir verwenden diese Informationen, um die Nutzung der Website mit der Absicht zu melden und zu analysieren, die Nutzung der Homepage f\u00fcr Besucher zu verbessern.<\/p>\n\n\n\n<p>Die durch das Cookie erzeugten Informationen \u00fcber Ihre Nutzung der Website (einschlie\u00dflich Ihrer IP-Adresse) werden an Google \u00fcbermittelt und von Google auf Servern in den Vereinigten Staaten gespeichert.<\/p>\n\n\n\n<p>Google wird diese Informationen zum Zweck der Bewertung Ihrer Nutzung der Website, der Erstellung von Berichten \u00fcber Website-Aktivit\u00e4ten f\u00fcr Website-Betreiber und der Bereitstellung anderer Dienstleistungen im Zusammenhang mit Website-Aktivit\u00e4ten und der Internetnutzung verwenden.<\/p>\n\n\n\n<p>Google kann diese Informationen auch an Dritte weitergeben, wenn dies gesetzlich vorgeschrieben ist oder wenn diese Dritten die Informationen im Namen von Google verarbeiten.<\/p>\n\n\n\n<p>Google verkn\u00fcpft Ihre IP-Adresse nicht mit anderen Daten, die Google besitzt.<\/p>\n\n\n\n<p>Sie k\u00f6nnen die Verwendung von Cookies ablehnen, indem Sie die entsprechenden Einstellungen in Ihrem Browser ausw\u00e4hlen.<\/p>\n\n\n\n<p>Bitte beachten Sie jedoch, dass Sie in diesem Fall m\u00f6glicherweise nicht die volle Funktionalit\u00e4t dieser Website nutzen k\u00f6nnen.<\/p>\n\n\n\n<p>Durch die Nutzung dieser Website stimmen Sie der Verarbeitung Ihrer Daten durch Google in der oben genannten Weise und f\u00fcr die oben genannten Zwecke zu.<\/p>\n\n\n\n<p>Weitere Informationen dar\u00fcber, wie Google Ihre Daten verarbeitet, finden Sie in der Google Datenschutzrichtlinie.<\/p>\n\n\n\n<p>Google Analytics sammelt Informationen anonym.<\/p>\n\n\n\n<p>Sie k\u00f6nnen sich jedoch von der Verfolgung durch Google Analytics auf allen Websites, die Sie verwenden, abmelden, indem Sie den Google Analytics Opt-out Browser Add-on installieren. Um sich von der Verfolgung durch Google Analytics auf allen Websites abzumelden, besuchen Sie https:\/\/tools.google.com\/dlpage\/gaoptout (kompatibel mit Chrome, Internet Explorer 8\u201311, Safari, Firefox und Opera).<\/p>\n\n\n\n<p><strong>Wie Sie unsere Cookies akzeptieren, kontrollieren und l\u00f6schen<\/strong><\/p>\n\n\n\n<p>Einige Cookies sind f\u00fcr das korrekte Funktionieren dieser Website unbedingt erforderlich und erfordern keine Zustimmung des Benutzers, wie z. B. diejenigen, die sicherstellen, dass der Inhalt einer Seite schnell und effektiv geladen wird, indem sie die Arbeitslast auf zahlreiche Computer oder andere Personen verteilen, die Sicherheit bieten.<\/p>\n\n\n\n<p>Andere Cookies sind nach wie vor vern\u00fcnftigerweise notwendig oder wichtig, aber sie sind nicht unbedingt notwendig und erfordern daher die Zustimmung des Benutzers.<\/p>\n\n\n\n<p>F\u00fcr diese Cookies (d. h. Leistung und Funktionalit\u00e4t) bitten wir Sie um Ihre Zustimmung (durch die Schaltfl\u00e4che \u201eAlle Cookies akzeptieren\u201c in unserem Cookie-Banner oder \u00fcber Ihre Browser-Cookie-Einstellungen), bevor Sie sie auf Ihrem Ger\u00e4t platzieren.<\/p>\n\n\n\n<p>Wenn Sie Ihre Einwilligung zu keinem Zeitpunkt erteilen oder Ihre Einwilligung zu nicht wesentlichen Cookies widerrufen m\u00f6chten, m\u00fcssen Sie Cookies \u00fcber Ihre Browsereinstellungen l\u00f6schen und blockieren oder deaktivieren.<\/p>\n\n\n\n<p>Diese Einstellungen finden Sie normalerweise im Men\u00fc \u201eOptionen\u201c oder \u201eEinstellungen\u201c Ihres Internetbrowsers.<\/p>\n\n\n\n<p>Andernfalls sollten Sie die Option \u201eHilfe\u201c in Ihrem Internetbrowser verwenden, um weitere Informationen zu erhalten, oder Sie k\u00f6nnen auf einen der untenstehenden Links klicken, um direkt zum Benutzerhandbuch Ihres Browsers zu gelangen:<\/p>\n\n\n\n<p>Mozilla Firefox<\/p>\n\n\n\n<p>Google Chrome<\/p>\n\n\n\n<p>Safari<\/p>\n\n\n\n<p>Opera<\/p>\n\n\n\n<p>Internet Explorer<\/p>\n\n\n\n<p>Bitte beachten Sie, dass das Deaktivieren oder Blockieren einiger oder aller Kategorien von Cookies die Funktionalit\u00e4t der Website beeintr\u00e4chtigt und sich auf Ihren Zugriff und Ihre Erfahrung mit unserer Website und den von uns angebotenen Diensten auswirken kann.<\/p>\n\n\n\n<p>Alle Ihre Cookie-Pr\u00e4ferenzen beschr\u00e4nken sich auf diese Website und nicht auf andere Websites Dritter oder andere Websites, die mit dieser Website verlinkt werden k\u00f6nnen.<\/p>\n\n\n\n<p>Weitere Informationen zu Cookies, die von diesen Websites verwendet werden, finden Sie in der spezifischen Datenschutzerkl\u00e4rung oder Cookie-Richtlinie dieser Websites.<\/p>\n\n\n\n<p><strong>Aktualisierung der Cookie-Richtlinie<\/strong><\/p>\n\n\n\n<p>Die Cookie-Richtlinie unserer Website kann regelm\u00e4\u00dfig aktualisiert werden. Daher wird empfohlen, dieses Dokument jedes Mal zu lesen, wenn Sie auf die Website zugreifen, um \u00fcber Aktualisierungen unserer Verwendung von Cookies ordnungsgem\u00e4\u00df informiert zu werden.<\/p>\n\n\n\n<p><strong>Weitere Informationen zu Cookies<\/strong><\/p>\n\n\n\n<p>Weitere Informationen zu Cookies, die \u00fcber diese Website installiert werden, erhalten Sie von unserem Datenschutzb\u00fcro unter: privacy@apellis.com<\/p>\n\n\n\n<p>Sie k\u00f6nnen auch www.aboutcookies.org oder www.allaboutcookies.org besuchen, die allgemeine Informationen \u00fcber Cookies und umfassende Informationen dar\u00fcber enthalten, wie Sie die Cookie-Einstellungen in einer Vielzahl von Browsern \u00e4ndern und Cookies von Ihrem Computer l\u00f6schen k\u00f6nnen.<\/p>\n\n\n\n<p>Zuletzt \u00fcberarbeitet: 1. September 2022<\/p>\n\n\n\n<p>EU-GA-2200013<\/p>\n","protected":false},"excerpt":{"rendered":"<p>Cookie-Erkl\u00e4rung Cookies sind Daten, die eine Website an den Webbrowser eines Benutzers \u00fcbertragen kann. Die Cookies k\u00f6nnen auf Ihrem Computer verbleiben, nachdem Sie die Website verlassen haben, aber Sie k\u00f6nnen sie mit den meisten Browsern manuell l\u00f6schen. Die meisten Webbrowser sind auf die Annahme von Cookies voreingestellt. Einige Cookies speichern Daten nur f\u00fcr die Zeit, [&hellip;]<\/p>\n","protected":false},"author":1,"featured_media":0,"parent":0,"menu_order":0,"comment_status":"closed","ping_status":"closed","template":"","meta":{"footnotes":""},"class_list":["post-1420","page","type-page","status-publish","hentry"],"aioseo_notices":[],"_links":{"self":[{"href":"https:\/\/dryamd.info\/de\/wp-json\/wp\/v2\/pages\/1420","targetHints":{"allow":["GET"]}}],"collection":[{"href":"https:\/\/dryamd.info\/de\/wp-json\/wp\/v2\/pages"}],"about":[{"href":"https:\/\/dryamd.info\/de\/wp-json\/wp\/v2\/types\/page"}],"author":[{"embeddable":true,"href":"https:\/\/dryamd.info\/de\/wp-json\/wp\/v2\/users\/1"}],"replies":[{"embeddable":true,"href":"https:\/\/dryamd.info\/de\/wp-json\/wp\/v2\/comments?post=1420"}],"version-history":[{"count":0,"href":"https:\/\/dryamd.info\/de\/wp-json\/wp\/v2\/pages\/1420\/revisions"}],"wp:attachment":[{"href":"https:\/\/dryamd.info\/de\/wp-json\/wp\/v2\/media?parent=1420"}],"curies":[{"name":"wp","href":"https:\/\/api.w.org\/{rel}","templated":true}]}}