{"id":1205,"date":"2022-01-10T15:27:30","date_gmt":"2022-01-10T14:27:30","guid":{"rendered":"https:\/\/dryamd.info\/de\/?page_id=1205"},"modified":"2022-09-22T17:22:10","modified_gmt":"2022-09-22T15:22:10","slug":"wissenschaft-von-ga-2","status":"publish","type":"page","link":"https:\/\/dryamd.info\/de\/wissenschaft-von-ga-2\/","title":{"rendered":"Wissenschaft von GA"},"content":{"rendered":"<div class=\"row m-0 sience-top-box\">\n    <div class=\"col-1\"><\/div>\n    <div class=\"col-10 p-0\">\n        <p class=\"float-left\"><strong>F\u00fcr medizinisches Fachpersonal au\u00dferhalb der Vereinigten Staaten bestimmt\n\n<\/strong><\/p>\n        <p class=\"float-right\"><strong><a href=\"https:\/\/geographicatrophy.eu\/hcplogin\/\" target=\"_blank\" rel=\"noreferrer noopener\">Login GeographicAtrophy.eu<\/a><\/strong><\/p>\n    <\/div>\n    <div class=\"col-1\"><\/div>\n<\/div>\n\n\n\n<h1 class=\"bgcolor-seperate mt-5 wp-block-heading\"><strong><strong>DIE WISSENSCHAFT DER FORTGESCHRITTENEN TROCKENEN AMD ODER GEOGRAPHISCHEN ATROPHIE<\/strong><\/strong><\/h1>\n\n\n\n<p><\/p>\n\n\n\n<h2 class=\"wp-block-heading\"><strong>Das Komplementsystem<\/strong><\/h2>\n\n\n\n<p><\/p>\n\n\n\n<p>In einer Serie von drei Videos werden das Komplementsystem, das f\u00fcr die Aktivierung des Komplementsystems wesentliche C3-Protein mit Fokus auf altersbedingte Makuladegeneration sowie die Auswirkungen auf die Netzhaut erkl\u00e4rt.<\/p>\n\n\n\n<p>Das erste Video gibt eine Einf\u00fchrung in das Komplementsystem. Dieser Bereich wird laufend aktualisiert, halten Sie Ausschau nach neuen Videos.<\/p>\n\n\n\n<figure class=\"wp-block-video\"><video controls src=\"https:\/\/dryamd.info\/de\/wp-content\/uploads\/sites\/2\/2021\/08\/dryAMD_C3-Komplementsystem_Teil1_DE-Untertitel_Video-1.mp4\"><\/video><\/figure>\n\n\n\n<div class=\"wp-block-columns is-layout-flex wp-container-core-columns-is-layout-9d6595d7 wp-block-columns-is-layout-flex\">\n<div class=\"wp-block-column col-6 is-layout-flow wp-block-column-is-layout-flow\">\n<div class=\"wp-block-columns is-layout-flex wp-container-core-columns-is-layout-9d6595d7 wp-block-columns-is-layout-flex\">\n<div class=\"wp-block-column is-layout-flow wp-block-column-is-layout-flow\">\n<div class=\"wp-block-buttons is-layout-flex wp-block-buttons-is-layout-flex\"><\/div>\n<\/div>\n\n\n\n<div class=\"wp-block-column is-layout-flow wp-block-column-is-layout-flow\"><\/div>\n<\/div>\n<\/div>\n<\/div>\n\n\n\n<div class=\"wp-block-columns row my-5 is-layout-flex wp-container-core-columns-is-layout-9d6595d7 wp-block-columns-is-layout-flex\">\n<div class=\"wp-block-column col-12 mb-5 is-layout-flow wp-block-column-is-layout-flow\">\n<h2 class=\"wp-block-heading\">Klinische Studien<\/h2>\n\n\n\n<p>Klicken Sie auf die nachfolgenden Links, um mehr \u00fcber unsere laufenden klinischen Studien zur geographischen Atrophie zu erfahren.<\/p>\n\n\n\n<p><\/p>\n\n\n\n<div class=\"wp-block-buttons is-layout-flex wp-block-buttons-is-layout-flex\">\n<div class=\"wp-block-button\"><a class=\"wp-block-button__link\" href=\"https:\/\/clinicaltrials.gov\/ct2\/show\/NCT03525600\" target=\"_blank\" rel=\"noreferrer noopener\">DERBY<\/a><\/div>\n<\/div>\n\n\n\n<p><\/p>\n\n\n\n<div class=\"wp-block-buttons is-layout-flex wp-block-buttons-is-layout-flex\">\n<div class=\"wp-block-button\"><a class=\"wp-block-button__link\" href=\"https:\/\/clinicaltrials.gov\/ct2\/show\/NCT03525613\" target=\"_blank\" rel=\"noreferrer noopener\">OAKS<\/a><\/div>\n<\/div>\n<\/div>\n<\/div>\n\n\n\n<h2 class=\"wp-block-heading\"><strong>Melden Sie sich an, um Informationen \u00fcber die geographische Atrophie herunterladen zu k\u00f6nnen<\/strong><\/h2>\n\n\n\n<p>Gerne stellen wir Ihnen eine Pr\u00e4sentation im PDF-Format mit Fakten und Zahlen zur geographischen Atrophie zu Informations- und Ausbildungszwecken zur Verf\u00fcgung. Diese Pr\u00e4sentation informiert Sie \u00fcber die Pathogenese, den Krankheitsverlauf und die Auswirkungen der geographischen Atrophie. Benutzen Sie das untenstehende Formular, um eine Ausfertigung des Informationsmaterials zu erhalten.<br>Eine Einf\u00fchrung in die geographische Atrophie<\/p>\n\n\n\n<figure class=\"wp-block-image size-large is-resized\"><noscript><img decoding=\"async\" src=\"https:\/\/dryamd.info\/de\/wp-content\/uploads\/sites\/2\/2021\/05\/20210420_HCP_Download_dryAMD_fin.jpg\" alt class=\"wp-image-664\" width=\"440\" height=\"247\" srcset=\"https:\/\/dryamd.info\/de\/wp-content\/uploads\/sites\/2\/2021\/05\/20210420_HCP_Download_dryAMD_fin.jpg 1024w, https:\/\/dryamd.info\/de\/wp-content\/uploads\/sites\/2\/2021\/05\/20210420_HCP_Download_dryAMD_fin-300x169.jpg 300w, https:\/\/dryamd.info\/de\/wp-content\/uploads\/sites\/2\/2021\/05\/20210420_HCP_Download_dryAMD_fin-768x432.jpg 768w\" sizes=\"(max-width: 440px) 100vw, 440px\"><\/noscript><img decoding=\"async\" src=\"data:image\/svg+xml,%3Csvg%20xmlns%3D%22http%3A%2F%2Fwww.w3.org%2F2000%2Fsvg%22%20viewBox%3D%220%200%20440%20247%22%3E%3C%2Fsvg%3E\" alt class=\"wp-image-664 lazyload\" width=\"440\" height=\"247\" srcset=\"data:image\/svg+xml,%3Csvg%20xmlns%3D%22http%3A%2F%2Fwww.w3.org%2F2000%2Fsvg%22%20viewBox%3D%220%200%20440%20247%22%3E%3C%2Fsvg%3E 440w\" sizes=\"(max-width: 440px) 100vw, 440px\" data-srcset=\"https:\/\/dryamd.info\/de\/wp-content\/uploads\/sites\/2\/2021\/05\/20210420_HCP_Download_dryAMD_fin.jpg 1024w, https:\/\/dryamd.info\/de\/wp-content\/uploads\/sites\/2\/2021\/05\/20210420_HCP_Download_dryAMD_fin-300x169.jpg 300w, https:\/\/dryamd.info\/de\/wp-content\/uploads\/sites\/2\/2021\/05\/20210420_HCP_Download_dryAMD_fin-768x432.jpg 768w\" data-src=\"https:\/\/dryamd.info\/de\/wp-content\/uploads\/sites\/2\/2021\/05\/20210420_HCP_Download_dryAMD_fin.jpg\"><\/figure>\n\n\n<!-- HTML Forms v1.6.4 - https:\/\/wordpress.org\/plugins\/html-forms\/ -->\n<form method=\"post\" class=\"hf-form hf-form-76 \" data-id=\"76\" data-title=\"Science - Contact Form\" data-slug=\"science-contact-form\" data-message-success=\"Vielen Dank f\u00fcr Ihre Einreichung. Den Link zum PDF erhalten Sie in K\u00fcrze. Bitte \u00fcberpr\u00fcfen Sie Ihren Spam-Ordner.\" data-message-invalid-email=\"Bitte geben Sie eine g\u00fcltige E-Mail-Adresse ein. \" data-message-required-field-missing=\"Bitte f\u00fclle die notwendigen Felder aus.\" data-message-error=\"Hoppla. Ein Fehler ist aufgetreten.\" data-message-recaptcha-failed=\"reCAPTCHA verification failed. Please try again.\" data-message-recaptcha-low-score=\"Your submission appears to be spam. Please try again.\"><input type=\"hidden\" name=\"_hf_form_id\" value=\"76\"><div style=\"display: none;\"><input type=\"text\" name=\"_hf_h76\" value><\/div><div class=\"hf-fields-wrap\"><script src=\"https:\/\/www.google.com\/recaptcha\/api.js\"><\/script>\n\n<!-- Modal -->\n<div class=\"modal fade\" id=\"exampleModal\" tabindex=\"-1\" role=\"dialog\" aria-labelledby=\"exampleModalLabel\" aria-hidden=\"true\">\n  <div class=\"modal-dialog modal-dialog-centered\" role=\"document\">\n    <div class=\"modal-content\">\n      <div class=\"modal-header\">\n        <h5 class=\"modal-title\" id=\"exampleModalLabel\">Best\u00e4tigung<\/h5>\n      <\/div>\n      <div class=\"modal-body\">\n        Nur f\u00fcr medizinisches Fachpersonal bestimmt.\n      <\/div>\n      <div class=\"modal-footer\">\n        <button type=\"button\" class=\"btn btn-secondary\" data-target=\"#exampleModal\" data-dismiss=\"modal\">Ich verstehe<\/button>\n      <\/div>\n    <\/div>\n  <\/div>\n<\/div>\n\n<div class=\"mb-3\">\n   <input placeholder=\"Email*\" type=\"email\" class=\"form-control\" required name=\"email\" id=\"email\" aria-describedby=\"emailHelp\">\n<\/div>\n<div class=\"mb-3\">\n   <select class=\"form-select\" required id=\"subject\" name=\"subject\">\n      <option selected>Thema w\u00e4hlen*<\/option>\n      <option value=\"download_GA_deck\">Geografische Atrophie \u2013 Info zum Herunterladen<\/option>\n   <\/select>\n<\/div>\n<div class=\"my-5\">\n   <div class=\"form-check\">\n      <input class=\"form-check-input\" required type=\"radio\" name=\"professional\" id=\"professional1\">\n      <label class=\"form-check-label\" for=\"flexRadioDefault1\">\n      Ich bin medizinische Fachkraft\n      <\/label>\n   <\/div>\n   <div class=\"form-check\">\n      <input data-toggle=\"modal\" data-target=\"#exampleModal\" class=\"form-check-input\" required type=\"radio\" name=\"professional\" id=\"professional2\">\n      <label class=\"form-check-label\" for=\"flexRadioDefault2\">\n      Ich bin keine medizinische Fachkraft\n      <\/label>\n   <\/div>\n<\/div>\n<div class=\"mb-3 py-2\">\n   <p class=\"form-check-label\">\n      Datenschutzhinweise und Einverst\u00e4ndnis\n      <br><br>\n      Ich erkl\u00e4re mich damit einverstanden, dass die Firma Apellis und ihre verbundenen Unternehmen die in diesem Anmeldeformular angegebenen personenbezogenen Daten speichern und verwenden d\u00fcrfen. Es ist mir bekannt, dass Apellis die von mir bereitgestellten Informationen dazu verwenden kann, mir Informationen und damit verbundene Dienstleistungen \u00fcber geografische Atrophie zukommen zu lassen. Mit der Einreichung dieses Formulars stimme ich diesen Verwendungszwecken zu und best\u00e4tige, dass ich <a href=\"https:\/\/dryamd.info\/legal-statement\/\" target=\"_blank\">die Allgemeinen Gesch\u00e4ftsbedingungen<\/a>, die Einverst\u00e4ndniserkl\u00e4rung und <a href=\"https:\/\/dryamd.info\/privacy-statement\/\" target=\"_blank\">die Datenschutzerkl\u00e4rung<\/a> von Apellis gelesen habe und mich damit einverstanden erkl\u00e4re.\n   <\/p>\n<\/div>\n<div class=\"mb-3\">\n   <div class=\"form-check\">\n      <input name=\"allow\" required class=\"form-check-input\" type=\"checkbox\" value=\"1\" id=\"flexCheckDefault\">\n      <label class=\"form-check-label\" for=\"flexCheckDefault\">\n      <strong>\n        Ich erlaube der Firma Apellis und ihren verbundenen Unternehmen, mir aktuelle Informationen zu Bildungsveranstaltungen und andere wissenschaftliche Informationen zu senden.\n      <\/strong>  \n      <\/label>\n   <\/div>\n<\/div>\n<div class=\"my-4 text-right\">\n   <button class=\"g-recaptcha\" data-sitekey=\"6LeVNrEaAAAAAFsCCQ5cqBQfyJfRwIXdVj_7tEee\" data-callback=\"onSubmit\" data-action=\"submit\">SENDEN<\/button>\n<\/div>\n\n<input id=\"btnSubmit\" type=\"submit\" value=\"send\" class=\"d-none\">\n\n<input type=\"hidden\" name=\"recaptcha_token\" id=\"recaptcha_token\">\n<script>\n   function onSubmit(token) {\n     if ( token ) {\n\t     $('#recaptcha_token').val(token);\n\t\t $('#btnSubmit').click();\n     }\n   }\n  $('[data-toggle=\"modal\"]').click(function(){\n    const target = $(this).attr(\"data-target\");\n    console.log(\"target:\",target);\n    $(target).modal('show');\n  });\n  $('[data-dismiss=\"modal\"]').click(function(){\n    const target = $(this).attr(\"data-target\");\n    console.log(\"target:\",target);\n    $(target).modal('hide');\n  });\n  \n<\/script><noscript>Damit dieses Formular funktioniert bitte JavaScript aktivieren.<\/noscript><\/div><\/form><!-- \/ HTML Forms -->\n\n\n<p class=\"resources-title\"><\/p>\n\n\n\n<p>EU-GA-2100003<\/p>\n","protected":false},"excerpt":{"rendered":"<p>F\u00fcr medizinisches Fachpersonal au\u00dferhalb der Vereinigten Staaten bestimmt Login GeographicAtrophy.eu DIE WISSENSCHAFT DER FORTGESCHRITTENEN TROCKENEN AMD ODER GEOGRAPHISCHEN ATROPHIE Das Komplementsystem In einer Serie von drei Videos werden das Komplementsystem, das f\u00fcr die Aktivierung des Komplementsystems wesentliche C3-Protein mit Fokus auf altersbedingte Makuladegeneration sowie die Auswirkungen auf die Netzhaut erkl\u00e4rt. Das erste Video gibt eine [&hellip;]<\/p>\n","protected":false},"author":1,"featured_media":0,"parent":0,"menu_order":0,"comment_status":"closed","ping_status":"closed","template":"","meta":{"footnotes":""},"class_list":["post-1205","page","type-page","status-publish","hentry"],"aioseo_notices":[],"_links":{"self":[{"href":"https:\/\/dryamd.info\/de\/wp-json\/wp\/v2\/pages\/1205","targetHints":{"allow":["GET"]}}],"collection":[{"href":"https:\/\/dryamd.info\/de\/wp-json\/wp\/v2\/pages"}],"about":[{"href":"https:\/\/dryamd.info\/de\/wp-json\/wp\/v2\/types\/page"}],"author":[{"embeddable":true,"href":"https:\/\/dryamd.info\/de\/wp-json\/wp\/v2\/users\/1"}],"replies":[{"embeddable":true,"href":"https:\/\/dryamd.info\/de\/wp-json\/wp\/v2\/comments?post=1205"}],"version-history":[{"count":0,"href":"https:\/\/dryamd.info\/de\/wp-json\/wp\/v2\/pages\/1205\/revisions"}],"wp:attachment":[{"href":"https:\/\/dryamd.info\/de\/wp-json\/wp\/v2\/media?parent=1205"}],"curies":[{"name":"wp","href":"https:\/\/api.w.org\/{rel}","templated":true}]}}