{"id":1190,"date":"2021-12-15T12:14:24","date_gmt":"2021-12-15T11:14:24","guid":{"rendered":"https:\/\/dryamd.info\/de\/?page_id=1190"},"modified":"2022-04-06T13:39:20","modified_gmt":"2022-04-06T11:39:20","slug":"hilfsmittel","status":"publish","type":"page","link":"https:\/\/dryamd.info\/de\/hilfsmittel\/","title":{"rendered":"Hilfsmittel"},"content":{"rendered":"\n<h1 class=\"bgcolor-seperate mt-5 wp-block-heading\"><strong>Hilfsmittel im Umgang mit AMD <\/strong> <\/h1>\n\n\n\n<p>Auf dieser Seite finden Sie hilfreiche Ressourcen zum Herunterladen.<\/p>\n\n\n\n<div style=\"height:50px\" aria-hidden=\"true\" class=\"wp-block-spacer\"><\/div>\n\n\n\n<div class=\"wp-block-buttons is-layout-flex wp-block-buttons-is-layout-flex\">\n<div class=\"wp-block-button\"><a class=\"wp-block-button__link\" href=\"https:\/\/dryamd.info\/de\/wp-content\/uploads\/sites\/2\/2021\/12\/211215_dryAMD-eu_Amsler_grid_A4_DE.pdf\" target=\"_blank\" rel=\"noreferrer noopener\">AMSLER-GITTER HERUNTERLADEN<\/a><\/div>\n<\/div>\n\n\n\n<div style=\"height:50px\" aria-hidden=\"true\" class=\"wp-block-spacer\"><\/div>\n\n\n\n<p>Ein Amsler-Gitter ist ein unverzichtbares<sup>1<\/sup> und benutzerfreundliches Hilfsmittel, mit dem Sie fr\u00fchzeitig Ver\u00e4nderungen Ihrer Sehkraft erkennen k\u00f6nnen.<\/p>\n\n\n\n<div style=\"height:100px\" aria-hidden=\"true\" class=\"wp-block-spacer\"><\/div>\n\n\n\n<p><strong><strong>Hilfreiche Ressourcen und Links<\/strong><\/strong><\/p>\n\n\n\n<div class=\"wp-block-buttons is-layout-flex wp-block-buttons-is-layout-flex\">\n<div class=\"wp-block-button\"><a class=\"wp-block-button__link\" href=\"https:\/\/dryamd.info\/de\/glossar\/\"><strong>GLOSSAR<\/strong><\/a><\/div>\n<\/div>\n\n\n\n<p><br><\/p>\n\n\n\n<p><\/p>\n\n\n\n<p class=\"resources-title\"><\/p>\n\n\n\n<p class=\"resources-title\">Referenzen:<\/p>\n\n\n\n<ol class=\"wp-block-list\"><li>Have AMD? Save Your Sight with an Amsler Grid. Accessed Nov. 15, 2021.<\/li><li>https:\/\/www.aao.org\/eye-health\/tips-prevention\/facts-about-amsler-grid-daily-vision-test<\/li><\/ol>\n\n\n\n<p>EU-GA-2100012<\/p>\n\n\n<p><!-- \/wp:post-content --><\/p>\n<p><!-- wp:paragraph --><\/p>\n<p><!-- \/wp:paragraph --><\/p>","protected":false},"excerpt":{"rendered":"<p>Hilfsmittel im Umgang mit AMD Auf dieser Seite finden Sie hilfreiche Ressourcen zum Herunterladen. Ein Amsler-Gitter ist ein unverzichtbares1 und benutzerfreundliches Hilfsmittel, mit dem Sie fr\u00fchzeitig Ver\u00e4nderungen Ihrer Sehkraft erkennen k\u00f6nnen. Hilfreiche Ressourcen und Links Referenzen: Have AMD? Save Your Sight with an Amsler Grid. Accessed Nov. 15, 2021. https:\/\/www.aao.org\/eye-health\/tips-prevention\/facts-about-amsler-grid-daily-vision-test EU-GA-2100012<\/p>\n","protected":false},"author":1,"featured_media":0,"parent":0,"menu_order":0,"comment_status":"closed","ping_status":"closed","template":"","meta":{"footnotes":""},"class_list":["post-1190","page","type-page","status-publish","hentry"],"aioseo_notices":[],"_links":{"self":[{"href":"https:\/\/dryamd.info\/de\/wp-json\/wp\/v2\/pages\/1190","targetHints":{"allow":["GET"]}}],"collection":[{"href":"https:\/\/dryamd.info\/de\/wp-json\/wp\/v2\/pages"}],"about":[{"href":"https:\/\/dryamd.info\/de\/wp-json\/wp\/v2\/types\/page"}],"author":[{"embeddable":true,"href":"https:\/\/dryamd.info\/de\/wp-json\/wp\/v2\/users\/1"}],"replies":[{"embeddable":true,"href":"https:\/\/dryamd.info\/de\/wp-json\/wp\/v2\/comments?post=1190"}],"version-history":[{"count":0,"href":"https:\/\/dryamd.info\/de\/wp-json\/wp\/v2\/pages\/1190\/revisions"}],"wp:attachment":[{"href":"https:\/\/dryamd.info\/de\/wp-json\/wp\/v2\/media?parent=1190"}],"curies":[{"name":"wp","href":"https:\/\/api.w.org\/{rel}","templated":true}]}}